{"id":14303,"date":"2024-03-25T13:40:32","date_gmt":"2024-03-25T12:40:32","guid":{"rendered":"https:\/\/mol-logistics.eu\/?page_id=14303"},"modified":"2024-04-17T11:45:19","modified_gmt":"2024-04-17T09:45:19","slug":"kontaktni-zdravotnicke-prostredky","status":"publish","type":"page","link":"https:\/\/mol-logistics.eu\/cs\/zdravotnicke-prostredky\/kontaktni-zdravotnicke-prostredky\/","title":{"rendered":"Kontaktn\u00ed l\u00e9ka\u0159sk\u00e9 p\u0159\u00edstroje"},"content":{"rendered":"<div data-elementor-type=\"wp-page\" data-elementor-id=\"14303\" class=\"elementor elementor-14303\" data-elementor-post-type=\"page\">\n\t\t\t\t\t\t<section class=\"has_ae_slider elementor-section elementor-top-section elementor-element elementor-element-add254c elementor-section-content-middle elementor-section-boxed elementor-section-height-default elementor-section-height-default ae-bg-gallery-type-default\" data-id=\"add254c\" data-element_type=\"section\" data-e-type=\"section\" data-settings=\"{&quot;background_background&quot;:&quot;classic&quot;}\">\n\t\t\t\t\t\t<div class=\"elementor-container elementor-column-gap-no\">\n\t\t\t\t\t<div class=\"has_ae_slider elementor-column elementor-col-100 elementor-top-column elementor-element elementor-element-3887372 ae-bg-gallery-type-default\" data-id=\"3887372\" data-element_type=\"column\" data-e-type=\"column\" data-settings=\"{&quot;background_background&quot;:&quot;classic&quot;}\">\n\t\t\t<div class=\"elementor-widget-wrap elementor-element-populated\">\n\t\t\t\t\t\t<section class=\"has_ae_slider elementor-section elementor-inner-section elementor-element elementor-element-a9385ac elementor-section-boxed elementor-section-height-default elementor-section-height-default ae-bg-gallery-type-default\" data-id=\"a9385ac\" data-element_type=\"section\" data-e-type=\"section\">\n\t\t\t\t\t\t<div class=\"elementor-container elementor-column-gap-default\">\n\t\t\t\t\t<div class=\"has_ae_slider elementor-column elementor-col-50 elementor-inner-column elementor-element elementor-element-034a3d6 ae-bg-gallery-type-default\" data-id=\"034a3d6\" data-element_type=\"column\" data-e-type=\"column\">\n\t\t\t<div class=\"elementor-widget-wrap elementor-element-populated\">\n\t\t\t\t\t\t<div class=\"elementor-element elementor-element-6bcd3ec elementor-widget elementor-widget-heading\" data-id=\"6bcd3ec\" data-element_type=\"widget\" data-e-type=\"widget\" data-widget_type=\"heading.default\">\n\t\t\t\t\t<h2 class=\"elementor-heading-title elementor-size-default\">Kontaktujte na\u0161eho specialistu na zdravotnick\u00e9 prost\u0159edky Paula Damhuise<\/h2>\t\t\t\t<\/div>\n\t\t\t\t<div class=\"elementor-element elementor-element-ec268eb elementor-widget elementor-widget-text-editor\" data-id=\"ec268eb\" data-element_type=\"widget\" data-e-type=\"widget\" data-widget_type=\"text-editor.default\">\n\t\t\t\t\t\t\t\t\t<div class=\"w-blocks-group-wrapper blocks-group-wrapper_2QF\"><div id=\"blockId-65cb88fade238c000f0ad617\" class=\"block-wrapper w-block-wrapper block-wrapper_3Um background_3lr background background--dark w-state-has-background\" data-block-name=\"Custom block\" data-block-categories=\"custom\" data-test=\"block-wrapper\" data-anchor=\"custom\"><section class=\"w-section\"><div class=\"w-section__inner\"><header class=\"w-section__header\"><div class=\"w-grid w-grid--row w-grid--gap\" data-columns-count=\"2\"><div class=\"w-grid__inner\"><div class=\"w-grid__item w-grid__item--top\" data-column-size=\"8\"><div class=\"w-grid__item-inner w-grid__item-panel w-text-center-xs w-text-center-sm w-text-center-md w-text-center w-088754deb0dd8820b733e12d9894218e\"><p class=\"text_1k0 ui-text w-body ui-text--light\" data-component=\"text\">Jste p\u0159ipraveni zlep\u0161it efektivitu a dodr\u017eov\u00e1n\u00ed p\u0159edpis\u016f v oblasti logistiky zdravotn\u00ed p\u00e9\u010de? Kontaktujte na\u0161eho specialistu na zdravotnick\u00e9 prost\u0159edky Paula Damhuise a z\u00edskejte v\u00edce informac\u00ed o na\u0161ich \u0159e\u0161en\u00edch na m\u00edru.<\/p><\/div><\/div><\/div><\/div><\/header><\/div><\/section><\/div><\/div>\t\t\t\t\t\t\t\t<\/div>\n\t\t\t\t\t<\/div>\n\t\t<\/div>\n\t\t\t\t<div class=\"has_ae_slider elementor-column elementor-col-50 elementor-inner-column elementor-element elementor-element-3bd3d46 ae-bg-gallery-type-default\" data-id=\"3bd3d46\" data-element_type=\"column\" data-e-type=\"column\">\n\t\t\t<div class=\"elementor-widget-wrap elementor-element-populated\">\n\t\t\t\t\t\t<div class=\"elementor-element elementor-element-0771edc elementor-widget elementor-widget-image\" data-id=\"0771edc\" data-element_type=\"widget\" data-e-type=\"widget\" data-widget_type=\"image.default\">\n\t\t\t\t\t\t\t\t\t\t\t\t\t\t\t<img fetchpriority=\"high\" decoding=\"async\" width=\"1707\" height=\"2560\" src=\"https:\/\/mol-logistics.eu\/wp-content\/uploads\/2024\/03\/Paul-Damhuis-scaled.jpg\" class=\"attachment-large size-large wp-image-14031\" alt=\"\" srcset=\"https:\/\/mol-logistics.eu\/wp-content\/uploads\/2024\/03\/Paul-Damhuis-scaled.jpg 1707w, https:\/\/mol-logistics.eu\/wp-content\/uploads\/2024\/03\/Paul-Damhuis-768x1152.jpg 768w, https:\/\/mol-logistics.eu\/wp-content\/uploads\/2024\/03\/Paul-Damhuis-1024x1536.jpg 1024w, https:\/\/mol-logistics.eu\/wp-content\/uploads\/2024\/03\/Paul-Damhuis-1365x2048.jpg 1365w, https:\/\/mol-logistics.eu\/wp-content\/uploads\/2024\/03\/Paul-Damhuis-8x12.jpg 8w\" sizes=\"(max-width: 1707px) 100vw, 1707px\" \/>\t\t\t\t\t\t\t\t\t\t\t\t\t\t\t<\/div>\n\t\t\t\t\t<\/div>\n\t\t<\/div>\n\t\t\t\t\t<\/div>\n\t\t<\/section>\n\t\t\t\t<div class=\"elementor-element elementor-element-9316d08 elementor-widget elementor-widget-shortcode\" data-id=\"9316d08\" data-element_type=\"widget\" data-e-type=\"widget\" data-widget_type=\"shortcode.default\">\n\t\t\t\t\t\t\t<div class=\"elementor-shortcode\"><script>\nvar gform;gform||(document.addEventListener(\"gform_main_scripts_loaded\",function(){gform.scriptsLoaded=!0}),document.addEventListener(\"gform\/theme\/scripts_loaded\",function(){gform.themeScriptsLoaded=!0}),window.addEventListener(\"DOMContentLoaded\",function(){gform.domLoaded=!0}),gform={domLoaded:!1,scriptsLoaded:!1,themeScriptsLoaded:!1,isFormEditor:()=>\"function\"==typeof InitializeEditor,callIfLoaded:function(o){return!(!gform.domLoaded||!gform.scriptsLoaded||!gform.themeScriptsLoaded&&!gform.isFormEditor()||(gform.isFormEditor()&&console.warn(\"The use of gform.initializeOnLoaded() is deprecated in the form editor context and will be removed in Gravity Forms 3.1.\"),o(),0))},initializeOnLoaded:function(o){gform.callIfLoaded(o)||(document.addEventListener(\"gform_main_scripts_loaded\",()=>{gform.scriptsLoaded=!0,gform.callIfLoaded(o)}),document.addEventListener(\"gform\/theme\/scripts_loaded\",()=>{gform.themeScriptsLoaded=!0,gform.callIfLoaded(o)}),window.addEventListener(\"DOMContentLoaded\",()=>{gform.domLoaded=!0,gform.callIfLoaded(o)}))},hooks:{action:{},filter:{}},addAction:function(o,r,e,t){gform.addHook(\"action\",o,r,e,t)},addFilter:function(o,r,e,t){gform.addHook(\"filter\",o,r,e,t)},doAction:function(o){gform.doHook(\"action\",o,arguments)},applyFilters:function(o){return gform.doHook(\"filter\",o,arguments)},removeAction:function(o,r){gform.removeHook(\"action\",o,r)},removeFilter:function(o,r,e){gform.removeHook(\"filter\",o,r,e)},addHook:function(o,r,e,t,n){null==gform.hooks[o][r]&&(gform.hooks[o][r]=[]);var d=gform.hooks[o][r];null==n&&(n=r+\"_\"+d.length),gform.hooks[o][r].push({tag:n,callable:e,priority:t=null==t?10:t})},doHook:function(r,o,e){var t;if(e=Array.prototype.slice.call(e,1),null!=gform.hooks[r][o]&&((o=gform.hooks[r][o]).sort(function(o,r){return o.priority-r.priority}),o.forEach(function(o){\"function\"!=typeof(t=o.callable)&&(t=window[t]),\"action\"==r?t.apply(null,e):e[0]=t.apply(null,e)})),\"filter\"==r)return e[0]},removeHook:function(o,r,t,n){var e;null!=gform.hooks[o][r]&&(e=(e=gform.hooks[o][r]).filter(function(o,r,e){return!!(null!=n&&n!=o.tag||null!=t&&t!=o.priority)}),gform.hooks[o][r]=e)}});\n<\/script>\n\n                <div class='gf_browser_gecko gform_wrapper gravity-theme gform-theme--no-framework' data-form-theme='gravity-theme' data-form-index='0' id='gform_wrapper_30' >\n                        <div class='gform_heading'>\n                            <p class='gform_description'><\/p>\n                        <\/div><form method='post' enctype='multipart\/form-data'  id='gform_30'  action='\/cs\/wp-json\/wp\/v2\/pages\/14303' data-formid='30' novalidate data-trp-original-action=\"\/cs\/wp-json\/wp\/v2\/pages\/14303\"><div class='gf_invisible ginput_recaptchav3' data-sitekey='6LdLtsUZAAAAAD31Us-opFib7wOTuzKoWkbJ5v7H' data-tabindex='0'><input id=\"input_20e6ca9b186b110388f16192150352d6\" class=\"gfield_recaptcha_response\" type=\"hidden\" name=\"input_20e6ca9b186b110388f16192150352d6\" value=\"\"\/><\/div>\n                        <div class='gform-body gform_body'><div id='gform_fields_30' class='gform_fields top_label form_sublabel_above description_above validation_below'><fieldset id=\"field_30_1\" class=\"gfield gfield--type-name gfield--input-type-name gfield_contains_required field_sublabel_above gfield--no-description field_description_above field_validation_below gfield_visibility_visible\"  ><legend class='gfield_label gform-field-label gfield_label_before_complex' >N\u00e1zev<span class=\"gfield_required\"><span class=\"gfield_required gfield_required_text\">(Povinn\u00e9)<\/span><\/span><\/legend><div class='ginput_complex ginput_container ginput_container--name no_prefix has_first_name no_middle_name has_last_name no_suffix gf_name_has_2 ginput_container_name gform-grid-row' id='input_30_1'>\n                            \n                            <span id='input_30_1_3_container' class='name_first gform-grid-col gform-grid-col--size-auto' >\n                                                    <label for='input_30_1_3' class='gform-field-label gform-field-label--type-sub'>Prvn\u00ed<\/label>\n                                                    <input type='text' name='input_1.3' id='input_30_1_3' value=''   aria-required='true'    autocomplete=\"given-name\" \/>\n                                                <\/span>\n                            \n                            <span id='input_30_1_6_container' class='name_last gform-grid-col gform-grid-col--size-auto' >\n                                                            <label for='input_30_1_6' class='gform-field-label gform-field-label--type-sub'>Posledn\u00ed<\/label>\n                                                            <input type='text' name='input_1.6' id='input_30_1_6' value=''   aria-required='true'    autocomplete=\"family-name\" \/>\n                                                        <\/span>\n                            \n                        <\/div><\/fieldset><div id=\"field_30_5\" class=\"gfield gfield--type-text gfield--input-type-text gfield--width-full gfield_contains_required field_sublabel_above gfield--no-description field_description_above field_validation_below gfield_visibility_visible\"  ><label class='gfield_label gform-field-label' for='input_30_5'>z\u00e1sady.<span class=\"gfield_required\"><span class=\"gfield_required gfield_required_text\">(Povinn\u00e9)<\/span><\/span><\/label><div class='ginput_container ginput_container_text'><input name='input_5' id='input_30_5' type='text' value='' class='large'     aria-required=\"true\" aria-invalid=\"false\"   \/><\/div><\/div><div id=\"field_30_4\" class=\"gfield gfield--type-email gfield--input-type-email gfield--width-full gfield_contains_required field_sublabel_above gfield--no-description field_description_above field_validation_below gfield_visibility_visible\"  ><label class='gfield_label gform-field-label' for='input_30_4'>E-mail<span class=\"gfield_required\"><span class=\"gfield_required gfield_required_text\">(Povinn\u00e9)<\/span><\/span><\/label><div class='ginput_container ginput_container_email'>\n                            <input name='input_4' id='input_30_4' type='email' value='' class='large'    aria-required=\"true\" aria-invalid=\"false\"  \/>\n                        <\/div><\/div><div id=\"field_30_7\" class=\"gfield gfield--type-phone gfield--input-type-phone gfield--width-full field_sublabel_above gfield--no-description field_description_above field_validation_below gfield_visibility_visible\"  ><label class='gfield_label gform-field-label' for='input_30_7'>Telefon<\/label><div class='ginput_container ginput_container_phone'><input name='input_7' id='input_30_7' type='tel' value='' class='large'    aria-invalid=\"false\"   \/><\/div><\/div><div id=\"field_30_3\" class=\"gfield gfield--type-textarea gfield--input-type-textarea field_sublabel_above gfield--no-description field_description_above field_validation_below gfield_visibility_visible\"  ><label class='gfield_label gform-field-label' for='input_30_3'>Koment\u00e1\u0159e<\/label><div class='ginput_container ginput_container_textarea'><textarea name='input_3' id='input_30_3' class='textarea medium'   maxlength='600'   aria-invalid=\"false\"   rows='10' cols='50'><\/textarea><\/div><\/div><fieldset id=\"field_30_8\" class=\"gfield gfield--type-consent gfield--type-choice gfield--input-type-consent gfield--width-full field_sublabel_above gfield--no-description field_description_above field_validation_below gfield_visibility_visible\"  ><legend class='gfield_label gform-field-label gfield_label_before_complex' >GDPR<\/legend><div class='ginput_container ginput_container_consent'><input name='input_8.1' id='input_30_8_1' type='checkbox' value='1'    aria-invalid=\"false\"   \/> <label class=\"gform-field-label gform-field-label--type-inline gfield_consent_label\" for='input_30_8_1' >P\u0159e\u010detl\/a jsem si prohl\u00e1\u0161en\u00ed o ochran\u011b osobn\u00edch \u00fadaj\u016f spole\u010dnosti MOL Logistics Holding EMEA (Europe) B.V. a souhlas\u00edm s n\u00edm.Jsem srozum\u011bn\/a s t\u00edm, \u017ee \u00fadaje, kter\u00e9 jsem poskytl\/a, budou ulo\u017eeny za \u00fa\u010delem odpov\u011bdi na mou zpr\u00e1vu, a d\u00e1v\u00e1m n\u00e1m svolen\u00ed ke kontaktov\u00e1n\u00ed m\u00e9 osoby.S va\u0161imi kontaktn\u00edmi \u00fadaji budeme nakl\u00e1dat s maxim\u00e1ln\u00ed p\u00e9\u010d\u00ed.<\/label><input type='hidden' name='input_8.2' value='I have read and agree to the privacy statement of MOL Logistics Holding EMEA (Europe) B.V. I understand that the data I provide will be stored to respond to my message and give permission for us to contact me.We will handle your contact data with the utmost care.' class='gform_hidden' \/><input type='hidden' name='input_8.3' value='23' class='gform_hidden' \/><\/div><\/fieldset><div id=\"field_30_9\" class=\"gfield gfield--type-captcha gfield--input-type-captcha gfield--width-full field_sublabel_above gfield--no-description field_description_above field_validation_below gfield_visibility_visible\"  ><label class='gfield_label gform-field-label' for='input_30_9'>CAPTCHA<\/label><div id='input_30_9' class='ginput_container ginput_recaptcha' data-sitekey='6LepUs8oAAAAAMX4J4oLMCpZKs4tVvz6EhNBCnth'  data-theme='light' data-tabindex='0'  data-badge=''><\/div><\/div><\/div><\/div>\n        <div class='gform-footer gform_footer top_label'> <input type='submit' id='gform_submit_button_30' class='gform_button button' onclick='gform.submission.handleButtonClick(this);' data-submission-type='submit' value='Odeslat'  \/> \n            <input type='hidden' class='gform_hidden' name='gform_submission_method' data-js='gform_submission_method_30' value='postback' \/>\n            <input type='hidden' class='gform_hidden' name='gform_theme' data-js='gform_theme_30' id='gform_theme_30' value='gravity-theme' \/>\n            <input type='hidden' class='gform_hidden' name='gform_style_settings' data-js='gform_style_settings_30' id='gform_style_settings_30' value='[]' \/>\n            <input type='hidden' class='gform_hidden' name='is_submit_30' value='1' \/>\n            <input type='hidden' class='gform_hidden' name='gform_submit' value='30' \/>\n            \n            <input type='hidden' class='gform_hidden' name='gform_currency' data-currency='EUR' value='BwCnz9Gl9WbNspQbaJ96YI+N849AApbN3XD94EbJ1O1EBg0f923VQyI5LfpYSAJ0sM6u+cJyow8itCRppp6bxm4TqA+amUfJHIxdn6xUY0kc7zM=' \/>\n            <input type='hidden' class='gform_hidden' name='gform_unique_id' value='' \/>\n            <input type='hidden' class='gform_hidden' name='state_30' value='WyJ7XCI4LjFcIjpcImZhYmQ0Mzk0NDM0ZGUwYjgyMTI0MGRjOTlmOWY3NDA2XCIsXCI4LjJcIjpcIjc5MDgzYTI1MGM3ZjUwZjAwNDJhMzA3N2NkYTRhMzE4XCIsXCI4LjNcIjpcIjMxNDVjOTFkM2Y1YjQzNzNhNmZiMTg3OGRmZjU1NzA0XCJ9IiwiZjBhY2ZkMjhhMWRjZDAzY2YxYTUxNTEwZjg5Y2RiODIiXQ==' \/>\n            <input type='hidden' autocomplete='off' class='gform_hidden' name='gform_target_page_number_30' id='gform_target_page_number_30' value='0' \/>\n            <input type='hidden' autocomplete='off' class='gform_hidden' name='gform_source_page_number_30' id='gform_source_page_number_30' value='1' \/>\n            <input type='hidden' name='gform_field_values' value='' \/>\n            \n        <\/div>\n                        <input type=\"hidden\" name=\"trp-form-language\" value=\"cs\"\/><\/form>\n                        <\/div><script>\ngform.initializeOnLoaded( function() {gformInitSpinner( 30, 'https:\/\/mol-logistics.eu\/wp-content\/plugins\/gravityforms\/images\/spinner.svg', true );jQuery('#gform_ajax_frame_30').on('load',function(){var contents = jQuery(this).contents().find('*').html();var is_postback = contents.indexOf('GF_AJAX_POSTBACK') >= 0;if(!is_postback){return;}var form_content = jQuery(this).contents().find('#gform_wrapper_30');var is_confirmation = jQuery(this).contents().find('#gform_confirmation_wrapper_30').length > 0;var is_redirect = contents.indexOf('gformRedirect(){') >= 0;var is_form = form_content.length > 0 && ! is_redirect && ! is_confirmation;var mt = parseInt(jQuery('html').css('margin-top'), 10) + parseInt(jQuery('body').css('margin-top'), 10) + 100;if(is_form){jQuery('#gform_wrapper_30').html(form_content.html());if(form_content.hasClass('gform_validation_error')){jQuery('#gform_wrapper_30').addClass('gform_validation_error');} else {jQuery('#gform_wrapper_30').removeClass('gform_validation_error');}setTimeout( function() { \/* delay the scroll by 50 milliseconds to fix a bug in chrome *\/  }, 50 );if(window['gformInitDatepicker']) {gformInitDatepicker();}if(window['gformInitPriceFields']) {gformInitPriceFields();}var current_page = jQuery('#gform_source_page_number_30').val();gformInitSpinner( 30, 'https:\/\/mol-logistics.eu\/wp-content\/plugins\/gravityforms\/images\/spinner.svg', true );jQuery(document).trigger('gform_page_loaded', [30, current_page]);window['gf_submitting_30'] = false;}else if(!is_redirect){var confirmation_content = jQuery(this).contents().find('.GF_AJAX_POSTBACK').html();if(!confirmation_content){confirmation_content = contents;}jQuery('#gform_wrapper_30').replaceWith(confirmation_content);jQuery(document).trigger('gform_confirmation_loaded', [30]);window['gf_submitting_30'] = false;wp.a11y.speak(jQuery('#gform_confirmation_message_30').text());}else{jQuery('#gform_30').append(contents);if(window['gformRedirect']) {gformRedirect();}}jQuery(document).trigger(\"gform_pre_post_render\", [{ formId: \"30\", currentPage: \"current_page\", abort: function() { this.preventDefault(); } }]);        if (event && event.defaultPrevented) {                return;        }        const gformWrapperDiv = document.getElementById( \"gform_wrapper_30\" );        if ( gformWrapperDiv ) {            const visibilitySpan = document.createElement( \"span\" );            visibilitySpan.id = \"gform_visibility_test_30\";            gformWrapperDiv.insertAdjacentElement( \"afterend\", visibilitySpan );        }        const visibilityTestDiv = document.getElementById( \"gform_visibility_test_30\" );        let postRenderFired = false;        function triggerPostRender() {            if ( postRenderFired ) {                return;            }            postRenderFired = true;            gform.core.triggerPostRenderEvents( 30, current_page );            if ( visibilityTestDiv ) {                visibilityTestDiv.parentNode.removeChild( visibilityTestDiv );            }        }        function debounce( func, wait, immediate ) {            var timeout;            return function() {                var context = this, args = arguments;                var later = function() {                    timeout = null;                    if ( !immediate ) func.apply( context, args );                };                var callNow = immediate && !timeout;                clearTimeout( timeout );                timeout = setTimeout( later, wait );                if ( callNow ) func.apply( context, args );            };        }        const debouncedTriggerPostRender = debounce( function() {            triggerPostRender();        }, 200 );        if ( visibilityTestDiv && visibilityTestDiv.offsetParent === null ) {            const observer = new MutationObserver( ( mutations ) => {                mutations.forEach( ( mutation ) => {                    if ( mutation.type === 'attributes' && visibilityTestDiv.offsetParent !== null ) {                        debouncedTriggerPostRender();                        observer.disconnect();                    }                });            });            observer.observe( document.body, {                attributes: true,                childList: false,                subtree: true,                attributeFilter: [ 'style', 'class' ],            });        } else {            triggerPostRender();        }    } );} );\n<\/script>\n<\/div>\n\t\t\t\t\t\t<\/div>\n\t\t\t\t\t<\/div>\n\t\t<\/div>\n\t\t\t\t\t<\/div>\n\t\t<\/section>\n\t\t\t\t<\/div>","protected":false},"excerpt":{"rendered":"<p>Kontaktujte na\u0161eho specialistu na zdravotnick\u00e9 prost\u0159edky Paula Damhuise Jste p\u0159ipraveni zlep\u0161it efektivitu a soulad va\u0161\u00ed logistiky ve zdravotnictv\u00ed? Kontaktujte na\u0161eho specialistu na zdravotnick\u00e9 prost\u0159edky Paula Damhuise a z\u00edskejte v\u00edce informac\u00ed o na\u0161ich \u0159e\u0161en\u00edch na m\u00edru.<\/p>","protected":false},"author":1,"featured_media":0,"parent":13042,"menu_order":0,"comment_status":"closed","ping_status":"closed","template":"","meta":{"_acf_changed":false,"footnotes":""},"class_list":["post-14303","page","type-page","status-publish","hentry"],"acf":[],"_links":{"self":[{"href":"https:\/\/mol-logistics.eu\/cs\/wp-json\/wp\/v2\/pages\/14303","targetHints":{"allow":["GET"]}}],"collection":[{"href":"https:\/\/mol-logistics.eu\/cs\/wp-json\/wp\/v2\/pages"}],"about":[{"href":"https:\/\/mol-logistics.eu\/cs\/wp-json\/wp\/v2\/types\/page"}],"author":[{"embeddable":true,"href":"https:\/\/mol-logistics.eu\/cs\/wp-json\/wp\/v2\/users\/1"}],"replies":[{"embeddable":true,"href":"https:\/\/mol-logistics.eu\/cs\/wp-json\/wp\/v2\/comments?post=14303"}],"version-history":[{"count":5,"href":"https:\/\/mol-logistics.eu\/cs\/wp-json\/wp\/v2\/pages\/14303\/revisions"}],"predecessor-version":[{"id":14462,"href":"https:\/\/mol-logistics.eu\/cs\/wp-json\/wp\/v2\/pages\/14303\/revisions\/14462"}],"up":[{"embeddable":true,"href":"https:\/\/mol-logistics.eu\/cs\/wp-json\/wp\/v2\/pages\/13042"}],"wp:attachment":[{"href":"https:\/\/mol-logistics.eu\/cs\/wp-json\/wp\/v2\/media?parent=14303"}],"curies":[{"name":"wp","href":"https:\/\/api.w.org\/{rel}","templated":true}]}}