{"id":14451,"date":"2024-04-16T13:32:46","date_gmt":"2024-04-16T11:32:46","guid":{"rendered":"https:\/\/mol-logistics.eu\/?page_id=14451"},"modified":"2024-07-18T10:13:06","modified_gmt":"2024-07-18T08:13:06","slug":"dekujeme-automobilovemu-prumyslu","status":"publish","type":"page","link":"https:\/\/mol-logistics.eu\/cs\/automobilovy-prumysl-nemecko\/dekujeme-automobilovemu-prumyslu\/","title":{"rendered":"D\u011bkujeme - Automobilov\u00fd pr\u016fmysl"},"content":{"rendered":"<div data-elementor-type=\"wp-page\" data-elementor-id=\"14451\" class=\"elementor elementor-14451\" data-elementor-post-type=\"page\">\n\t\t\t\t\t\t<section class=\"has_ae_slider elementor-section elementor-top-section elementor-element elementor-element-1e893af elementor-section-height-full elementor-section-boxed elementor-section-height-default elementor-section-items-middle ae-bg-gallery-type-default\" data-id=\"1e893af\" data-element_type=\"section\" data-e-type=\"section\" data-settings=\"{&quot;background_background&quot;:&quot;classic&quot;}\">\n\t\t\t\t\t\t<div class=\"elementor-container elementor-column-gap-default\">\n\t\t\t\t\t<div class=\"has_ae_slider elementor-column elementor-col-100 elementor-top-column elementor-element elementor-element-9cdb173 ae-bg-gallery-type-default\" data-id=\"9cdb173\" data-element_type=\"column\" data-e-type=\"column\">\n\t\t\t<div class=\"elementor-widget-wrap elementor-element-populated\">\n\t\t\t\t\t\t<div class=\"elementor-element elementor-element-c25f977 elementor-widget elementor-widget-text-editor\" data-id=\"c25f977\" data-element_type=\"widget\" data-e-type=\"widget\" data-widget_type=\"text-editor.default\">\n\t\t\t\t\t\t\t\t\t<p data-pm-slice=\"1 1 []\"><strong>D\u011bkujeme za va\u0161i \u017e\u00e1dost. Obdr\u017e\u00edte potvrzuj\u00edc\u00ed e-mail a Mirco v\u00e1s bude brzy kontaktovat.<br \/><\/strong><\/p>\t\t\t\t\t\t\t\t<\/div>\n\t\t\t\t<div class=\"elementor-element elementor-element-60d10e3 elementor-widget elementor-widget-html\" data-id=\"60d10e3\" data-element_type=\"widget\" data-e-type=\"widget\" data-widget_type=\"html.default\">\n\t\t\t\t\t<script>\nwindow.addEventListener('load', (event) => {\n  fathom.trackEvent('Aanvragen - Automotive');\n});\n<\/script>\t\t\t\t<\/div>\n\t\t\t\t\t<\/div>\n\t\t<\/div>\n\t\t\t\t\t<\/div>\n\t\t<\/section>\n\t\t\t\t<\/div>","protected":false},"excerpt":{"rendered":"<p>D\u011bkujeme za va\u0161i \u017e\u00e1dost. Obdr\u017e\u00edte potvrzuj\u00edc\u00ed e-mail a Mirco v\u00e1s bude brzy kontaktovat.<\/p>","protected":false},"author":1,"featured_media":0,"parent":13047,"menu_order":0,"comment_status":"closed","ping_status":"closed","template":"","meta":{"_acf_changed":false,"footnotes":""},"class_list":["post-14451","page","type-page","status-publish","hentry"],"acf":[],"_links":{"self":[{"href":"https:\/\/mol-logistics.eu\/cs\/wp-json\/wp\/v2\/pages\/14451","targetHints":{"allow":["GET"]}}],"collection":[{"href":"https:\/\/mol-logistics.eu\/cs\/wp-json\/wp\/v2\/pages"}],"about":[{"href":"https:\/\/mol-logistics.eu\/cs\/wp-json\/wp\/v2\/types\/page"}],"author":[{"embeddable":true,"href":"https:\/\/mol-logistics.eu\/cs\/wp-json\/wp\/v2\/users\/1"}],"replies":[{"embeddable":true,"href":"https:\/\/mol-logistics.eu\/cs\/wp-json\/wp\/v2\/comments?post=14451"}],"version-history":[{"count":5,"href":"https:\/\/mol-logistics.eu\/cs\/wp-json\/wp\/v2\/pages\/14451\/revisions"}],"predecessor-version":[{"id":14747,"href":"https:\/\/mol-logistics.eu\/cs\/wp-json\/wp\/v2\/pages\/14451\/revisions\/14747"}],"up":[{"embeddable":true,"href":"https:\/\/mol-logistics.eu\/cs\/wp-json\/wp\/v2\/pages\/13047"}],"wp:attachment":[{"href":"https:\/\/mol-logistics.eu\/cs\/wp-json\/wp\/v2\/media?parent=14451"}],"curies":[{"name":"wp","href":"https:\/\/api.w.org\/{rel}","templated":true}]}}