{"id":2852,"date":"2023-08-21T12:59:30","date_gmt":"2023-08-21T12:59:30","guid":{"rendered":"https:\/\/mol-logistics.eu\/?page_id=2852"},"modified":"2024-08-07T09:58:16","modified_gmt":"2024-08-07T07:58:16","slug":"zreknuti-se-odpovednosti-2","status":"publish","type":"page","link":"https:\/\/mol-logistics.eu\/cs\/o-spolecnosti-mol-logistics\/zreknuti-se-odpovednosti-2\/","title":{"rendered":"Odm\u00edtnut\u00ed odpov\u011bdnosti"},"content":{"rendered":"<div data-elementor-type=\"wp-page\" data-elementor-id=\"2852\" class=\"elementor elementor-2852\" data-elementor-post-type=\"page\">\n\t\t\t\t\t\t<section class=\"has_ae_slider elementor-section elementor-top-section elementor-element elementor-element-247e9f1 elementor-hidden-mobile elementor-section-boxed elementor-section-height-default elementor-section-height-default ae-bg-gallery-type-default\" data-id=\"247e9f1\" data-element_type=\"section\" data-e-type=\"section\" data-settings=\"{&quot;background_background&quot;:&quot;classic&quot;}\">\n\t\t\t\t\t\t<div class=\"elementor-container elementor-column-gap-default\">\n\t\t\t\t\t<div class=\"has_ae_slider elementor-column elementor-col-100 elementor-top-column elementor-element elementor-element-f2cb50d ae-bg-gallery-type-default\" data-id=\"f2cb50d\" data-element_type=\"column\" data-e-type=\"column\">\n\t\t\t<div class=\"elementor-widget-wrap elementor-element-populated\">\n\t\t\t\t\t\t<div class=\"elementor-element elementor-element-c4dc622 elementor-icon-list--layout-inline elementor-list-item-link-full_width elementor-widget elementor-widget-icon-list\" data-id=\"c4dc622\" data-element_type=\"widget\" data-e-type=\"widget\" data-widget_type=\"icon-list.default\">\n\t\t\t\t\t\t\t<ul class=\"elementor-icon-list-items elementor-inline-items\">\n\t\t\t\t\t\t\t<li class=\"elementor-icon-list-item elementor-inline-item\">\n\t\t\t\t\t\t\t\t\t\t\t<a href=\"\/cs\/\">\n\n\t\t\t\t\t\t\t\t\t\t\t\t<span class=\"elementor-icon-list-icon\">\n\t\t\t\t\t\t\t<i aria-hidden=\"true\" class=\"fal fa-home-lg\"><\/i>\t\t\t\t\t\t<\/span>\n\t\t\t\t\t\t\t\t\t\t<span class=\"elementor-icon-list-text\">Home<\/span>\n\t\t\t\t\t\t\t\t\t\t\t<\/a>\n\t\t\t\t\t\t\t\t\t<\/li>\n\t\t\t\t\t\t\t\t<li class=\"elementor-icon-list-item elementor-inline-item\">\n\t\t\t\t\t\t\t\t\t\t\t<a href=\"https:\/\/mol-logistics.eu\/cs\/o-spolecnosti-mol-logistics\/\">\n\n\t\t\t\t\t\t\t\t\t\t\t\t<span class=\"elementor-icon-list-icon\">\n\t\t\t\t\t\t\t<i aria-hidden=\"true\" class=\"fal fa-angle-double-right\"><\/i>\t\t\t\t\t\t<\/span>\n\t\t\t\t\t\t\t\t\t\t<span class=\"elementor-icon-list-text\">Pr\u00e1vn\u00ed dokumenty<\/span>\n\t\t\t\t\t\t\t\t\t\t\t<\/a>\n\t\t\t\t\t\t\t\t\t<\/li>\n\t\t\t\t\t\t\t\t<li class=\"elementor-icon-list-item elementor-inline-item\">\n\t\t\t\t\t\t\t\t\t\t\t<a href=\"https:\/\/mol-logistics.eu\/cs\/o-spolecnosti-mol-logistics\/zreknuti-se-odpovednosti-2\/\">\n\n\t\t\t\t\t\t\t\t\t\t\t\t<span class=\"elementor-icon-list-icon\">\n\t\t\t\t\t\t\t<i aria-hidden=\"true\" class=\"fal fa-angle-double-right\"><\/i>\t\t\t\t\t\t<\/span>\n\t\t\t\t\t\t\t\t\t\t<span class=\"elementor-icon-list-text\">Odm\u00edtnut\u00ed odpov\u011bdnosti<\/span>\n\t\t\t\t\t\t\t\t\t\t\t<\/a>\n\t\t\t\t\t\t\t\t\t<\/li>\n\t\t\t\t\t\t<\/ul>\n\t\t\t\t\t\t<\/div>\n\t\t\t\t\t<\/div>\n\t\t<\/div>\n\t\t\t\t\t<\/div>\n\t\t<\/section>\n\t\t\t\t<section class=\"has_ae_slider elementor-section elementor-top-section elementor-element elementor-element-3d5e4bf elementor-section-content-top elementor-section-boxed elementor-section-height-default elementor-section-height-default ae-bg-gallery-type-default\" data-id=\"3d5e4bf\" data-element_type=\"section\" data-e-type=\"section\">\n\t\t\t\t\t\t<div class=\"elementor-container elementor-column-gap-default\">\n\t\t\t\t\t<div class=\"has_ae_slider elementor-column elementor-col-50 elementor-top-column elementor-element elementor-element-076b073 ae-bg-gallery-type-default elementor-invisible\" data-id=\"076b073\" data-element_type=\"column\" data-e-type=\"column\" data-settings=\"{&quot;animation&quot;:&quot;fadeIn&quot;}\">\n\t\t\t<div class=\"elementor-widget-wrap elementor-element-populated\">\n\t\t\t\t\t\t<div class=\"elementor-element elementor-element-91beef5 elementor-widget elementor-widget-heading\" data-id=\"91beef5\" data-element_type=\"widget\" data-e-type=\"widget\" data-widget_type=\"heading.default\">\n\t\t\t\t\t<h1 class=\"elementor-heading-title elementor-size-xl\">Odm\u00edtnut\u00ed odpov\u011bdnosti<\/h1>\t\t\t\t<\/div>\n\t\t\t\t<div class=\"elementor-element elementor-element-0ee1813 elementor-widget elementor-widget-text-editor\" data-id=\"0ee1813\" data-element_type=\"widget\" data-e-type=\"widget\" data-widget_type=\"text-editor.default\">\n\t\t\t\t\t\t\t\t\t<p>Spole\u010dnost MOL Logistics Holding EMEA se zavazuje udr\u017eovat tyto webov\u00e9 str\u00e1nky aktu\u00e1ln\u00ed a p\u0159esn\u00e9. Pokud p\u0159esto naraz\u00edte na n\u011bco nespr\u00e1vn\u00e9ho nebo neaktu\u00e1ln\u00edho, budeme v\u00e1m vd\u011b\u010dni, pokud n\u00e1s o tom budete informovat. Uve\u010fte, pros\u00edm, kde na webov\u00fdch str\u00e1nk\u00e1ch jste informace \u010detli. My se na to pak co nejd\u0159\u00edve pod\u00edv\u00e1me. Svou odpov\u011b\u010f pros\u00edm za\u0161lete e-mailem na adresu: info@<span>mol-logistics.holding-emea.com<\/span>.<\/p>\n<p>Neodpov\u00edd\u00e1me za ztr\u00e1ty vznikl\u00e9 v d\u016fsledku nep\u0159esnost\u00ed nebo ne\u00faplnosti, ani za ztr\u00e1ty vznikl\u00e9 v d\u016fsledku probl\u00e9m\u016f zp\u016fsoben\u00fdch \u0161\u00ed\u0159en\u00edm informac\u00ed prost\u0159ednictv\u00edm internetu nebo s n\u00edm spojen\u00fdch, jako jsou poruchy nebo p\u0159eru\u0161en\u00ed. P\u0159i pou\u017e\u00edv\u00e1n\u00ed webov\u00fdch formul\u00e1\u0159\u016f se sna\u017e\u00edme omezit po\u010det po\u017eadovan\u00fdch pol\u00ed na minimum. Za p\u0159\u00edpadn\u00e9 ztr\u00e1ty vznikl\u00e9 v d\u016fsledku pou\u017eit\u00ed \u00fadaj\u016f, rad nebo n\u00e1pad\u016f poskytnut\u00fdch spole\u010dnost\u00ed MOL Logistics Holding EMEA nebo jej\u00edm jm\u00e9nem prost\u0159ednictv\u00edm t\u011bchto webov\u00fdch str\u00e1nek nenese spole\u010dnost MOL Logistics Holding EMEA \u017e\u00e1dnou odpov\u011bdnost.<\/p>\n<p>S odpov\u011b\u010fmi a dotazy na ochranu osobn\u00edch \u00fadaj\u016f zaslan\u00fdmi e-mailem nebo prost\u0159ednictv\u00edm webov\u00e9ho formul\u00e1\u0159e bude nakl\u00e1d\u00e1no stejn\u011b jako s dopisy. To znamen\u00e1, \u017ee odpov\u011b\u010f od n\u00e1s m\u016f\u017eete o\u010dek\u00e1vat nejpozd\u011bji do 1 m\u011bs\u00edce. V p\u0159\u00edpad\u011b slo\u017eit\u00fdch \u017e\u00e1dost\u00ed v\u00e1m d\u00e1me v\u011bd\u011bt do 1 m\u011bs\u00edce, pokud budeme pot\u0159ebovat maxim\u00e1ln\u011b 3 m\u011bs\u00edce.<\/p>\n<p>Ve\u0161ker\u00e9 osobn\u00ed \u00fadaje, kter\u00e9 n\u00e1m poskytnete v r\u00e1mci sv\u00e9 odpov\u011bdi nebo \u017e\u00e1dosti o informace, budou pou\u017eity pouze v souladu s na\u0161\u00edm prohl\u00e1\u0161en\u00edm o ochran\u011b osobn\u00edch \u00fadaj\u016f.<\/p>\n<p>Ve\u0161ker\u00e1 pr\u00e1va du\u0161evn\u00edho vlastnictv\u00ed k obsahu t\u011bchto webov\u00fdch str\u00e1nek n\u00e1le\u017e\u00ed spole\u010dnosti MOL Logistics Holding EMEA.<\/p>\n<p>Kop\u00edrov\u00e1n\u00ed, \u0161\u00ed\u0159en\u00ed a jak\u00e9koli jin\u00e9 pou\u017eit\u00ed t\u011bchto materi\u00e1l\u016f nen\u00ed bez p\u00edsemn\u00e9ho souhlasu spole\u010dnosti MOL Logistics Holding EMEA povoleno, s v\u00fdjimkou p\u0159\u00edpad\u016f, kdy je v z\u00e1vazn\u00fdch pr\u00e1vn\u00edch p\u0159edpisech stanoveno jinak (nap\u0159. pr\u00e1vo citovat), pokud konkr\u00e9tn\u00ed obsah nevy\u017eaduje jinak.<\/p>\n<p>Pokud m\u00e1te jak\u00e9koli dotazy nebo probl\u00e9my s p\u0159\u00edstupnost\u00ed webov\u00fdch str\u00e1nek, nev\u00e1hejte se na n\u00e1s obr\u00e1tit.<\/p>\t\t\t\t\t\t\t\t<\/div>\n\t\t\t\t\t<\/div>\n\t\t<\/div>\n\t\t\t\t<div class=\"has_ae_slider elementor-column elementor-col-50 elementor-top-column elementor-element elementor-element-1e3922b elementor-hidden-tablet ae-bg-gallery-type-default\" data-id=\"1e3922b\" data-element_type=\"column\" data-e-type=\"column\">\n\t\t\t<div class=\"elementor-widget-wrap\">\n\t\t\t\t\t\t\t<\/div>\n\t\t<\/div>\n\t\t\t\t\t<\/div>\n\t\t<\/section>\n\t\t\t\t<\/div>","protected":false},"excerpt":{"rendered":"<p>Home Pr\u00e1vn\u00ed dokumenty Odm\u00edtnut\u00ed odpov\u011bdnosti MOL Logistics Holding EMEA se zavazuje udr\u017eovat tyto webov\u00e9 str\u00e1nky aktu\u00e1ln\u00ed a p\u0159esn\u00e9. Pokud p\u0159esto naraz\u00edte na cokoli nespr\u00e1vn\u00e9ho nebo neaktu\u00e1ln\u00edho, budeme r\u00e1di, kdy\u017e n\u00e1s na to upozorn\u00edte. Uve\u010fte, pros\u00edm, kde na webov\u00fdch str\u00e1nk\u00e1ch jste informace \u010detli. My se pak pod\u00edv\u00e1me, zda [...]<\/p>","protected":false},"author":1,"featured_media":0,"parent":2298,"menu_order":0,"comment_status":"closed","ping_status":"closed","template":"","meta":{"_acf_changed":false,"footnotes":""},"class_list":["post-2852","page","type-page","status-publish","hentry"],"acf":[],"_links":{"self":[{"href":"https:\/\/mol-logistics.eu\/cs\/wp-json\/wp\/v2\/pages\/2852","targetHints":{"allow":["GET"]}}],"collection":[{"href":"https:\/\/mol-logistics.eu\/cs\/wp-json\/wp\/v2\/pages"}],"about":[{"href":"https:\/\/mol-logistics.eu\/cs\/wp-json\/wp\/v2\/types\/page"}],"author":[{"embeddable":true,"href":"https:\/\/mol-logistics.eu\/cs\/wp-json\/wp\/v2\/users\/1"}],"replies":[{"embeddable":true,"href":"https:\/\/mol-logistics.eu\/cs\/wp-json\/wp\/v2\/comments?post=2852"}],"version-history":[{"count":5,"href":"https:\/\/mol-logistics.eu\/cs\/wp-json\/wp\/v2\/pages\/2852\/revisions"}],"predecessor-version":[{"id":14796,"href":"https:\/\/mol-logistics.eu\/cs\/wp-json\/wp\/v2\/pages\/2852\/revisions\/14796"}],"up":[{"embeddable":true,"href":"https:\/\/mol-logistics.eu\/cs\/wp-json\/wp\/v2\/pages\/2298"}],"wp:attachment":[{"href":"https:\/\/mol-logistics.eu\/cs\/wp-json\/wp\/v2\/media?parent=2852"}],"curies":[{"name":"wp","href":"https:\/\/api.w.org\/{rel}","templated":true}]}}