{"id":3162,"date":"2023-08-28T11:53:57","date_gmt":"2023-08-28T11:53:57","guid":{"rendered":"https:\/\/mol-logistics.eu\/?page_id=3162"},"modified":"2023-09-13T15:35:16","modified_gmt":"2023-09-13T13:35:16","slug":"hodnoty-a-udrzitelnost","status":"publish","type":"page","link":"https:\/\/mol-logistics.eu\/cs\/o-spolecnosti-mol-logistics\/hodnoty-a-udrzitelnost\/","title":{"rendered":"Udr\u017eitelnost"},"content":{"rendered":"<div data-elementor-type=\"wp-page\" data-elementor-id=\"3162\" class=\"elementor elementor-3162\" data-elementor-post-type=\"page\">\n\t\t\t\t\t\t<section class=\"has_ae_slider elementor-section elementor-top-section elementor-element elementor-element-7c988e6 elementor-hidden-mobile elementor-section-boxed elementor-section-height-default elementor-section-height-default ae-bg-gallery-type-default\" data-id=\"7c988e6\" data-element_type=\"section\" data-e-type=\"section\" data-settings=\"{&quot;background_background&quot;:&quot;classic&quot;}\">\n\t\t\t\t\t\t<div class=\"elementor-container elementor-column-gap-default\">\n\t\t\t\t\t<div class=\"has_ae_slider elementor-column elementor-col-100 elementor-top-column elementor-element elementor-element-6e9b162 ae-bg-gallery-type-default\" data-id=\"6e9b162\" data-element_type=\"column\" data-e-type=\"column\">\n\t\t\t<div class=\"elementor-widget-wrap elementor-element-populated\">\n\t\t\t\t\t\t<div class=\"elementor-element elementor-element-601172e elementor-icon-list--layout-inline elementor-list-item-link-full_width elementor-widget elementor-widget-icon-list\" data-id=\"601172e\" data-element_type=\"widget\" data-e-type=\"widget\" data-widget_type=\"icon-list.default\">\n\t\t\t\t\t\t\t<ul class=\"elementor-icon-list-items elementor-inline-items\">\n\t\t\t\t\t\t\t<li class=\"elementor-icon-list-item elementor-inline-item\">\n\t\t\t\t\t\t\t\t\t\t\t<a href=\"\/cs\/\">\n\n\t\t\t\t\t\t\t\t\t\t\t\t<span class=\"elementor-icon-list-icon\">\n\t\t\t\t\t\t\t<i aria-hidden=\"true\" class=\"fal fa-home-lg\"><\/i>\t\t\t\t\t\t<\/span>\n\t\t\t\t\t\t\t\t\t\t<span class=\"elementor-icon-list-text\">Home<\/span>\n\t\t\t\t\t\t\t\t\t\t\t<\/a>\n\t\t\t\t\t\t\t\t\t<\/li>\n\t\t\t\t\t\t\t\t<li class=\"elementor-icon-list-item elementor-inline-item\">\n\t\t\t\t\t\t\t\t\t\t\t<a href=\"https:\/\/mol-logistics.eu\/cs\/o-spolecnosti-mol-logistics\/\">\n\n\t\t\t\t\t\t\t\t\t\t\t\t<span class=\"elementor-icon-list-icon\">\n\t\t\t\t\t\t\t<i aria-hidden=\"true\" class=\"fal fa-angle-double-right\"><\/i>\t\t\t\t\t\t<\/span>\n\t\t\t\t\t\t\t\t\t\t<span class=\"elementor-icon-list-text\">O spole\u010dnosti MOL Logistics<\/span>\n\t\t\t\t\t\t\t\t\t\t\t<\/a>\n\t\t\t\t\t\t\t\t\t<\/li>\n\t\t\t\t\t\t\t\t<li class=\"elementor-icon-list-item elementor-inline-item\">\n\t\t\t\t\t\t\t\t\t\t\t<a href=\"https:\/\/mol-logistics.eu\/cs\/o-spolecnosti-mol-logistics\/hodnoty-a-udrzitelnost\/\">\n\n\t\t\t\t\t\t\t\t\t\t\t\t<span class=\"elementor-icon-list-icon\">\n\t\t\t\t\t\t\t<i aria-hidden=\"true\" class=\"fal fa-angle-double-right\"><\/i>\t\t\t\t\t\t<\/span>\n\t\t\t\t\t\t\t\t\t\t<span class=\"elementor-icon-list-text\">Udr\u017eitelnost<\/span>\n\t\t\t\t\t\t\t\t\t\t\t<\/a>\n\t\t\t\t\t\t\t\t\t<\/li>\n\t\t\t\t\t\t<\/ul>\n\t\t\t\t\t\t<\/div>\n\t\t\t\t\t<\/div>\n\t\t<\/div>\n\t\t\t\t\t<\/div>\n\t\t<\/section>\n\t\t\t\t<section class=\"has_ae_slider elementor-section elementor-top-section elementor-element elementor-element-500fa02 elementor-section-height-min-height elementor-section-items-bottom elementor-section-boxed elementor-section-height-default ae-bg-gallery-type-default\" data-id=\"500fa02\" data-element_type=\"section\" data-e-type=\"section\" data-settings=\"{&quot;background_background&quot;:&quot;classic&quot;}\">\n\t\t\t\t\t\t\t<div class=\"elementor-background-overlay\"><\/div>\n\t\t\t\t\t\t\t<div class=\"elementor-container elementor-column-gap-default\">\n\t\t\t\t\t<div class=\"has_ae_slider elementor-column elementor-col-100 elementor-top-column elementor-element elementor-element-7f6dccb ae-bg-gallery-type-default\" data-id=\"7f6dccb\" data-element_type=\"column\" data-e-type=\"column\">\n\t\t\t<div class=\"elementor-widget-wrap elementor-element-populated\">\n\t\t\t\t\t\t<div class=\"elementor-element elementor-element-8999d94 elementor-invisible elementor-widget elementor-widget-heading\" data-id=\"8999d94\" data-element_type=\"widget\" data-e-type=\"widget\" data-settings=\"{&quot;_animation&quot;:&quot;fadeInLeft&quot;}\" data-widget_type=\"heading.default\">\n\t\t\t\t\t<h1 class=\"elementor-heading-title elementor-size-xxl\">Udr\u017eitelnost<\/h1>\t\t\t\t<\/div>\n\t\t\t\t<div class=\"elementor-element elementor-element-e32a908 elementor-widget__width-initial elementor-widget elementor-widget-text-editor\" data-id=\"e32a908\" data-element_type=\"widget\" data-e-type=\"widget\" data-widget_type=\"text-editor.default\">\n\t\t\t\t\t\t\t\t\t<p>Skupina MOL se vyzna\u010duje rozs\u00e1hlou agendou v oblasti spole\u010densk\u00e9 odpov\u011bdnosti a inovativn\u00ed udr\u017eitelnosti.\u00a0<\/p>\t\t\t\t\t\t\t\t<\/div>\n\t\t\t\t\t<\/div>\n\t\t<\/div>\n\t\t\t\t\t<\/div>\n\t\t<\/section>\n\t\t\t\t<section class=\"has_ae_slider elementor-section elementor-top-section elementor-element elementor-element-c1cc142 elementor-section-content-top elementor-section-boxed elementor-section-height-default elementor-section-height-default ae-bg-gallery-type-default\" data-id=\"c1cc142\" data-element_type=\"section\" data-e-type=\"section\">\n\t\t\t\t\t\t<div class=\"elementor-container elementor-column-gap-default\">\n\t\t\t\t\t<div class=\"has_ae_slider elementor-column elementor-col-50 elementor-top-column elementor-element elementor-element-83cbcc0 ae-bg-gallery-type-default elementor-invisible\" data-id=\"83cbcc0\" data-element_type=\"column\" data-e-type=\"column\" data-settings=\"{&quot;animation&quot;:&quot;fadeIn&quot;}\">\n\t\t\t<div class=\"elementor-widget-wrap elementor-element-populated\">\n\t\t\t\t\t\t<div class=\"elementor-element elementor-element-d2c10f2 elementor-widget elementor-widget-heading\" data-id=\"d2c10f2\" data-element_type=\"widget\" data-e-type=\"widget\" data-widget_type=\"heading.default\">\n\t\t\t\t\t<h2 class=\"elementor-heading-title elementor-size-xl\">\u0158\u00edzen\u00ed udr\u017eitelnosti<\/h2>\t\t\t\t<\/div>\n\t\t\t\t<div class=\"elementor-element elementor-element-d56ba71 elementor-widget elementor-widget-text-editor\" data-id=\"d56ba71\" data-element_type=\"widget\" data-e-type=\"widget\" data-widget_type=\"text-editor.default\">\n\t\t\t\t\t\t\t\t\t<h2>Zam\u011b\u0159en\u00ed skupiny MOL Logistics<\/h2><h4>Bezpe\u010dnost a hodnota<\/h4><p>Poskytovat p\u0159idanou hodnotu prost\u0159ednictv\u00edm bezpe\u010dn\u00e9 dopravy a soci\u00e1ln\u00ed infrastruktury.<\/p><h4>\u017divotn\u00ed prost\u0159ed\u00ed<\/h4><p>Ochrana glob\u00e1ln\u00edho \u017eivotn\u00edho prost\u0159ed\u00ed<\/p><h4>\u010clov\u011bk a komunita<\/h4><p>P\u0159isp\u00edvat k r\u016fstu a rozvoji lid\u00ed a komunit. MOL CHARTS: Vyj\u00e1d\u0159en\u00ed sd\u00edlen\u00fdch hodnot skupiny MOL<\/p><h4>Inovace<\/h4><p>Inovace pro rozvoj udr\u017eiteln\u00e9 technologie<\/p><h4>Spr\u00e1va<\/h4><p>Spr\u00e1va a dodr\u017eov\u00e1n\u00ed p\u0159edpis\u016f na podporu podnik\u00e1n\u00ed<\/p>\t\t\t\t\t\t\t\t<\/div>\n\t\t\t\t\t<\/div>\n\t\t<\/div>\n\t\t\t\t<div class=\"has_ae_slider elementor-column elementor-col-50 elementor-top-column elementor-element elementor-element-8466443 elementor-hidden-mobile ae-bg-gallery-type-default\" data-id=\"8466443\" data-element_type=\"column\" data-e-type=\"column\">\n\t\t\t<div class=\"elementor-widget-wrap elementor-element-populated\">\n\t\t\t\t\t\t<div class=\"elementor-element elementor-element-1fe27fa elementor-widget elementor-widget-image\" data-id=\"1fe27fa\" data-element_type=\"widget\" data-e-type=\"widget\" data-widget_type=\"image.default\">\n\t\t\t\t\t\t\t\t\t\t\t\t\t\t\t<img fetchpriority=\"high\" decoding=\"async\" width=\"1000\" height=\"800\" src=\"https:\/\/mol-logistics.eu\/wp-content\/uploads\/2023\/09\/Mitsui-Sustainability.jpg\" class=\"attachment-full size-full wp-image-4147\" alt=\"\" srcset=\"https:\/\/mol-logistics.eu\/wp-content\/uploads\/2023\/09\/Mitsui-Sustainability.jpg 1000w, https:\/\/mol-logistics.eu\/wp-content\/uploads\/2023\/09\/Mitsui-Sustainability-768x614.jpg 768w, https:\/\/mol-logistics.eu\/wp-content\/uploads\/2023\/09\/Mitsui-Sustainability-15x12.jpg 15w\" sizes=\"(max-width: 1000px) 100vw, 1000px\" \/>\t\t\t\t\t\t\t\t\t\t\t\t\t\t\t<\/div>\n\t\t\t\t<div class=\"elementor-element elementor-element-567c5d9 elementor-absolute elementor-hidden-mobile elementor-hidden-tablet elementor-widget elementor-widget-image\" data-id=\"567c5d9\" data-element_type=\"widget\" data-e-type=\"widget\" data-settings=\"{&quot;_position&quot;:&quot;absolute&quot;,&quot;motion_fx_motion_fx_mouse&quot;:&quot;yes&quot;,&quot;motion_fx_mouseTrack_effect&quot;:&quot;yes&quot;,&quot;motion_fx_mouseTrack_speed&quot;:{&quot;unit&quot;:&quot;px&quot;,&quot;size&quot;:0.20000000000000001,&quot;sizes&quot;:[]}}\" data-widget_type=\"image.default\">\n\t\t\t\t\t\t\t\t\t\t\t\t\t\t\t<img decoding=\"async\" width=\"398\" height=\"127\" src=\"https:\/\/mol-logistics.eu\/wp-content\/uploads\/2023\/08\/charts.jpg\" class=\"attachment-full size-full wp-image-3416\" alt=\"\" srcset=\"https:\/\/mol-logistics.eu\/wp-content\/uploads\/2023\/08\/charts.jpg 398w, https:\/\/mol-logistics.eu\/wp-content\/uploads\/2023\/08\/charts-18x6.jpg 18w\" sizes=\"(max-width: 398px) 100vw, 398px\" \/>\t\t\t\t\t\t\t\t\t\t\t\t\t\t\t<\/div>\n\t\t\t\t\t<\/div>\n\t\t<\/div>\n\t\t\t\t\t<\/div>\n\t\t<\/section>\n\t\t\t\t<section class=\"has_ae_slider elementor-section elementor-top-section elementor-element elementor-element-346f784 elementor-section-boxed elementor-section-height-default elementor-section-height-default ae-bg-gallery-type-default\" data-id=\"346f784\" data-element_type=\"section\" data-e-type=\"section\">\n\t\t\t\t\t\t<div class=\"elementor-container elementor-column-gap-default\">\n\t\t\t\t\t<div class=\"has_ae_slider elementor-column elementor-col-50 elementor-top-column elementor-element elementor-element-8ad94ee ae-bg-gallery-type-default\" data-id=\"8ad94ee\" data-element_type=\"column\" data-e-type=\"column\">\n\t\t\t<div class=\"elementor-widget-wrap elementor-element-populated\">\n\t\t\t\t\t\t<div class=\"elementor-element elementor-element-552ee74 elementor-widget elementor-widget-image\" data-id=\"552ee74\" data-element_type=\"widget\" data-e-type=\"widget\" data-widget_type=\"image.default\">\n\t\t\t\t\t\t\t\t\t\t\t\t\t\t\t<img decoding=\"async\" width=\"3851\" height=\"1885\" src=\"https:\/\/mol-logistics.eu\/wp-content\/uploads\/2023\/08\/sutainable-building-lrg.png\" class=\"attachment-full size-full wp-image-3440\" alt=\"\" srcset=\"https:\/\/mol-logistics.eu\/wp-content\/uploads\/2023\/08\/sutainable-building-lrg.png 3851w, https:\/\/mol-logistics.eu\/wp-content\/uploads\/2023\/08\/sutainable-building-lrg-768x376.png 768w, https:\/\/mol-logistics.eu\/wp-content\/uploads\/2023\/08\/sutainable-building-lrg-1536x752.png 1536w, https:\/\/mol-logistics.eu\/wp-content\/uploads\/2023\/08\/sutainable-building-lrg-2048x1002.png 2048w, https:\/\/mol-logistics.eu\/wp-content\/uploads\/2023\/08\/sutainable-building-lrg-18x9.png 18w\" sizes=\"(max-width: 3851px) 100vw, 3851px\" \/>\t\t\t\t\t\t\t\t\t\t\t\t\t\t\t<\/div>\n\t\t\t\t\t<\/div>\n\t\t<\/div>\n\t\t\t\t<div class=\"has_ae_slider elementor-column elementor-col-50 elementor-top-column elementor-element elementor-element-c6e5010 ae-bg-gallery-type-default\" data-id=\"c6e5010\" data-element_type=\"column\" data-e-type=\"column\">\n\t\t\t<div class=\"elementor-widget-wrap elementor-element-populated\">\n\t\t\t\t\t\t<div class=\"elementor-element elementor-element-751d038 elementor-widget elementor-widget-heading\" data-id=\"751d038\" data-element_type=\"widget\" data-e-type=\"widget\" data-widget_type=\"heading.default\">\n\t\t\t\t\t<h2 class=\"elementor-heading-title elementor-size-xl\">C\u00edle udr\u017eitelnosti<\/h2>\t\t\t\t<\/div>\n\t\t\t\t<div class=\"elementor-element elementor-element-15945f4 elementor-widget elementor-widget-text-editor\" data-id=\"15945f4\" data-element_type=\"widget\" data-e-type=\"widget\" data-widget_type=\"text-editor.default\">\n\t\t\t\t\t\t\t\t\t<p><span class=\"OYPEnA text-decoration-none text-strikethrough-none\">Jako sou\u010d\u00e1st Skupiny MOL, kter\u00e1 se zam\u011b\u0159uje na n\u00edzkouhl\u00edkov\u00e9 a dekarboniza\u010dn\u00ed technologie, se sna\u017e\u00edme nab\u00edzet slu\u017eby s velk\u00fdm v\u011bdom\u00edm pot\u0159eby <a href=\"https:\/\/www.mol.co.jp\/en\/sustainability\/\" target=\"_blank\" rel=\"noopener\">sn\u00ed\u017eit n\u00e1\u0161 dopad na \u017eivotn\u00ed prost\u0159ed\u00ed<\/a>. Pod heslem \"s c\u00edlem st\u00e1t se logistickou spole\u010dnost\u00ed, kter\u00e1 poskytuje jedine\u010dn\u00e9, vysoce kvalitn\u00ed a na trhu konkurenceschopn\u00e9 slu\u017eby\" vyu\u017e\u00edv\u00e1me \u00fazk\u00e9 t\u00fdmov\u00e9 spolupr\u00e1ce s logistick\u00fdmi odborn\u00edky po cel\u00e9m sv\u011bt\u011b a poskytujeme podporu dodavatelsk\u00e9ho \u0159et\u011bzce jako skute\u010dn\u00fd logistick\u00fd partner na\u0161ich z\u00e1kazn\u00edk\u016f.<\/span>\u00a0<\/p>\t\t\t\t\t\t\t\t<\/div>\n\t\t\t\t\t<\/div>\n\t\t<\/div>\n\t\t\t\t\t<\/div>\n\t\t<\/section>\n\t\t\t\t<section class=\"has_ae_slider elementor-section elementor-top-section elementor-element elementor-element-7c4cb96 elementor-section-boxed elementor-section-height-default elementor-section-height-default ae-bg-gallery-type-default\" data-id=\"7c4cb96\" data-element_type=\"section\" data-e-type=\"section\">\n\t\t\t\t\t\t<div class=\"elementor-container elementor-column-gap-default\">\n\t\t\t\t\t<div class=\"has_ae_slider elementor-column elementor-col-50 elementor-top-column elementor-element elementor-element-87b4b5a ae-bg-gallery-type-default elementor-invisible\" data-id=\"87b4b5a\" data-element_type=\"column\" data-e-type=\"column\" data-settings=\"{&quot;animation&quot;:&quot;fadeIn&quot;}\">\n\t\t\t<div class=\"elementor-widget-wrap elementor-element-populated\">\n\t\t\t\t\t\t<div class=\"elementor-element elementor-element-067369b elementor-widget elementor-widget-heading\" data-id=\"067369b\" data-element_type=\"widget\" data-e-type=\"widget\" data-widget_type=\"heading.default\">\n\t\t\t\t\t<h2 class=\"elementor-heading-title elementor-size-xl\">Sn\u00ed\u017een\u00ed emis\u00ed CO\u00b2 v logistice<\/h2>\t\t\t\t<\/div>\n\t\t\t\t<div class=\"elementor-element elementor-element-3e0c297 elementor-widget elementor-widget-text-editor\" data-id=\"3e0c297\" data-element_type=\"widget\" data-e-type=\"widget\" data-widget_type=\"text-editor.default\">\n\t\t\t\t\t\t\t\t\t<p>Sni\u017eov\u00e1n\u00ed emis\u00ed CO\u00b2 je ned\u00edlnou sou\u010d\u00e1st\u00ed na\u0161ich obchodn\u00edch operac\u00ed a pl\u00e1n\u016f. D\u00edky inovac\u00edm a kreativit\u011b zaji\u0161\u0165ujeme, aby byl dopad na \u017eivotn\u00ed prost\u0159ed\u00ed v r\u00e1mci cel\u00e9ho na\u0161eho logistick\u00e9ho provozu minim\u00e1ln\u00ed.<\/p><h4>Skladov\u00e1n\u00ed\u00a0<\/h4><p>Na\u0161e sklady jsou co nejv\u00edce neutr\u00e1ln\u00ed z hlediska emis\u00ed CO\u00b2 d\u00edky pou\u017eit\u00ed LED osv\u011btlen\u00ed a sol\u00e1rn\u00ed energie. Zpracov\u00e1vaj\u00ed se tak\u00e9 ve\u0161ker\u00e1 izola\u010dn\u00ed opat\u0159en\u00ed, kter\u00e1 lze prov\u00e9st.\u00a0<span style=\"color: var( --e-global-color-text ); font-family: var( --e-global-typography-text-font-family ), Sans-serif;\">Energeticky \u00fa\u010dinn\u00e9 sklady a distribu\u010dn\u00ed centra mohou sn\u00ed\u017eit spot\u0159ebu energie spojenou s logistick\u00fdmi operacemi.\u00a0<\/span><\/p><h4>Modality<\/h4><p>Spole\u010dnost MOL Logistics je jedn\u00edm z prvn\u00edch inici\u00e1tor\u016f spolupr\u00e1ce s leteck\u00fdmi dopravci, kte\u0159\u00ed pou\u017e\u00edvaj\u00ed udr\u017eiteln\u00e9 leteck\u00e9 palivo.\u00a0\u00a0<\/p><p><span style=\"color: var( --e-global-color-text ); font-family: var( --e-global-typography-text-font-family ), Sans-serif;\">Optimalizace pl\u00e1nov\u00e1n\u00ed vede ke sn\u00ed\u017een\u00ed emis\u00ed CO\u00b2 i n\u00e1klad\u016f.\u00a0 <\/span><\/p><p>Multimod\u00e1ln\u00ed \u0159e\u0161en\u00ed, nap\u0159. v\u011bt\u0161\u00ed vyu\u017eit\u00ed \u017eeleznice nebo vnitrozemsk\u00fdch vodn\u00edch cest nam\u00edsto silnic, vede k podstatn\u00e9mu sn\u00ed\u017een\u00ed spot\u0159eby fosiln\u00edch paliv.\u00a0<\/p><p>\u00a0<\/p>\t\t\t\t\t\t\t\t<\/div>\n\t\t\t\t\t<\/div>\n\t\t<\/div>\n\t\t\t\t<div class=\"has_ae_slider elementor-column elementor-col-50 elementor-top-column elementor-element elementor-element-640c225 elementor-hidden-mobile ae-bg-gallery-type-default\" data-id=\"640c225\" data-element_type=\"column\" data-e-type=\"column\">\n\t\t\t<div class=\"elementor-widget-wrap elementor-element-populated\">\n\t\t\t\t\t\t<div class=\"elementor-element elementor-element-2ed770f elementor-widget elementor-widget-image\" data-id=\"2ed770f\" data-element_type=\"widget\" data-e-type=\"widget\" data-widget_type=\"image.default\">\n\t\t\t\t\t\t\t\t\t\t\t\t\t\t\t<img loading=\"lazy\" decoding=\"async\" width=\"800\" height=\"1000\" src=\"https:\/\/mol-logistics.eu\/wp-content\/uploads\/2023\/09\/sustainable-aviation-fuel.jpg\" class=\"attachment-full size-full wp-image-4143\" alt=\"\" srcset=\"https:\/\/mol-logistics.eu\/wp-content\/uploads\/2023\/09\/sustainable-aviation-fuel.jpg 800w, https:\/\/mol-logistics.eu\/wp-content\/uploads\/2023\/09\/sustainable-aviation-fuel-768x960.jpg 768w, https:\/\/mol-logistics.eu\/wp-content\/uploads\/2023\/09\/sustainable-aviation-fuel-10x12.jpg 10w\" sizes=\"(max-width: 800px) 100vw, 800px\" \/>\t\t\t\t\t\t\t\t\t\t\t\t\t\t\t<\/div>\n\t\t\t\t\t<\/div>\n\t\t<\/div>\n\t\t\t\t\t<\/div>\n\t\t<\/section>\n\t\t\t\t<section class=\"has_ae_slider elementor-section elementor-top-section elementor-element elementor-element-ce717e2 elementor-section-boxed elementor-section-height-default elementor-section-height-default ae-bg-gallery-type-default\" data-id=\"ce717e2\" data-element_type=\"section\" data-e-type=\"section\">\n\t\t\t\t\t\t<div class=\"elementor-container elementor-column-gap-default\">\n\t\t\t\t\t<div class=\"has_ae_slider elementor-column elementor-col-50 elementor-top-column elementor-element elementor-element-69c6b88 ae-bg-gallery-type-default\" data-id=\"69c6b88\" data-element_type=\"column\" data-e-type=\"column\">\n\t\t\t<div class=\"elementor-widget-wrap\">\n\t\t\t\t\t\t\t<\/div>\n\t\t<\/div>\n\t\t\t\t<div class=\"has_ae_slider elementor-column elementor-col-50 elementor-top-column elementor-element elementor-element-0009686 ae-bg-gallery-type-default\" data-id=\"0009686\" data-element_type=\"column\" data-e-type=\"column\">\n\t\t\t<div class=\"elementor-widget-wrap\">\n\t\t\t\t\t\t\t<\/div>\n\t\t<\/div>\n\t\t\t\t\t<\/div>\n\t\t<\/section>\n\t\t\t\t<\/div>","protected":false},"excerpt":{"rendered":"<p>Home O spole\u010dnosti MOL Logistics Udr\u017eitelnost Skupina MOL se vyzna\u010duje rozs\u00e1hlou agendou v oblasti spole\u010densk\u00e9 odpov\u011bdnosti a inovativn\u00ed udr\u017eitelnosti.  \u0158\u00edzen\u00ed udr\u017eitelnosti Zam\u011b\u0159en\u00ed Skupiny MOL Logistics Bezpe\u010dnost a hodnota Poskytov\u00e1n\u00ed p\u0159idan\u00e9 hodnoty prost\u0159ednictv\u00edm bezpe\u010dn\u00e9 dopravy a soci\u00e1ln\u00ed infrastruktury \u017divotn\u00ed prost\u0159ed\u00ed Ochrana mo\u0159sk\u00e9ho a glob\u00e1ln\u00edho \u017eivotn\u00edho prost\u0159ed\u00ed \u010clov\u011bk a komunita P\u0159isp\u00edv\u00e1n\u00ed k [...]<\/p>","protected":false},"author":1,"featured_media":3750,"parent":2298,"menu_order":0,"comment_status":"closed","ping_status":"closed","template":"","meta":{"_acf_changed":false,"footnotes":""},"class_list":["post-3162","page","type-page","status-publish","has-post-thumbnail","hentry"],"acf":[],"_links":{"self":[{"href":"https:\/\/mol-logistics.eu\/cs\/wp-json\/wp\/v2\/pages\/3162","targetHints":{"allow":["GET"]}}],"collection":[{"href":"https:\/\/mol-logistics.eu\/cs\/wp-json\/wp\/v2\/pages"}],"about":[{"href":"https:\/\/mol-logistics.eu\/cs\/wp-json\/wp\/v2\/types\/page"}],"author":[{"embeddable":true,"href":"https:\/\/mol-logistics.eu\/cs\/wp-json\/wp\/v2\/users\/1"}],"replies":[{"embeddable":true,"href":"https:\/\/mol-logistics.eu\/cs\/wp-json\/wp\/v2\/comments?post=3162"}],"version-history":[{"count":5,"href":"https:\/\/mol-logistics.eu\/cs\/wp-json\/wp\/v2\/pages\/3162\/revisions"}],"predecessor-version":[{"id":4934,"href":"https:\/\/mol-logistics.eu\/cs\/wp-json\/wp\/v2\/pages\/3162\/revisions\/4934"}],"up":[{"embeddable":true,"href":"https:\/\/mol-logistics.eu\/cs\/wp-json\/wp\/v2\/pages\/2298"}],"wp:featuredmedia":[{"embeddable":true,"href":"https:\/\/mol-logistics.eu\/cs\/wp-json\/wp\/v2\/media\/3750"}],"wp:attachment":[{"href":"https:\/\/mol-logistics.eu\/cs\/wp-json\/wp\/v2\/media?parent=3162"}],"curies":[{"name":"wp","href":"https:\/\/api.w.org\/{rel}","templated":true}]}}