{"id":3852,"date":"2023-09-02T15:56:38","date_gmt":"2023-09-02T15:56:38","guid":{"rendered":"https:\/\/mol-logistics.eu\/?page_id=3852"},"modified":"2024-08-01T13:10:41","modified_gmt":"2024-08-01T11:10:41","slug":"mol-network","status":"publish","type":"page","link":"https:\/\/mol-logistics.eu\/cs\/o-spolecnosti-mol-logistics\/mol-network\/","title":{"rendered":"S\u00ed\u0165 logistick\u00e9 skupiny MOL"},"content":{"rendered":"<div data-elementor-type=\"wp-page\" data-elementor-id=\"3852\" class=\"elementor elementor-3852\" data-elementor-post-type=\"page\">\n\t\t\t\t\t\t<section class=\"has_ae_slider elementor-section elementor-top-section elementor-element elementor-element-ea831ab elementor-hidden-mobile elementor-section-boxed elementor-section-height-default elementor-section-height-default ae-bg-gallery-type-default\" data-id=\"ea831ab\" data-element_type=\"section\" data-e-type=\"section\" data-settings=\"{&quot;background_background&quot;:&quot;classic&quot;}\">\n\t\t\t\t\t\t<div class=\"elementor-container elementor-column-gap-default\">\n\t\t\t\t\t<div class=\"has_ae_slider elementor-column elementor-col-100 elementor-top-column elementor-element elementor-element-4d0e452 ae-bg-gallery-type-default\" data-id=\"4d0e452\" data-element_type=\"column\" data-e-type=\"column\">\n\t\t\t<div class=\"elementor-widget-wrap elementor-element-populated\">\n\t\t\t\t\t\t<div class=\"elementor-element elementor-element-fe14b4b elementor-icon-list--layout-inline elementor-list-item-link-full_width elementor-widget elementor-widget-icon-list\" data-id=\"fe14b4b\" data-element_type=\"widget\" data-e-type=\"widget\" data-widget_type=\"icon-list.default\">\n\t\t\t\t\t\t\t<ul class=\"elementor-icon-list-items elementor-inline-items\">\n\t\t\t\t\t\t\t<li class=\"elementor-icon-list-item elementor-inline-item\">\n\t\t\t\t\t\t\t\t\t\t\t<a href=\"\/cs\/\">\n\n\t\t\t\t\t\t\t\t\t\t\t\t<span class=\"elementor-icon-list-icon\">\n\t\t\t\t\t\t\t<i aria-hidden=\"true\" class=\"fal fa-home-lg\"><\/i>\t\t\t\t\t\t<\/span>\n\t\t\t\t\t\t\t\t\t\t<span class=\"elementor-icon-list-text\">Home<\/span>\n\t\t\t\t\t\t\t\t\t\t\t<\/a>\n\t\t\t\t\t\t\t\t\t<\/li>\n\t\t\t\t\t\t\t\t<li class=\"elementor-icon-list-item elementor-inline-item\">\n\t\t\t\t\t\t\t\t\t\t\t<a href=\"https:\/\/mol-logistics.eu\/cs\/o-spolecnosti-mol-logistics\/\">\n\n\t\t\t\t\t\t\t\t\t\t\t\t<span class=\"elementor-icon-list-icon\">\n\t\t\t\t\t\t\t<i aria-hidden=\"true\" class=\"fal fa-angle-double-right\"><\/i>\t\t\t\t\t\t<\/span>\n\t\t\t\t\t\t\t\t\t\t<span class=\"elementor-icon-list-text\">O spole\u010dnosti MOL Logistics<\/span>\n\t\t\t\t\t\t\t\t\t\t\t<\/a>\n\t\t\t\t\t\t\t\t\t<\/li>\n\t\t\t\t\t\t\t\t<li class=\"elementor-icon-list-item elementor-inline-item\">\n\t\t\t\t\t\t\t\t\t\t\t<a href=\"https:\/\/mol-logistics.eu\/cs\/o-spolecnosti-mol-logistics\/mol-network\/\">\n\n\t\t\t\t\t\t\t\t\t\t\t\t<span class=\"elementor-icon-list-icon\">\n\t\t\t\t\t\t\t<i aria-hidden=\"true\" class=\"fal fa-angle-double-right\"><\/i>\t\t\t\t\t\t<\/span>\n\t\t\t\t\t\t\t\t\t\t<span class=\"elementor-icon-list-text\">S\u00ed\u0165 logistick\u00e9 skupiny MOL<\/span>\n\t\t\t\t\t\t\t\t\t\t\t<\/a>\n\t\t\t\t\t\t\t\t\t<\/li>\n\t\t\t\t\t\t<\/ul>\n\t\t\t\t\t\t<\/div>\n\t\t\t\t\t<\/div>\n\t\t<\/div>\n\t\t\t\t\t<\/div>\n\t\t<\/section>\n\t\t\t\t<section class=\"has_ae_slider elementor-section elementor-top-section elementor-element elementor-element-179fba4 elementor-section-height-min-height elementor-section-items-bottom elementor-section-boxed elementor-section-height-default ae-bg-gallery-type-default\" data-id=\"179fba4\" data-element_type=\"section\" data-e-type=\"section\" data-settings=\"{&quot;background_background&quot;:&quot;classic&quot;}\">\n\t\t\t\t\t\t\t<div class=\"elementor-background-overlay\"><\/div>\n\t\t\t\t\t\t\t<div class=\"elementor-container elementor-column-gap-default\">\n\t\t\t\t\t<div class=\"has_ae_slider elementor-column elementor-col-100 elementor-top-column elementor-element elementor-element-e1911bf ae-bg-gallery-type-default\" data-id=\"e1911bf\" data-element_type=\"column\" data-e-type=\"column\">\n\t\t\t<div class=\"elementor-widget-wrap elementor-element-populated\">\n\t\t\t\t\t\t<div class=\"elementor-element elementor-element-f11ed20 elementor-invisible elementor-widget elementor-widget-heading\" data-id=\"f11ed20\" data-element_type=\"widget\" data-e-type=\"widget\" data-settings=\"{&quot;_animation&quot;:&quot;fadeInLeft&quot;}\" data-widget_type=\"heading.default\">\n\t\t\t\t\t<h1 class=\"elementor-heading-title elementor-size-xxl\">S\u00ed\u0165 logistick\u00e9 skupiny MOL<\/h1>\t\t\t\t<\/div>\n\t\t\t\t<div class=\"elementor-element elementor-element-f66183c elementor-widget__width-initial elementor-widget elementor-widget-text-editor\" data-id=\"f66183c\" data-element_type=\"widget\" data-e-type=\"widget\" data-widget_type=\"text-editor.default\">\n\t\t\t\t\t\t\t\t\t<div class=\"output-container\"><div id=\"output\"><p>Rozs\u00e1hl\u00e1 s\u00ed\u0165 po cel\u00e9m sv\u011bt\u011b poskytuje komplexn\u00ed logistick\u00e9 slu\u017eby zam\u011b\u0159en\u00e9 na z\u00e1kazn\u00edka. Na\u0161e s\u00edt\u011b jsme vyvinuli a roz\u0161\u00ed\u0159ili v celosv\u011btov\u00e9m m\u011b\u0159\u00edtku a nab\u00edz\u00edme vysoce kvalitn\u00ed slu\u017eby po cel\u00e9m sv\u011bt\u011b.<\/p><\/div><\/div>\t\t\t\t\t\t\t\t<\/div>\n\t\t\t\t\t<\/div>\n\t\t<\/div>\n\t\t\t\t\t<\/div>\n\t\t<\/section>\n\t\t\t\t<section class=\"has_ae_slider elementor-section elementor-top-section elementor-element elementor-element-7707300 elementor-section-content-top elementor-section-boxed elementor-section-height-default elementor-section-height-default ae-bg-gallery-type-default\" data-id=\"7707300\" data-element_type=\"section\" data-e-type=\"section\">\n\t\t\t\t\t\t<div class=\"elementor-container elementor-column-gap-default\">\n\t\t\t\t\t<div class=\"has_ae_slider elementor-column elementor-col-50 elementor-top-column elementor-element elementor-element-7cd6f6e ae-bg-gallery-type-default elementor-invisible\" data-id=\"7cd6f6e\" data-element_type=\"column\" data-e-type=\"column\" data-settings=\"{&quot;animation&quot;:&quot;fadeIn&quot;}\">\n\t\t\t<div class=\"elementor-widget-wrap elementor-element-populated\">\n\t\t\t\t\t\t<div class=\"elementor-element elementor-element-7e5d78e elementor-widget elementor-widget-heading\" data-id=\"7e5d78e\" data-element_type=\"widget\" data-e-type=\"widget\" data-widget_type=\"heading.default\">\n\t\t\t\t\t<h2 class=\"elementor-heading-title elementor-size-xl\">Na\u0161e sv\u011btov\u00e9 a provozn\u00ed z\u00e1sady<\/h2>\t\t\t\t<\/div>\n\t\t\t\t<div class=\"elementor-element elementor-element-be8b737 elementor-widget elementor-widget-text-editor\" data-id=\"be8b737\" data-element_type=\"widget\" data-e-type=\"widget\" data-widget_type=\"text-editor.default\">\n\t\t\t\t\t\t\t\t\t<p>MOL Logistics EMEA je sou\u010d\u00e1st\u00ed skupiny MOL Logistics s \u00fast\u0159ed\u00edm v Japonsku a 140 obchodn\u00edmi m\u00edsty v Americe, Asii, na St\u0159edn\u00edm v\u00fdchod\u011b, v Africe a Evrop\u011b. Vedle toho \u00fazce spolupracujeme se 189 zastoupen\u00edmi rozd\u011blen\u00fdmi do 51 zem\u00ed. Souhrn\u011b nab\u00edz\u00edme <a href=\"https:\/\/www.mol-logistics-group.com\/en\/network\/\" target=\"_blank\" rel=\"noopener\">celosv\u011btov\u00e9 pokryt\u00ed<\/a> pro optim\u00e1ln\u00ed servis. V\u0161echny kancel\u00e1\u0159e pracuj\u00ed podle stejn\u00fdch z\u00e1sad:<\/p><ul class=\"p-philosophy\"><li>P\u0159isp\u00edv\u00e1me k celosv\u011btov\u00e9mu hospod\u00e1\u0159sk\u00e9mu r\u016fstu t\u00edm, \u017ee vyv\u00edj\u00edme komplexn\u00ed komplexn\u00ed logistick\u00e9 slu\u017eby s vysokou p\u0159idanou hodnotou, kter\u00e9 dokonale odpov\u00eddaj\u00ed pot\u0159eb\u00e1m z\u00e1kazn\u00edk\u016f.<\/li><li>Podnik\u00e1me \u0159\u00e1dn\u011b a vysoce transparentn\u011b s c\u00edlem zv\u00fd\u0161it hodnotu na\u0161\u00ed spole\u010dnosti.<\/li><li>Pln\u00edme sv\u00e9 povinnosti v\u016f\u010di ve\u0159ejnosti a akcion\u00e1\u0159\u016fm a z\u00e1rove\u0148 se sna\u017e\u00edme vytvo\u0159it spole\u010dnost, kter\u00e1 nab\u00edz\u00ed zam\u011bstnanc\u016fm spokojen\u00e9 pracovn\u00ed prost\u0159ed\u00ed.<\/li><\/ul>\t\t\t\t\t\t\t\t<\/div>\n\t\t\t\t\t<\/div>\n\t\t<\/div>\n\t\t\t\t<div class=\"has_ae_slider elementor-column elementor-col-50 elementor-top-column elementor-element elementor-element-06d7b78 elementor-hidden-mobile ae-bg-gallery-type-default\" data-id=\"06d7b78\" data-element_type=\"column\" data-e-type=\"column\">\n\t\t\t<div class=\"elementor-widget-wrap elementor-element-populated\">\n\t\t\t\t\t\t<div class=\"elementor-element elementor-element-e994f8a elementor-widget elementor-widget-image\" data-id=\"e994f8a\" data-element_type=\"widget\" data-e-type=\"widget\" data-widget_type=\"image.default\">\n\t\t\t\t\t\t\t\t\t\t\t\t\t\t\t<img fetchpriority=\"high\" decoding=\"async\" width=\"400\" height=\"250\" src=\"https:\/\/mol-logistics.eu\/wp-content\/uploads\/2023\/09\/Vlag-EMEA-400x250-1.webp\" class=\"attachment-full size-full wp-image-3847\" alt=\"\" srcset=\"https:\/\/mol-logistics.eu\/wp-content\/uploads\/2023\/09\/Vlag-EMEA-400x250-1.webp 400w, https:\/\/mol-logistics.eu\/wp-content\/uploads\/2023\/09\/Vlag-EMEA-400x250-1-18x12.webp 18w\" sizes=\"(max-width: 400px) 100vw, 400px\" \/>\t\t\t\t\t\t\t\t\t\t\t\t\t\t\t<\/div>\n\t\t\t\t<div class=\"elementor-element elementor-element-a3ff369 elementor-absolute elementor-hidden-mobile elementor-hidden-tablet elementor-widget elementor-widget-image\" data-id=\"a3ff369\" data-element_type=\"widget\" data-e-type=\"widget\" data-settings=\"{&quot;_position&quot;:&quot;absolute&quot;,&quot;motion_fx_motion_fx_mouse&quot;:&quot;yes&quot;,&quot;motion_fx_mouseTrack_effect&quot;:&quot;yes&quot;,&quot;motion_fx_mouseTrack_speed&quot;:{&quot;unit&quot;:&quot;px&quot;,&quot;size&quot;:0.20000000000000001,&quot;sizes&quot;:[]}}\" data-widget_type=\"image.default\">\n\t\t\t\t\t\t\t\t\t\t\t\t\t\t\t<img decoding=\"async\" width=\"500\" height=\"500\" src=\"https:\/\/mol-logistics.eu\/wp-content\/uploads\/2024\/08\/11.-Yashima-san.jpg\" class=\"attachment-full size-full wp-image-14774\" alt=\"\" srcset=\"https:\/\/mol-logistics.eu\/wp-content\/uploads\/2024\/08\/11.-Yashima-san.jpg 500w, https:\/\/mol-logistics.eu\/wp-content\/uploads\/2024\/08\/11.-Yashima-san-12x12.jpg 12w\" sizes=\"(max-width: 500px) 100vw, 500px\" \/>\t\t\t\t\t\t\t\t\t\t\t\t\t\t\t<\/div>\n\t\t\t\t\t<\/div>\n\t\t<\/div>\n\t\t\t\t\t<\/div>\n\t\t<\/section>\n\t\t\t\t<section class=\"has_ae_slider elementor-section elementor-top-section elementor-element elementor-element-aa127e7 elementor-section-boxed elementor-section-height-default elementor-section-height-default ae-bg-gallery-type-default\" data-id=\"aa127e7\" data-element_type=\"section\" data-e-type=\"section\">\n\t\t\t\t\t\t<div class=\"elementor-container elementor-column-gap-default\">\n\t\t\t\t\t<div class=\"has_ae_slider elementor-column elementor-col-50 elementor-top-column elementor-element elementor-element-d2f5be7 ae-bg-gallery-type-default\" data-id=\"d2f5be7\" data-element_type=\"column\" data-e-type=\"column\">\n\t\t\t<div class=\"elementor-widget-wrap elementor-element-populated\">\n\t\t\t\t\t\t<div class=\"elementor-element elementor-element-aead2b0 elementor-widget elementor-widget-image\" data-id=\"aead2b0\" data-element_type=\"widget\" data-e-type=\"widget\" data-widget_type=\"image.default\">\n\t\t\t\t\t\t\t\t\t\t\t\t\t\t\t<img decoding=\"async\" width=\"451\" height=\"453\" src=\"https:\/\/mol-logistics.eu\/wp-content\/uploads\/2023\/05\/HOME_3_MOL-Logistics-Network-e1695036208817.png\" class=\"attachment-full size-full wp-image-2583\" alt=\"\" srcset=\"https:\/\/mol-logistics.eu\/wp-content\/uploads\/2023\/05\/HOME_3_MOL-Logistics-Network-e1695036208817.png 451w, https:\/\/mol-logistics.eu\/wp-content\/uploads\/2023\/05\/HOME_3_MOL-Logistics-Network-e1695036208817-12x12.png 12w\" sizes=\"(max-width: 451px) 100vw, 451px\" \/>\t\t\t\t\t\t\t\t\t\t\t\t\t\t\t<\/div>\n\t\t\t\t\t<\/div>\n\t\t<\/div>\n\t\t\t\t<div class=\"has_ae_slider elementor-column elementor-col-50 elementor-top-column elementor-element elementor-element-6aa11a3 ae-bg-gallery-type-default\" data-id=\"6aa11a3\" data-element_type=\"column\" data-e-type=\"column\">\n\t\t\t<div class=\"elementor-widget-wrap elementor-element-populated\">\n\t\t\t\t\t\t<div class=\"elementor-element elementor-element-7ad4af9 elementor-widget elementor-widget-heading\" data-id=\"7ad4af9\" data-element_type=\"widget\" data-e-type=\"widget\" data-widget_type=\"heading.default\">\n\t\t\t\t\t<h2 class=\"elementor-heading-title elementor-size-xl\">MOL GROUP: Soci\u00e1ln\u00ed a odpov\u011bdn\u00e1<\/h2>\t\t\t\t<\/div>\n\t\t\t\t<div class=\"elementor-element elementor-element-c332422 elementor-widget elementor-widget-text-editor\" data-id=\"c332422\" data-element_type=\"widget\" data-e-type=\"widget\" data-widget_type=\"text-editor.default\">\n\t\t\t\t\t\t\t\t\t<p>Spole\u010dnost MOL Logistics je sou\u010d\u00e1st\u00ed <a href=\"https:\/\/www.mol.co.jp\/en\/\" target=\"_blank\" rel=\"noopener\">skupiny MOL<\/a>s ko\u0159eny v Japonsku. Skupina vznikla z n\u00e1mo\u0159n\u00ed spole\u010dnosti Mitsui O.S.K. Lines, kter\u00e1 m\u00e1 v\u00edce ne\u017e 700 plavidel. Skupina MOL je definov\u00e1na jako spole\u010dnost soci\u00e1ln\u00ed infrastruktury.  Skupina MOL bude vedle tradi\u010dn\u00edho podnik\u00e1n\u00ed v oblasti n\u00e1mo\u0159n\u00ed dopravy, kter\u00e9 se kultivuje d\u00edky 140let\u00e9 historii, rozv\u00edjet r\u016fzn\u00e9 druhy podnik\u00e1n\u00ed v oblasti soci\u00e1ln\u00ed infrastruktury a pomoc\u00ed inovativn\u00edch technologi\u00ed a slu\u017eeb bude uspokojovat vyv\u00edjej\u00edc\u00ed se soci\u00e1ln\u00ed pot\u0159eby, v\u010detn\u011b ochrany \u017eivotn\u00edho prost\u0159ed\u00ed. Spole\u010dnost MOL posiluje hodnoty definovan\u00e9 v <a href=\"https:\/\/www.mol.co.jp\/en\/sustainability\/human\/mol-chart\/\" target=\"_blank\" rel=\"noopener\">\"MOL CHARTS\"<\/a> a ak\u010dn\u00ed pl\u00e1ny na \u0159e\u0161en\u00ed ot\u00e1zek udr\u017eitelnosti v regionu. <a href=\"https:\/\/www.mol.co.jp\/en\/sustainability\/\" target=\"_blank\" rel=\"noopener\">\"Pl\u00e1n udr\u017eitelnosti spole\u010dnosti MOL\"<\/a>.<\/p>\t\t\t\t\t\t\t\t<\/div>\n\t\t\t\t\t<\/div>\n\t\t<\/div>\n\t\t\t\t\t<\/div>\n\t\t<\/section>\n\t\t\t\t<\/div>","protected":false},"excerpt":{"rendered":"<p>Home O spole\u010dnosti MOL Logistics S\u00ed\u0165 skupiny MOL Logistics Rozs\u00e1hl\u00e9 s\u00edt\u011b po cel\u00e9m sv\u011bt\u011b poskytuj\u00ed komplexn\u00ed logistick\u00e9 slu\u017eby zam\u011b\u0159en\u00e9 na z\u00e1kazn\u00edka. Na\u0161e s\u00edt\u011b jsme vyvinuli a roz\u0161\u00ed\u0159ili v glob\u00e1ln\u00edm m\u011b\u0159\u00edtku a nab\u00edz\u00edme vysoce kvalitn\u00ed slu\u017eby po cel\u00e9m sv\u011bt\u011b. Na\u0161e s\u00ed\u0165 en principy fungov\u00e1n\u00ed MOL Logistics EMEA region je sou\u010d\u00e1st\u00ed skupiny MOL Logistics Group, se s\u00eddlem [...]<\/p>","protected":false},"author":1,"featured_media":4082,"parent":2298,"menu_order":0,"comment_status":"closed","ping_status":"closed","template":"","meta":{"_acf_changed":false,"footnotes":""},"class_list":["post-3852","page","type-page","status-publish","has-post-thumbnail","hentry"],"acf":[],"_links":{"self":[{"href":"https:\/\/mol-logistics.eu\/cs\/wp-json\/wp\/v2\/pages\/3852","targetHints":{"allow":["GET"]}}],"collection":[{"href":"https:\/\/mol-logistics.eu\/cs\/wp-json\/wp\/v2\/pages"}],"about":[{"href":"https:\/\/mol-logistics.eu\/cs\/wp-json\/wp\/v2\/types\/page"}],"author":[{"embeddable":true,"href":"https:\/\/mol-logistics.eu\/cs\/wp-json\/wp\/v2\/users\/1"}],"replies":[{"embeddable":true,"href":"https:\/\/mol-logistics.eu\/cs\/wp-json\/wp\/v2\/comments?post=3852"}],"version-history":[{"count":5,"href":"https:\/\/mol-logistics.eu\/cs\/wp-json\/wp\/v2\/pages\/3852\/revisions"}],"predecessor-version":[{"id":14777,"href":"https:\/\/mol-logistics.eu\/cs\/wp-json\/wp\/v2\/pages\/3852\/revisions\/14777"}],"up":[{"embeddable":true,"href":"https:\/\/mol-logistics.eu\/cs\/wp-json\/wp\/v2\/pages\/2298"}],"wp:featuredmedia":[{"embeddable":true,"href":"https:\/\/mol-logistics.eu\/cs\/wp-json\/wp\/v2\/media\/4082"}],"wp:attachment":[{"href":"https:\/\/mol-logistics.eu\/cs\/wp-json\/wp\/v2\/media?parent=3852"}],"curies":[{"name":"wp","href":"https:\/\/api.w.org\/{rel}","templated":true}]}}