{"id":4593,"date":"2023-09-11T11:40:16","date_gmt":"2023-09-11T11:40:16","guid":{"rendered":"https:\/\/mol-logistics.eu\/?page_id=4593"},"modified":"2023-09-11T11:40:35","modified_gmt":"2023-09-11T11:40:35","slug":"zasady-pouzivani-souboru-cookie-2","status":"publish","type":"page","link":"https:\/\/mol-logistics.eu\/cs\/zasady-pouzivani-souboru-cookie-2\/","title":{"rendered":"Z\u00e1sady pou\u017e\u00edv\u00e1n\u00ed soubor\u016f cookie"},"content":{"rendered":"<p><em>Tyto z\u00e1sady pou\u017e\u00edv\u00e1n\u00ed soubor\u016f cookie byly naposledy aktualizov\u00e1ny 28. b\u0159ezna 2022 a vztahuj\u00ed se na ob\u010dany a osoby s trval\u00fdm pobytem v Evropsk\u00e9m hospod\u00e1\u0159sk\u00e9m prostoru a \u0160v\u00fdcarsku.<\/em><\/p>\n\n\n\n<h2 class=\"wp-block-heading\">1. \u00davod<\/h2>\n\n\n\n<p>Na\u0161e webov\u00e9 str\u00e1nky,&nbsp;<a href=\"https:\/\/mol-logistics.holding-emea.com\/\" target=\"_blank\" rel=\"noopener\">https:\/\/mol-logistics.holding-emea.com<\/a>&nbsp;(d\u00e1le jen \"webov\u00e9 str\u00e1nky\") pou\u017e\u00edv\u00e1 soubory cookie a dal\u0161\u00ed souvisej\u00edc\u00ed technologie (pro usnadn\u011bn\u00ed jsou v\u0161echny technologie ozna\u010dov\u00e1ny jako \"soubory cookie\"). Soubory cookie um\u00eds\u0165uj\u00ed tak\u00e9 t\u0159et\u00ed strany, kter\u00e9 jsme si najali. V n\u00ed\u017ee uveden\u00e9m dokumentu v\u00e1s informujeme o pou\u017e\u00edv\u00e1n\u00ed soubor\u016f cookie na na\u0161ich webov\u00fdch str\u00e1nk\u00e1ch.<\/p>\n\n\n\n<h2 class=\"wp-block-heading\">2. Co jsou to cookies?<\/h2>\n\n\n\n<p>Soubor cookie je mal\u00fd jednoduch\u00fd soubor, kter\u00fd je odesl\u00e1n spolu se str\u00e1nkami tohoto webu a ulo\u017een va\u0161\u00edm prohl\u00ed\u017ee\u010dem na pevn\u00e9m disku va\u0161eho po\u010d\u00edta\u010de nebo jin\u00e9ho za\u0159\u00edzen\u00ed. Informace v n\u011bm ulo\u017een\u00e9 mohou b\u00fdt p\u0159i dal\u0161\u00ed n\u00e1v\u0161t\u011bv\u011b vr\u00e1ceny na na\u0161e servery nebo na servery p\u0159\u00edslu\u0161n\u00fdch t\u0159et\u00edch stran.<\/p>\n\n\n\n<h2 class=\"wp-block-heading\">3. Co jsou to skripty?<\/h2>\n\n\n\n<p>Skript je \u010d\u00e1st programov\u00e9ho k\u00f3du, kter\u00e1 slou\u017e\u00ed ke spr\u00e1vn\u00e9mu a interaktivn\u00edmu fungov\u00e1n\u00ed na\u0161ich webov\u00fdch str\u00e1nek. Tento k\u00f3d se spou\u0161t\u00ed na na\u0161em serveru nebo ve va\u0161em za\u0159\u00edzen\u00ed.<\/p>\n\n\n\n<h2 class=\"wp-block-heading\">4. Co je to webov\u00fd maj\u00e1k?<\/h2>\n\n\n\n<p>Webov\u00fd maj\u00e1k (nebo pixelov\u00fd tag) je mal\u00fd, neviditeln\u00fd kousek textu nebo obr\u00e1zku na webov\u00e9 str\u00e1nce, kter\u00fd se pou\u017e\u00edv\u00e1 ke sledov\u00e1n\u00ed n\u00e1v\u0161t\u011bvnosti webov\u00e9 str\u00e1nky. Za t\u00edmto \u00fa\u010delem se pomoc\u00ed webov\u00fdch maj\u00e1k\u016f ukl\u00e1daj\u00ed r\u016fzn\u00e9 \u00fadaje o v\u00e1s.<\/p>\n\n\n\n<h2 class=\"wp-block-heading\">5. Soubory cookie<\/h2>\n\n\n\n<p>5.1 Technick\u00e9 nebo funk\u010dn\u00ed soubory cookie<\/p>\n\n\n\n<p>N\u011bkter\u00e9 soubory cookie zaji\u0161\u0165uj\u00ed spr\u00e1vn\u00e9 fungov\u00e1n\u00ed ur\u010dit\u00fdch \u010d\u00e1st\u00ed webov\u00fdch str\u00e1nek a va\u0161e u\u017eivatelsk\u00e9 preference. Um\u00edst\u011bn\u00edm funk\u010dn\u00edch soubor\u016f cookie v\u00e1m usnad\u0148ujeme n\u00e1v\u0161t\u011bvu na\u0161ich webov\u00fdch str\u00e1nek. P\u0159i n\u00e1v\u0161t\u011bv\u011b na\u0161ich webov\u00fdch str\u00e1nek tak nemus\u00edte opakovan\u011b zad\u00e1vat stejn\u00e9 \u00fadaje a nap\u0159\u00edklad zbo\u017e\u00ed z\u016fstane v n\u00e1kupn\u00edm ko\u0161\u00edku, dokud nezaplat\u00edte. Tyto soubory cookie m\u016f\u017eeme um\u00edstit i bez va\u0161eho souhlasu.<\/p>\n\n\n\n<p>5.2 Statistick\u00e9 soubory cookie<\/p>\n\n\n\n<p>Statistick\u00e9 soubory cookie pou\u017e\u00edv\u00e1me k optimalizaci pr\u00e1ce s webov\u00fdmi str\u00e1nkami pro na\u0161e u\u017eivatele. Pomoc\u00ed t\u011bchto statistick\u00fdch soubor\u016f cookie z\u00edsk\u00e1v\u00e1me p\u0159ehled o pou\u017e\u00edv\u00e1n\u00ed na\u0161ich webov\u00fdch str\u00e1nek. \u017d\u00e1d\u00e1me v\u00e1s o souhlas s um\u00edst\u011bn\u00edm statistick\u00fdch soubor\u016f cookie.<\/p>\n\n\n\n<p>5.3 Marketingov\u00e9\/sledovac\u00ed soubory cookie<\/p>\n\n\n\n<p>Marketingov\u00e9\/sledovac\u00ed soubory cookie jsou soubory cookie nebo jin\u00e1 forma m\u00edstn\u00edho \u00falo\u017ei\u0161t\u011b, kter\u00e9 se pou\u017e\u00edvaj\u00ed k vytv\u00e1\u0159en\u00ed u\u017eivatelsk\u00fdch profil\u016f pro zobrazov\u00e1n\u00ed reklamy nebo ke sledov\u00e1n\u00ed u\u017eivatele na t\u011bchto webov\u00fdch str\u00e1nk\u00e1ch nebo na n\u011bkolika webov\u00fdch str\u00e1nk\u00e1ch pro podobn\u00e9 marketingov\u00e9 \u00fa\u010dely.<\/p>\n\n\n\n<h2 class=\"wp-block-heading\">6. Um\u00edst\u011bn\u00e9 soubory cookie<\/h2>\n\n\n\n<script id=\"CookieDeclaration\" src=\"https:\/\/consent.cookiebot.com\/4d2739cb-fd96-431c-aa7f-2380bd0795e4\/cd.js\" type=\"text\/javascript\" async><\/script>\n\n\n\n<h2 class=\"wp-block-heading\">8. Povolen\u00ed\/vypnut\u00ed a odstran\u011bn\u00ed soubor\u016f cookie<\/h2>\n\n\n\n<p>V internetov\u00e9m prohl\u00ed\u017ee\u010di m\u016f\u017eete soubory cookie automaticky nebo ru\u010dn\u011b odstranit. M\u016f\u017eete tak\u00e9 ur\u010dit, \u017ee n\u011bkter\u00e9 soubory cookie se nesm\u00ed ukl\u00e1dat. Dal\u0161\u00ed mo\u017enost\u00ed je zm\u011bnit nastaven\u00ed internetov\u00e9ho prohl\u00ed\u017ee\u010de tak, abyste p\u0159i ka\u017ed\u00e9m um\u00edst\u011bn\u00ed souboru cookie obdr\u017eeli zpr\u00e1vu. Dal\u0161\u00ed informace o t\u011bchto mo\u017enostech naleznete v pokynech v n\u00e1pov\u011bd\u011b va\u0161eho prohl\u00ed\u017ee\u010de.<\/p>\n\n\n\n<p>Upozor\u0148ujeme, \u017ee na\u0161e webov\u00e9 str\u00e1nky nemus\u00ed fungovat spr\u00e1vn\u011b, pokud jsou v\u0161echny soubory cookie zak\u00e1z\u00e1ny. Pokud soubory cookie ve sv\u00e9m prohl\u00ed\u017ee\u010di vyma\u017eete, budou po va\u0161em souhlasu p\u0159i dal\u0161\u00ed n\u00e1v\u0161t\u011bv\u011b na\u0161ich webov\u00fdch str\u00e1nek op\u011bt um\u00edst\u011bny.<\/p>\n\n\n\n<h2 class=\"wp-block-heading\">9. Va\u0161e pr\u00e1va t\u00fdkaj\u00edc\u00ed se osobn\u00edch \u00fadaj\u016f<\/h2>\n\n\n\n<p>V souvislosti se sv\u00fdmi osobn\u00edmi \u00fadaji m\u00e1te n\u00e1sleduj\u00edc\u00ed pr\u00e1va:<\/p>\n\n\n\n<ul class=\"wp-block-list\">\n<li>M\u00e1te pr\u00e1vo v\u011bd\u011bt, pro\u010d jsou va\u0161e osobn\u00ed \u00fadaje pot\u0159eba, co se s nimi stane a jak dlouho budou uchov\u00e1v\u00e1ny.<\/li>\n\n\n\n<li>Pr\u00e1vo na p\u0159\u00edstup: M\u00e1te pr\u00e1vo na p\u0159\u00edstup ke sv\u00fdm osobn\u00edm \u00fadaj\u016fm, kter\u00e9 jsou n\u00e1m zn\u00e1my.<\/li>\n\n\n\n<li>Pr\u00e1vo na opravu: m\u00e1te pr\u00e1vo kdykoli doplnit, opravit, vymazat nebo zablokovat sv\u00e9 osobn\u00ed \u00fadaje.<\/li>\n\n\n\n<li>Pokud n\u00e1m ud\u011bl\u00edte souhlas se zpracov\u00e1n\u00edm va\u0161ich \u00fadaj\u016f, m\u00e1te pr\u00e1vo tento souhlas odvolat a po\u017eadovat vymaz\u00e1n\u00ed va\u0161ich osobn\u00edch \u00fadaj\u016f.<\/li>\n\n\n\n<li>Pr\u00e1vo na p\u0159enos va\u0161ich \u00fadaj\u016f: m\u00e1te pr\u00e1vo vy\u017e\u00e1dat si od spr\u00e1vce v\u0161echny va\u0161e osobn\u00ed \u00fadaje a p\u0159edat je vcelku jin\u00e9mu spr\u00e1vci.<\/li>\n\n\n\n<li>Pr\u00e1vo vzn\u00e9st n\u00e1mitku: m\u016f\u017eete vzn\u00e9st n\u00e1mitku proti zpracov\u00e1n\u00ed va\u0161ich \u00fadaj\u016f. Vyhov\u00edme j\u00ed, pokud neexistuj\u00ed opr\u00e1vn\u011bn\u00e9 d\u016fvody pro zpracov\u00e1n\u00ed.<\/li>\n<\/ul>\n\n\n\n<p>Chcete-li tato pr\u00e1va uplatnit, kontaktujte n\u00e1s. Viz kontaktn\u00ed \u00fadaje v doln\u00ed \u010d\u00e1sti t\u011bchto Z\u00e1sad pou\u017e\u00edv\u00e1n\u00ed soubor\u016f cookie. Pokud m\u00e1te st\u00ed\u017enost na to, jak nakl\u00e1d\u00e1me s va\u0161imi \u00fadaji, budeme r\u00e1di, kdy\u017e se n\u00e1m ozvete, ale m\u00e1te tak\u00e9 pr\u00e1vo podat st\u00ed\u017enost dozorov\u00e9mu \u00fa\u0159adu (\u00da\u0159adu pro ochranu osobn\u00edch \u00fadaj\u016f).<\/p>\n\n\n\n<h2 class=\"wp-block-heading\">10. Kontaktn\u00ed \u00fadaje<\/h2>\n\n\n\n<p>V p\u0159\u00edpad\u011b dotaz\u016f a\/nebo p\u0159ipom\u00ednek t\u00fdkaj\u00edc\u00edch se na\u0161ich z\u00e1sad pou\u017e\u00edv\u00e1n\u00ed soubor\u016f cookie a tohoto prohl\u00e1\u0161en\u00ed n\u00e1s pros\u00edm kontaktujte prost\u0159ednictv\u00edm n\u00e1sleduj\u00edc\u00edch kontaktn\u00edch \u00fadaj\u016f:<\/p>\n\n\n\n<p>MOL Logistics Holding EMEA<br>Siriusstraat 455015BT Tilburg<br>Nizozemsko<br>Webov\u00e9 str\u00e1nky:\u00a0<a href=\"https:\/\/mol-logistics.holding-emea.com\/\" target=\"_blank\" rel=\"noopener\">https:\/\/mol-logistics.holding-emea.com<\/a><br>E-mail: info@mol-logistics.eu<br>Telefonn\u00ed \u010d\u00edslo: 013 - 5373 373<\/p>\n\n\n\n<p>Tyto z\u00e1sady pou\u017e\u00edv\u00e1n\u00ed soubor\u016f cookie byly synchronizov\u00e1ny s&nbsp;<a href=\"https:\/\/cookiedatabase.org\/\" target=\"_blank\" rel=\"noreferrer noopener\">cookiedatabase.org<\/a>&nbsp;7. z\u00e1\u0159\u00ed 2023.<\/p>","protected":false},"excerpt":{"rendered":"<p>Tyto z\u00e1sady pou\u017e\u00edv\u00e1n\u00ed soubor\u016f cookie byly naposledy aktualizov\u00e1ny 28. b\u0159ezna 2022 a vztahuj\u00ed se na ob\u010dany a osoby s trval\u00fdm pobytem v Evropsk\u00e9m hospod\u00e1\u0159sk\u00e9m prostoru a \u0160v\u00fdcarsku. 1. \u00davod Na\u0161e webov\u00e9 str\u00e1nky https:\/\/mol-logistics.holding-emea.com (d\u00e1le jen \"webov\u00e9 str\u00e1nky\") pou\u017e\u00edvaj\u00ed soubory cookie a dal\u0161\u00ed souvisej\u00edc\u00ed technologie (pro usnadn\u011bn\u00ed jsou v\u0161echny technologie ozna\u010dov\u00e1ny jako \"soubory cookie\"). Soubory cookie um\u00eds\u0165uj\u00ed tak\u00e9 t\u0159et\u00ed strany, kter\u00e9 jsme pov\u011b\u0159ili [...]<\/p>","protected":false},"author":1,"featured_media":0,"parent":0,"menu_order":0,"comment_status":"closed","ping_status":"closed","template":"","meta":{"_acf_changed":false,"footnotes":""},"class_list":["post-4593","page","type-page","status-publish","hentry"],"acf":[],"_links":{"self":[{"href":"https:\/\/mol-logistics.eu\/cs\/wp-json\/wp\/v2\/pages\/4593","targetHints":{"allow":["GET"]}}],"collection":[{"href":"https:\/\/mol-logistics.eu\/cs\/wp-json\/wp\/v2\/pages"}],"about":[{"href":"https:\/\/mol-logistics.eu\/cs\/wp-json\/wp\/v2\/types\/page"}],"author":[{"embeddable":true,"href":"https:\/\/mol-logistics.eu\/cs\/wp-json\/wp\/v2\/users\/1"}],"replies":[{"embeddable":true,"href":"https:\/\/mol-logistics.eu\/cs\/wp-json\/wp\/v2\/comments?post=4593"}],"version-history":[{"count":3,"href":"https:\/\/mol-logistics.eu\/cs\/wp-json\/wp\/v2\/pages\/4593\/revisions"}],"predecessor-version":[{"id":4597,"href":"https:\/\/mol-logistics.eu\/cs\/wp-json\/wp\/v2\/pages\/4593\/revisions\/4597"}],"wp:attachment":[{"href":"https:\/\/mol-logistics.eu\/cs\/wp-json\/wp\/v2\/media?parent=4593"}],"curies":[{"name":"wp","href":"https:\/\/api.w.org\/{rel}","templated":true}]}}