{"id":4619,"date":"2023-09-12T09:24:04","date_gmt":"2023-09-12T07:24:04","guid":{"rendered":"https:\/\/mol-logistics.eu\/?page_id=4619"},"modified":"2025-02-03T16:04:23","modified_gmt":"2025-02-03T15:04:23","slug":"vize-mise","status":"publish","type":"page","link":"https:\/\/mol-logistics.eu\/cs\/o-spolecnosti-mol-logistics\/vize-mise\/","title":{"rendered":"Posl\u00e1n\u00ed a vize"},"content":{"rendered":"<div data-elementor-type=\"wp-page\" data-elementor-id=\"4619\" class=\"elementor elementor-4619\" data-elementor-post-type=\"page\">\n\t\t\t\t\t\t<section class=\"has_ae_slider elementor-section elementor-top-section elementor-element elementor-element-13000ed elementor-hidden-mobile elementor-section-boxed elementor-section-height-default elementor-section-height-default ae-bg-gallery-type-default\" data-id=\"13000ed\" data-element_type=\"section\" data-e-type=\"section\" data-settings=\"{&quot;background_background&quot;:&quot;classic&quot;}\">\n\t\t\t\t\t\t<div class=\"elementor-container elementor-column-gap-default\">\n\t\t\t\t\t<div class=\"has_ae_slider elementor-column elementor-col-100 elementor-top-column elementor-element elementor-element-39b79b2 ae-bg-gallery-type-default\" data-id=\"39b79b2\" data-element_type=\"column\" data-e-type=\"column\">\n\t\t\t<div class=\"elementor-widget-wrap elementor-element-populated\">\n\t\t\t\t\t\t<div class=\"elementor-element elementor-element-475f0cd elementor-icon-list--layout-inline elementor-list-item-link-full_width elementor-widget elementor-widget-icon-list\" data-id=\"475f0cd\" data-element_type=\"widget\" data-e-type=\"widget\" data-widget_type=\"icon-list.default\">\n\t\t\t\t\t\t\t<ul class=\"elementor-icon-list-items elementor-inline-items\">\n\t\t\t\t\t\t\t<li class=\"elementor-icon-list-item elementor-inline-item\">\n\t\t\t\t\t\t\t\t\t\t\t<a href=\"\/cs\/\">\n\n\t\t\t\t\t\t\t\t\t\t\t\t<span class=\"elementor-icon-list-icon\">\n\t\t\t\t\t\t\t<i aria-hidden=\"true\" class=\"fal fa-home-lg\"><\/i>\t\t\t\t\t\t<\/span>\n\t\t\t\t\t\t\t\t\t\t<span class=\"elementor-icon-list-text\">Home<\/span>\n\t\t\t\t\t\t\t\t\t\t\t<\/a>\n\t\t\t\t\t\t\t\t\t<\/li>\n\t\t\t\t\t\t\t\t<li class=\"elementor-icon-list-item elementor-inline-item\">\n\t\t\t\t\t\t\t\t\t\t\t<a href=\"https:\/\/mol-logistics.eu\/cs\/o-spolecnosti-mol-logistics\/\">\n\n\t\t\t\t\t\t\t\t\t\t\t\t<span class=\"elementor-icon-list-icon\">\n\t\t\t\t\t\t\t<i aria-hidden=\"true\" class=\"fal fa-angle-double-right\"><\/i>\t\t\t\t\t\t<\/span>\n\t\t\t\t\t\t\t\t\t\t<span class=\"elementor-icon-list-text\">O spole\u010dnosti MOL Logistics<\/span>\n\t\t\t\t\t\t\t\t\t\t\t<\/a>\n\t\t\t\t\t\t\t\t\t<\/li>\n\t\t\t\t\t\t\t\t<li class=\"elementor-icon-list-item elementor-inline-item\">\n\t\t\t\t\t\t\t\t\t\t\t<a href=\"https:\/\/mol-logistics.eu\/cs\/o-spolecnosti-mol-logistics\/vize-mise\/\">\n\n\t\t\t\t\t\t\t\t\t\t\t\t<span class=\"elementor-icon-list-icon\">\n\t\t\t\t\t\t\t<i aria-hidden=\"true\" class=\"fal fa-angle-double-right\"><\/i>\t\t\t\t\t\t<\/span>\n\t\t\t\t\t\t\t\t\t\t<span class=\"elementor-icon-list-text\">Posl\u00e1n\u00ed a vize<\/span>\n\t\t\t\t\t\t\t\t\t\t\t<\/a>\n\t\t\t\t\t\t\t\t\t<\/li>\n\t\t\t\t\t\t<\/ul>\n\t\t\t\t\t\t<\/div>\n\t\t\t\t\t<\/div>\n\t\t<\/div>\n\t\t\t\t\t<\/div>\n\t\t<\/section>\n\t\t\t\t<section class=\"has_ae_slider elementor-section elementor-top-section elementor-element elementor-element-82d837d elementor-section-height-min-height elementor-section-items-bottom elementor-section-boxed elementor-section-height-default ae-bg-gallery-type-default\" data-id=\"82d837d\" data-element_type=\"section\" data-e-type=\"section\" data-settings=\"{&quot;background_background&quot;:&quot;classic&quot;}\">\n\t\t\t\t\t\t\t<div class=\"elementor-background-overlay\"><\/div>\n\t\t\t\t\t\t\t<div class=\"elementor-container elementor-column-gap-default\">\n\t\t\t\t\t<div class=\"has_ae_slider elementor-column elementor-col-100 elementor-top-column elementor-element elementor-element-bbd8e1e ae-bg-gallery-type-default\" data-id=\"bbd8e1e\" data-element_type=\"column\" data-e-type=\"column\">\n\t\t\t<div class=\"elementor-widget-wrap elementor-element-populated\">\n\t\t\t\t\t\t<div class=\"elementor-element elementor-element-9aa1814 elementor-invisible elementor-widget elementor-widget-heading\" data-id=\"9aa1814\" data-element_type=\"widget\" data-e-type=\"widget\" data-settings=\"{&quot;_animation&quot;:&quot;fadeInLeft&quot;}\" data-widget_type=\"heading.default\">\n\t\t\t\t\t<h1 class=\"elementor-heading-title elementor-size-xxl\">Posl\u00e1n\u00ed a vize<\/h1>\t\t\t\t<\/div>\n\t\t\t\t<div class=\"elementor-element elementor-element-5e4f88f elementor-widget__width-initial elementor-widget elementor-widget-text-editor\" data-id=\"5e4f88f\" data-element_type=\"widget\" data-e-type=\"widget\" data-widget_type=\"text-editor.default\">\n\t\t\t\t\t\t\t\t\t<p>MOL Logistics je hlavn\u00ed logistickou spole\u010dnost\u00ed skupiny MOL, kter\u00e1 byla zalo\u017eena p\u0159ed v\u00edce ne\u017e 60 lety. MOL Logistics nab\u00edz\u00ed nejen slu\u017eby leteck\u00e9, n\u00e1mo\u0159n\u00ed a pozemn\u00ed p\u0159epravy zbo\u017e\u00ed, ale tak\u00e9 komplexn\u00ed nab\u00eddky logistick\u00fdch slu\u017eeb, kter\u00e9 tyto jednotliv\u00e9 slu\u017eby kombinuj\u00ed.<\/p>\t\t\t\t\t\t\t\t<\/div>\n\t\t\t\t\t<\/div>\n\t\t<\/div>\n\t\t\t\t\t<\/div>\n\t\t<\/section>\n\t\t\t\t<section class=\"has_ae_slider elementor-section elementor-top-section elementor-element elementor-element-eecdc62 elementor-section-content-top elementor-section-boxed elementor-section-height-default elementor-section-height-default ae-bg-gallery-type-default\" data-id=\"eecdc62\" data-element_type=\"section\" data-e-type=\"section\">\n\t\t\t\t\t\t<div class=\"elementor-container elementor-column-gap-default\">\n\t\t\t\t\t<div class=\"has_ae_slider elementor-column elementor-col-50 elementor-top-column elementor-element elementor-element-345bf86 ae-bg-gallery-type-default elementor-invisible\" data-id=\"345bf86\" data-element_type=\"column\" data-e-type=\"column\" data-settings=\"{&quot;animation&quot;:&quot;fadeIn&quot;}\">\n\t\t\t<div class=\"elementor-widget-wrap elementor-element-populated\">\n\t\t\t\t\t\t<div class=\"elementor-element elementor-element-cc137c2 elementor-widget elementor-widget-heading\" data-id=\"cc137c2\" data-element_type=\"widget\" data-e-type=\"widget\" data-widget_type=\"heading.default\">\n\t\t\t\t\t<h2 class=\"elementor-heading-title elementor-size-xl\">Mise <\/h2>\t\t\t\t<\/div>\n\t\t\t\t<div class=\"elementor-element elementor-element-ef8ea82 elementor-widget__width-initial elementor-widget elementor-widget-text-editor\" data-id=\"ef8ea82\" data-element_type=\"widget\" data-e-type=\"widget\" data-widget_type=\"text-editor.default\">\n\t\t\t\t\t\t\t\t\t<h4 class=\"txtC\">MOL GROUP<\/h4><p class=\"txtBig\"><span class=\"txtBig\">\"Z modr\u00fdch oce\u00e1n\u016f udr\u017eujeme \u017eivoty lid\u00ed a zaji\u0161\u0165ujeme prosperuj\u00edc\u00ed budoucnost.\"<\/span><\/p><h4>MOL LOGISTICS GROUP\u00a0<\/h4><p>\"Udr\u017eovat \u017eivoty lid\u00ed na cel\u00e9m sv\u011bt\u011b a zajistit prosperuj\u00edc\u00ed budoucnost rozvojem komplexn\u00edch logistick\u00fdch slu\u017eeb s vysokou p\u0159idanou hodnotou\"<span style=\"color: inherit; font-family: var( --e-global-typography-primary-font-family ), Sans-serif; font-size: 1.5rem; font-weight: var( --e-global-typography-primary-font-weight );\">\u00a0<\/span><\/p>\t\t\t\t\t\t\t\t<\/div>\n\t\t\t\t\t<\/div>\n\t\t<\/div>\n\t\t\t\t<div class=\"has_ae_slider elementor-column elementor-col-50 elementor-top-column elementor-element elementor-element-0358d24 elementor-hidden-mobile ae-bg-gallery-type-default\" data-id=\"0358d24\" data-element_type=\"column\" data-e-type=\"column\">\n\t\t\t<div class=\"elementor-widget-wrap elementor-element-populated\">\n\t\t\t\t\t\t<div class=\"elementor-element elementor-element-932ad0f elementor-widget elementor-widget-image\" data-id=\"932ad0f\" data-element_type=\"widget\" data-e-type=\"widget\" data-widget_type=\"image.default\">\n\t\t\t\t\t\t\t\t\t\t\t\t\t\t\t<img fetchpriority=\"high\" decoding=\"async\" width=\"2006\" height=\"1126\" src=\"https:\/\/mol-logistics.eu\/wp-content\/uploads\/2023\/09\/MOLWorldchartkleur.png\" class=\"attachment-full size-full wp-image-4991\" alt=\"\" srcset=\"https:\/\/mol-logistics.eu\/wp-content\/uploads\/2023\/09\/MOLWorldchartkleur.png 2006w, https:\/\/mol-logistics.eu\/wp-content\/uploads\/2023\/09\/MOLWorldchartkleur-768x431.png 768w, https:\/\/mol-logistics.eu\/wp-content\/uploads\/2023\/09\/MOLWorldchartkleur-1536x862.png 1536w, https:\/\/mol-logistics.eu\/wp-content\/uploads\/2023\/09\/MOLWorldchartkleur-18x10.png 18w\" sizes=\"(max-width: 2006px) 100vw, 2006px\" \/>\t\t\t\t\t\t\t\t\t\t\t\t\t\t\t<\/div>\n\t\t\t\t\t<\/div>\n\t\t<\/div>\n\t\t\t\t\t<\/div>\n\t\t<\/section>\n\t\t\t\t<section class=\"has_ae_slider elementor-section elementor-top-section elementor-element elementor-element-90b972c elementor-section-boxed elementor-section-height-default elementor-section-height-default ae-bg-gallery-type-default\" data-id=\"90b972c\" data-element_type=\"section\" data-e-type=\"section\">\n\t\t\t\t\t\t<div class=\"elementor-container elementor-column-gap-default\">\n\t\t\t\t\t<div class=\"has_ae_slider elementor-column elementor-col-50 elementor-top-column elementor-element elementor-element-141559e ae-bg-gallery-type-default\" data-id=\"141559e\" data-element_type=\"column\" data-e-type=\"column\">\n\t\t\t<div class=\"elementor-widget-wrap elementor-element-populated\">\n\t\t\t\t\t\t<div class=\"elementor-element elementor-element-5c4697b elementor-widget elementor-widget-image\" data-id=\"5c4697b\" data-element_type=\"widget\" data-e-type=\"widget\" data-widget_type=\"image.default\">\n\t\t\t\t\t\t\t\t\t\t\t\t\t\t\t<img decoding=\"async\" width=\"1000\" height=\"600\" src=\"https:\/\/mol-logistics.eu\/wp-content\/uploads\/2023\/09\/Copy-of-MOL-GROUP-1000-\u00d7-800-px-1000-\u00d7-600-px-1.jpg\" class=\"attachment-full size-full wp-image-5031\" alt=\"\" srcset=\"https:\/\/mol-logistics.eu\/wp-content\/uploads\/2023\/09\/Copy-of-MOL-GROUP-1000-\u00d7-800-px-1000-\u00d7-600-px-1.jpg 1000w, https:\/\/mol-logistics.eu\/wp-content\/uploads\/2023\/09\/Copy-of-MOL-GROUP-1000-\u00d7-800-px-1000-\u00d7-600-px-1-768x461.jpg 768w, https:\/\/mol-logistics.eu\/wp-content\/uploads\/2023\/09\/Copy-of-MOL-GROUP-1000-\u00d7-800-px-1000-\u00d7-600-px-1-18x12.jpg 18w\" sizes=\"(max-width: 1000px) 100vw, 1000px\" \/>\t\t\t\t\t\t\t\t\t\t\t\t\t\t\t<\/div>\n\t\t\t\t\t<\/div>\n\t\t<\/div>\n\t\t\t\t<div class=\"has_ae_slider elementor-column elementor-col-50 elementor-top-column elementor-element elementor-element-42a3661 ae-bg-gallery-type-default\" data-id=\"42a3661\" data-element_type=\"column\" data-e-type=\"column\">\n\t\t\t<div class=\"elementor-widget-wrap elementor-element-populated\">\n\t\t\t\t\t\t<div class=\"elementor-element elementor-element-8bb3512 elementor-widget elementor-widget-heading\" data-id=\"8bb3512\" data-element_type=\"widget\" data-e-type=\"widget\" data-widget_type=\"heading.default\">\n\t\t\t\t\t<h2 class=\"elementor-heading-title elementor-size-xl\">Vize<\/h2>\t\t\t\t<\/div>\n\t\t\t\t<div class=\"elementor-element elementor-element-6ce97f4 elementor-widget elementor-widget-text-editor\" data-id=\"6ce97f4\" data-element_type=\"widget\" data-e-type=\"widget\" data-widget_type=\"text-editor.default\">\n\t\t\t\t\t\t\t\t\t<h4>MOL GROUP<\/h4><p>Vedle tradi\u010dn\u00edch p\u0159epravn\u00edch \u010dinnost\u00ed budeme rozv\u00edjet r\u016fzn\u00e9 \u010dinnosti v oblasti soci\u00e1ln\u00ed infrastruktury a pomoc\u00ed inovativn\u00edch technologi\u00ed a slu\u017eeb budeme reagovat na vyv\u00edjej\u00edc\u00ed se soci\u00e1ln\u00ed pot\u0159eby, v\u010detn\u011b ochrany \u017eivotn\u00edho prost\u0159ed\u00ed.<\/p><h4>MOL LOGISTICS GROUP<\/h4><p>C\u00edlem skupiny MOL je b\u00fdt silnou a odolnou firemn\u00ed skupinou, kter\u00e1 poskytuje novou hodnotu v\u0161em z\u00fa\u010dastn\u011bn\u00fdm stran\u00e1m a celosv\u011btov\u011b roste.<\/p>\t\t\t\t\t\t\t\t<\/div>\n\t\t\t\t\t<\/div>\n\t\t<\/div>\n\t\t\t\t\t<\/div>\n\t\t<\/section>\n\t\t\t\t<section class=\"has_ae_slider elementor-section elementor-top-section elementor-element elementor-element-57427a3 elementor-section-boxed elementor-section-height-default elementor-section-height-default ae-bg-gallery-type-default\" data-id=\"57427a3\" data-element_type=\"section\" data-e-type=\"section\">\n\t\t\t\t\t\t<div class=\"elementor-container elementor-column-gap-default\">\n\t\t\t\t\t<div class=\"has_ae_slider elementor-column elementor-col-50 elementor-top-column elementor-element elementor-element-1d0cb8b ae-bg-gallery-type-default\" data-id=\"1d0cb8b\" data-element_type=\"column\" data-e-type=\"column\">\n\t\t\t<div class=\"elementor-widget-wrap elementor-element-populated\">\n\t\t\t\t\t\t<div class=\"elementor-element elementor-element-94e7d50 elementor-widget elementor-widget-text-editor\" data-id=\"94e7d50\" data-element_type=\"widget\" data-e-type=\"widget\" data-widget_type=\"text-editor.default\">\n\t\t\t\t\t\t\t\t\t<h4>NA\u0160E HODNOTY<\/span><\/h4>\n<p class=\"cvGsUA direction-ltr align-justify para-style-body\"><span class=\"OYPEnA text-decoration-none text-strikethrough-none\">Spole\u010dnost MOL Logistics v\u017edy dodr\u017euje <\/span><span class=\"OYPEnA text-decoration-none text-strikethrough-none\">skupiny MOL <\/span><span class=\"OYPEnA text-decoration-none text-strikethrough-none\">z\u00e1sady.<\/span> <span class=\"OYPEnA text-decoration-none text-strikethrough-none\">P\u0159ijet\u00ed syst\u00e9mu MOL CHARTS skupinou MOL odr\u00e1\u017e\u00ed na\u0161e komplexn\u00ed opat\u0159en\u00ed k zaji\u0161t\u011bn\u00ed souladu s p\u0159edpisy, d\u016fkladn\u00e9 uzn\u00e1n\u00ed pot\u0159eby bezpe\u010dn\u00e9ho provozu a na\u0161e trval\u00e9 \u00fasil\u00ed o podporu zam\u011bstnanc\u016f skupiny MOL, kte\u0159\u00ed sd\u00edlej\u00ed a \u017eij\u00ed na\u0161e ide\u00e1ly osobn\u00ed iniciativy, smyslu pro odpov\u011bdnost a odbornosti. V\u00edce informac\u00ed o t\u011bchto z\u00e1sad\u00e1ch naleznete na na\u0161ich\u00a0<a href=\"https:\/\/www.mol.co.jp\/en\/sustainability\/human\/mol-chart\/\" target=\"_blank\" rel=\"noopener\">MOL GROUP<\/a>\u00a0webov\u00fdch str\u00e1nk\u00e1ch.<\/span><\/p>\t\t\t\t\t\t\t\t<\/div>\n\t\t\t\t\t<\/div>\n\t\t<\/div>\n\t\t\t\t<div class=\"has_ae_slider elementor-column elementor-col-50 elementor-top-column elementor-element elementor-element-7d3d722 ae-bg-gallery-type-default\" data-id=\"7d3d722\" data-element_type=\"column\" data-e-type=\"column\">\n\t\t\t<div class=\"elementor-widget-wrap elementor-element-populated\">\n\t\t\t\t\t\t<div class=\"elementor-element elementor-element-a358188 elementor-widget elementor-widget-image\" data-id=\"a358188\" data-element_type=\"widget\" data-e-type=\"widget\" data-widget_type=\"image.default\">\n\t\t\t\t\t\t\t\t\t\t\t\t\t\t\t<img decoding=\"async\" width=\"2000\" height=\"1200\" src=\"https:\/\/mol-logistics.eu\/wp-content\/uploads\/2023\/09\/MOL-Charts.png\" class=\"attachment-large size-large wp-image-4983\" alt=\"\" srcset=\"https:\/\/mol-logistics.eu\/wp-content\/uploads\/2023\/09\/MOL-Charts.png 2000w, https:\/\/mol-logistics.eu\/wp-content\/uploads\/2023\/09\/MOL-Charts-768x461.png 768w, https:\/\/mol-logistics.eu\/wp-content\/uploads\/2023\/09\/MOL-Charts-1536x922.png 1536w, https:\/\/mol-logistics.eu\/wp-content\/uploads\/2023\/09\/MOL-Charts-18x12.png 18w\" sizes=\"(max-width: 2000px) 100vw, 2000px\" \/>\t\t\t\t\t\t\t\t\t\t\t\t\t\t\t<\/div>\n\t\t\t\t\t<\/div>\n\t\t<\/div>\n\t\t\t\t\t<\/div>\n\t\t<\/section>\n\t\t\t\t<\/div>","protected":false},"excerpt":{"rendered":"<p>Home O spole\u010dnosti MOL Logistics Posl\u00e1n\u00ed a vize MOL Logistics je hlavn\u00ed logistickou spole\u010dnost\u00ed Skupiny MOL, kter\u00e1 byla zalo\u017eena p\u0159ed v\u00edce ne\u017e 60 lety. Spole\u010dnost MOL Logistics nab\u00edz\u00ed nejen slu\u017eby leteck\u00e9, n\u00e1mo\u0159n\u00ed a pozemn\u00ed n\u00e1kladn\u00ed dopravy, ale tak\u00e9 komplexn\u00ed nab\u00eddky logistick\u00fdch slu\u017eeb, kter\u00e9 tyto jednotliv\u00e9 slu\u017eby kombinuj\u00ed. Posl\u00e1n\u00ed Skupiny MOL \"Z modr\u00fdch oce\u00e1n\u016f udr\u017eujeme \u017eivoty lid\u00ed a [...]<\/p>","protected":false},"author":1,"featured_media":5016,"parent":2298,"menu_order":0,"comment_status":"closed","ping_status":"closed","template":"","meta":{"_acf_changed":false,"footnotes":""},"class_list":["post-4619","page","type-page","status-publish","has-post-thumbnail","hentry"],"acf":[],"_links":{"self":[{"href":"https:\/\/mol-logistics.eu\/cs\/wp-json\/wp\/v2\/pages\/4619","targetHints":{"allow":["GET"]}}],"collection":[{"href":"https:\/\/mol-logistics.eu\/cs\/wp-json\/wp\/v2\/pages"}],"about":[{"href":"https:\/\/mol-logistics.eu\/cs\/wp-json\/wp\/v2\/types\/page"}],"author":[{"embeddable":true,"href":"https:\/\/mol-logistics.eu\/cs\/wp-json\/wp\/v2\/users\/1"}],"replies":[{"embeddable":true,"href":"https:\/\/mol-logistics.eu\/cs\/wp-json\/wp\/v2\/comments?post=4619"}],"version-history":[{"count":5,"href":"https:\/\/mol-logistics.eu\/cs\/wp-json\/wp\/v2\/pages\/4619\/revisions"}],"predecessor-version":[{"id":20986,"href":"https:\/\/mol-logistics.eu\/cs\/wp-json\/wp\/v2\/pages\/4619\/revisions\/20986"}],"up":[{"embeddable":true,"href":"https:\/\/mol-logistics.eu\/cs\/wp-json\/wp\/v2\/pages\/2298"}],"wp:featuredmedia":[{"embeddable":true,"href":"https:\/\/mol-logistics.eu\/cs\/wp-json\/wp\/v2\/media\/5016"}],"wp:attachment":[{"href":"https:\/\/mol-logistics.eu\/cs\/wp-json\/wp\/v2\/media?parent=4619"}],"curies":[{"name":"wp","href":"https:\/\/api.w.org\/{rel}","templated":true}]}}