{"id":14292,"date":"2024-03-25T13:30:49","date_gmt":"2024-03-25T12:30:49","guid":{"rendered":"https:\/\/mol-logistics.eu\/?page_id=14292"},"modified":"2024-04-17T11:46:33","modified_gmt":"2024-04-17T09:46:33","slug":"kontakt-automotive","status":"publish","type":"page","link":"https:\/\/mol-logistics.eu\/de\/automotive-deutschland\/kontakt-automotive\/","title":{"rendered":"Kontakt - Automobilindustrie"},"content":{"rendered":"<div data-elementor-type=\"wp-page\" data-elementor-id=\"14292\" class=\"elementor elementor-14292\" data-elementor-post-type=\"page\">\n\t\t\t\t\t\t<section class=\"has_ae_slider elementor-section elementor-top-section elementor-element elementor-element-69cb8b50 elementor-section-content-middle elementor-section-boxed elementor-section-height-default elementor-section-height-default ae-bg-gallery-type-default\" data-id=\"69cb8b50\" data-element_type=\"section\" data-e-type=\"section\" data-settings=\"{&quot;background_background&quot;:&quot;classic&quot;}\">\n\t\t\t\t\t\t<div class=\"elementor-container elementor-column-gap-no\">\n\t\t\t\t\t<div class=\"has_ae_slider elementor-column elementor-col-100 elementor-top-column elementor-element elementor-element-148f190d ae-bg-gallery-type-default\" data-id=\"148f190d\" data-element_type=\"column\" data-e-type=\"column\" data-settings=\"{&quot;background_background&quot;:&quot;classic&quot;}\">\n\t\t\t<div class=\"elementor-widget-wrap elementor-element-populated\">\n\t\t\t\t\t\t<section class=\"has_ae_slider elementor-section elementor-inner-section elementor-element elementor-element-aad9a89 elementor-section-boxed elementor-section-height-default elementor-section-height-default ae-bg-gallery-type-default\" data-id=\"aad9a89\" data-element_type=\"section\" data-e-type=\"section\">\n\t\t\t\t\t\t<div class=\"elementor-container elementor-column-gap-default\">\n\t\t\t\t\t<div class=\"has_ae_slider elementor-column elementor-col-50 elementor-inner-column elementor-element elementor-element-e67e8f1 ae-bg-gallery-type-default\" data-id=\"e67e8f1\" data-element_type=\"column\" data-e-type=\"column\">\n\t\t\t<div class=\"elementor-widget-wrap elementor-element-populated\">\n\t\t\t\t\t\t<div class=\"elementor-element elementor-element-f03305d elementor-widget elementor-widget-heading\" data-id=\"f03305d\" data-element_type=\"widget\" data-e-type=\"widget\" data-widget_type=\"heading.default\">\n\t\t\t\t\t<h2 class=\"elementor-heading-title elementor-size-default\">Nehmen Sie Kontakt mit unserem Automotive-Spezialisten Mirco Schellenberg auf<\/h2>\t\t\t\t<\/div>\n\t\t\t\t<div class=\"elementor-element elementor-element-c217b2a elementor-widget elementor-widget-text-editor\" data-id=\"c217b2a\" data-element_type=\"widget\" data-e-type=\"widget\" data-widget_type=\"text-editor.default\">\n\t\t\t\t\t\t\t\t\t<div class=\"w-blocks-group-wrapper blocks-group-wrapper_2QF\"><div id=\"blockId-65cb88fade238c000f0ad617\" class=\"block-wrapper w-block-wrapper block-wrapper_3Um background_3lr background background--dark w-state-has-background\" data-block-name=\"Custom block\" data-block-categories=\"custom\" data-test=\"block-wrapper\" data-anchor=\"custom\"><section class=\"w-section\"><div class=\"w-section__inner\"><header class=\"w-section__header\"><div class=\"w-grid w-grid--row w-grid--gap\" data-columns-count=\"2\"><div class=\"w-grid__inner\"><div class=\"w-grid__item w-grid__item--top\" data-column-size=\"8\"><div class=\"w-grid__item-inner w-grid__item-panel w-text-center-xs w-text-center-sm w-text-center-md w-text-center w-088754deb0dd8820b733e12d9894218e\"><p class=\"text_1k0 ui-text w-body ui-text--light\" data-component=\"text\">Sind Sie bereit, die Effizienz und Compliance Ihrer Automobillogistik zu verbessern? Kontaktieren Sie unseren Automotive-Spezialisten Mirco Schellenberg f\u00fcr weitere Informationen \u00fcber unsere ma\u00dfgeschneiderten L\u00f6sungen.<\/p><\/div><\/div><\/div><\/div><\/header><\/div><\/section><\/div><\/div>\t\t\t\t\t\t\t\t<\/div>\n\t\t\t\t\t<\/div>\n\t\t<\/div>\n\t\t\t\t<div class=\"has_ae_slider elementor-column elementor-col-50 elementor-inner-column elementor-element elementor-element-86e3e2a ae-bg-gallery-type-default\" data-id=\"86e3e2a\" data-element_type=\"column\" data-e-type=\"column\">\n\t\t\t<div class=\"elementor-widget-wrap elementor-element-populated\">\n\t\t\t\t\t\t<div class=\"elementor-element elementor-element-8f61403 elementor-widget elementor-widget-image\" data-id=\"8f61403\" data-element_type=\"widget\" data-e-type=\"widget\" data-widget_type=\"image.default\">\n\t\t\t\t\t\t\t\t\t\t\t\t\t\t\t<img fetchpriority=\"high\" decoding=\"async\" width=\"350\" height=\"400\" src=\"https:\/\/mol-logistics.eu\/wp-content\/uploads\/2023\/08\/mol-logistics-duesseldorf-Mirco-portrait-web-29-q02lc8ewjbeajk1w5ylfcv6yi98kq0wkihph1rngo0.jpg\" class=\"attachment-large size-large wp-image-3326\" alt=\"\" srcset=\"https:\/\/mol-logistics.eu\/wp-content\/uploads\/2023\/08\/mol-logistics-duesseldorf-Mirco-portrait-web-29-q02lc8ewjbeajk1w5ylfcv6yi98kq0wkihph1rngo0.jpg 350w, https:\/\/mol-logistics.eu\/wp-content\/uploads\/2023\/08\/mol-logistics-duesseldorf-Mirco-portrait-web-29-q02lc8ewjbeajk1w5ylfcv6yi98kq0wkihph1rngo0-11x12.jpg 11w\" sizes=\"(max-width: 350px) 100vw, 350px\" \/>\t\t\t\t\t\t\t\t\t\t\t\t\t\t\t<\/div>\n\t\t\t\t\t<\/div>\n\t\t<\/div>\n\t\t\t\t\t<\/div>\n\t\t<\/section>\n\t\t\t\t<div class=\"elementor-element elementor-element-03c0a20 elementor-widget elementor-widget-shortcode\" data-id=\"03c0a20\" data-element_type=\"widget\" data-e-type=\"widget\" data-widget_type=\"shortcode.default\">\n\t\t\t\t\t\t\t<div class=\"elementor-shortcode\"><script>\nvar gform;gform||(document.addEventListener(\"gform_main_scripts_loaded\",function(){gform.scriptsLoaded=!0}),document.addEventListener(\"gform\/theme\/scripts_loaded\",function(){gform.themeScriptsLoaded=!0}),window.addEventListener(\"DOMContentLoaded\",function(){gform.domLoaded=!0}),gform={domLoaded:!1,scriptsLoaded:!1,themeScriptsLoaded:!1,isFormEditor:()=>\"function\"==typeof InitializeEditor,callIfLoaded:function(o){return!(!gform.domLoaded||!gform.scriptsLoaded||!gform.themeScriptsLoaded&&!gform.isFormEditor()||(gform.isFormEditor()&&console.warn(\"The use of gform.initializeOnLoaded() is deprecated in the form editor context and will be removed in Gravity Forms 3.1.\"),o(),0))},initializeOnLoaded:function(o){gform.callIfLoaded(o)||(document.addEventListener(\"gform_main_scripts_loaded\",()=>{gform.scriptsLoaded=!0,gform.callIfLoaded(o)}),document.addEventListener(\"gform\/theme\/scripts_loaded\",()=>{gform.themeScriptsLoaded=!0,gform.callIfLoaded(o)}),window.addEventListener(\"DOMContentLoaded\",()=>{gform.domLoaded=!0,gform.callIfLoaded(o)}))},hooks:{action:{},filter:{}},addAction:function(o,r,e,t){gform.addHook(\"action\",o,r,e,t)},addFilter:function(o,r,e,t){gform.addHook(\"filter\",o,r,e,t)},doAction:function(o){gform.doHook(\"action\",o,arguments)},applyFilters:function(o){return gform.doHook(\"filter\",o,arguments)},removeAction:function(o,r){gform.removeHook(\"action\",o,r)},removeFilter:function(o,r,e){gform.removeHook(\"filter\",o,r,e)},addHook:function(o,r,e,t,n){null==gform.hooks[o][r]&&(gform.hooks[o][r]=[]);var d=gform.hooks[o][r];null==n&&(n=r+\"_\"+d.length),gform.hooks[o][r].push({tag:n,callable:e,priority:t=null==t?10:t})},doHook:function(r,o,e){var t;if(e=Array.prototype.slice.call(e,1),null!=gform.hooks[r][o]&&((o=gform.hooks[r][o]).sort(function(o,r){return o.priority-r.priority}),o.forEach(function(o){\"function\"!=typeof(t=o.callable)&&(t=window[t]),\"action\"==r?t.apply(null,e):e[0]=t.apply(null,e)})),\"filter\"==r)return e[0]},removeHook:function(o,r,t,n){var e;null!=gform.hooks[o][r]&&(e=(e=gform.hooks[o][r]).filter(function(o,r,e){return!!(null!=n&&n!=o.tag||null!=t&&t!=o.priority)}),gform.hooks[o][r]=e)}});\n<\/script>\n\n                <div class='gf_browser_gecko gform_wrapper gravity-theme gform-theme--no-framework' data-form-theme='gravity-theme' data-form-index='0' id='gform_wrapper_29' >\n                        <div class='gform_heading'>\n                            <p class='gform_description'><\/p>\n                        <\/div><form method='post' enctype='multipart\/form-data'  id='gform_29'  action='\/de\/wp-json\/wp\/v2\/pages\/14292' data-formid='29' novalidate data-trp-original-action=\"\/de\/wp-json\/wp\/v2\/pages\/14292\"><div class='gf_invisible ginput_recaptchav3' data-sitekey='6LdLtsUZAAAAAD31Us-opFib7wOTuzKoWkbJ5v7H' data-tabindex='0'><input id=\"input_feab95372cd3e325fc4bd19ae4e40479\" class=\"gfield_recaptcha_response\" type=\"hidden\" name=\"input_feab95372cd3e325fc4bd19ae4e40479\" value=\"\"\/><\/div>\n                        <div class='gform-body gform_body'><div id='gform_fields_29' class='gform_fields top_label form_sublabel_above description_above validation_below'><fieldset id=\"field_29_1\" class=\"gfield gfield--type-name gfield--input-type-name gfield_contains_required field_sublabel_above gfield--no-description field_description_above field_validation_below gfield_visibility_visible\"  ><legend class='gfield_label gform-field-label gfield_label_before_complex' >Name<span class=\"gfield_required\"><span class=\"gfield_required gfield_required_text\">(erforderlich)<\/span><\/span><\/legend><div class='ginput_complex ginput_container ginput_container--name no_prefix has_first_name no_middle_name has_last_name no_suffix gf_name_has_2 ginput_container_name gform-grid-row' id='input_29_1'>\n                            \n                            <span id='input_29_1_3_container' class='name_first gform-grid-col gform-grid-col--size-auto' >\n                                                    <label for='input_29_1_3' class='gform-field-label gform-field-label--type-sub'>Vorname<\/label>\n                                                    <input type='text' name='input_1.3' id='input_29_1_3' value=''   aria-required='true'    autocomplete=\"given-name\" \/>\n                                                <\/span>\n                            \n                            <span id='input_29_1_6_container' class='name_last gform-grid-col gform-grid-col--size-auto' >\n                                                            <label for='input_29_1_6' class='gform-field-label gform-field-label--type-sub'>Nachname<\/label>\n                                                            <input type='text' name='input_1.6' id='input_29_1_6' value=''   aria-required='true'    autocomplete=\"family-name\" \/>\n                                                        <\/span>\n                            \n                        <\/div><\/fieldset><div id=\"field_29_5\" class=\"gfield gfield--type-text gfield--input-type-text gfield--width-full gfield_contains_required field_sublabel_above gfield--no-description field_description_above field_validation_below gfield_visibility_visible\"  ><label class='gfield_label gform-field-label' for='input_29_5'>Unternehmen<span class=\"gfield_required\"><span class=\"gfield_required gfield_required_text\">(erforderlich)<\/span><\/span><\/label><div class='ginput_container ginput_container_text'><input name='input_5' id='input_29_5' type='text' value='' class='large'     aria-required=\"true\" aria-invalid=\"false\"   \/><\/div><\/div><div id=\"field_29_4\" class=\"gfield gfield--type-email gfield--input-type-email gfield--width-full gfield_contains_required field_sublabel_above gfield--no-description field_description_above field_validation_below gfield_visibility_visible\"  ><label class='gfield_label gform-field-label' for='input_29_4'>E-Mail<span class=\"gfield_required\"><span class=\"gfield_required gfield_required_text\">(erforderlich)<\/span><\/span><\/label><div class='ginput_container ginput_container_email'>\n                            <input name='input_4' id='input_29_4' type='email' value='' class='large'    aria-required=\"true\" aria-invalid=\"false\"  \/>\n                        <\/div><\/div><div id=\"field_29_7\" class=\"gfield gfield--type-phone gfield--input-type-phone gfield--width-full field_sublabel_above gfield--no-description field_description_above field_validation_below gfield_visibility_visible\"  ><label class='gfield_label gform-field-label' for='input_29_7'>Telefon<\/label><div class='ginput_container ginput_container_phone'><input name='input_7' id='input_29_7' type='tel' value='' class='large'    aria-invalid=\"false\"   \/><\/div><\/div><div id=\"field_29_3\" class=\"gfield gfield--type-textarea gfield--input-type-textarea field_sublabel_above gfield--no-description field_description_above field_validation_below gfield_visibility_visible\"  ><label class='gfield_label gform-field-label' for='input_29_3'>Kommentare<\/label><div class='ginput_container ginput_container_textarea'><textarea name='input_3' id='input_29_3' class='textarea medium'   maxlength='600'   aria-invalid=\"false\"   rows='10' cols='50'><\/textarea><\/div><\/div><fieldset id=\"field_29_8\" class=\"gfield gfield--type-consent gfield--type-choice gfield--input-type-consent gfield--width-full field_sublabel_above gfield--no-description field_description_above field_validation_below gfield_visibility_visible\"  ><legend class='gfield_label gform-field-label gfield_label_before_complex' >GDPR<\/legend><div class='ginput_container ginput_container_consent'><input name='input_8.1' id='input_29_8_1' type='checkbox' value='1'    aria-invalid=\"false\"   \/> <label class=\"gform-field-label gform-field-label--type-inline gfield_consent_label\" for='input_29_8_1' >Ich habe die Datenschutzerkl\u00e4rung der MOL Logistics Holding EMEA (Europe) B.V. gelesen und stimme ihr zu. Mir ist bekannt, dass die von mir angegebenen Daten gespeichert werden, um auf meine Nachricht zu antworten, und ich erteile die Erlaubnis, dass wir mich kontaktieren d\u00fcrfen.<\/label><input type='hidden' name='input_8.2' value='I have read and agree to the privacy statement of MOL Logistics Holding EMEA (Europe) B.V. I understand that the data I provide will be stored to respond to my message and give permission for us to contact me.We will handle your contact data with the utmost care.' class='gform_hidden' \/><input type='hidden' name='input_8.3' value='22' class='gform_hidden' \/><\/div><\/fieldset><div id=\"field_29_9\" class=\"gfield gfield--type-captcha gfield--input-type-captcha gfield--width-full field_sublabel_above gfield--no-description field_description_above field_validation_below gfield_visibility_visible\"  ><label class='gfield_label gform-field-label' for='input_29_9'>CAPTCHA<\/label><div id='input_29_9' class='ginput_container ginput_recaptcha' data-sitekey='6LepUs8oAAAAAMX4J4oLMCpZKs4tVvz6EhNBCnth'  data-theme='light' data-tabindex='0'  data-badge=''><\/div><\/div><\/div><\/div>\n        <div class='gform-footer gform_footer top_label'> <input type='submit' id='gform_submit_button_29' class='gform_button button' onclick='gform.submission.handleButtonClick(this);' data-submission-type='submit' value='Einreichen'  \/> \n            <input type='hidden' class='gform_hidden' name='gform_submission_method' data-js='gform_submission_method_29' value='postback' \/>\n            <input type='hidden' class='gform_hidden' name='gform_theme' data-js='gform_theme_29' id='gform_theme_29' value='gravity-theme' \/>\n            <input type='hidden' class='gform_hidden' name='gform_style_settings' data-js='gform_style_settings_29' id='gform_style_settings_29' value='[]' \/>\n            <input type='hidden' class='gform_hidden' name='is_submit_29' value='1' \/>\n            <input type='hidden' class='gform_hidden' name='gform_submit' value='29' \/>\n            \n            <input type='hidden' class='gform_hidden' name='gform_currency' data-currency='EUR' value='pOWjdTVjZNZxz+IgEyWb54I2Amer8PI3LEb8thizcynBHdsjG1cFOGK6lSnwxGulIowDoj3aGE6EQM0+kFC8HX+rI\/2Zoz2q7PgorJsxBkMnsho=' \/>\n            <input type='hidden' class='gform_hidden' name='gform_unique_id' value='' \/>\n            <input type='hidden' class='gform_hidden' name='state_29' value='WyJ7XCI4LjFcIjpcImZhYmQ0Mzk0NDM0ZGUwYjgyMTI0MGRjOTlmOWY3NDA2XCIsXCI4LjJcIjpcIjc5MDgzYTI1MGM3ZjUwZjAwNDJhMzA3N2NkYTRhMzE4XCIsXCI4LjNcIjpcImNmZmIyY2MwMDkwODA2NTZmM2E1YTgzNzZmMWEwNjljXCJ9IiwiZDNmZTAyMDU3YjhmN2JkYzM5NzJiODJkM2I0NmNiYzciXQ==' \/>\n            <input type='hidden' autocomplete='off' class='gform_hidden' name='gform_target_page_number_29' id='gform_target_page_number_29' value='0' \/>\n            <input type='hidden' autocomplete='off' class='gform_hidden' name='gform_source_page_number_29' id='gform_source_page_number_29' value='1' \/>\n            <input type='hidden' name='gform_field_values' value='' \/>\n            \n        <\/div>\n                        <input type=\"hidden\" name=\"trp-form-language\" value=\"de\"\/><\/form>\n                        <\/div><script>\ngform.initializeOnLoaded( function() {gformInitSpinner( 29, 'https:\/\/mol-logistics.eu\/wp-content\/plugins\/gravityforms\/images\/spinner.svg', true );jQuery('#gform_ajax_frame_29').on('load',function(){var contents = jQuery(this).contents().find('*').html();var is_postback = contents.indexOf('GF_AJAX_POSTBACK') >= 0;if(!is_postback){return;}var form_content = jQuery(this).contents().find('#gform_wrapper_29');var is_confirmation = jQuery(this).contents().find('#gform_confirmation_wrapper_29').length > 0;var is_redirect = contents.indexOf('gformRedirect(){') >= 0;var is_form = form_content.length > 0 && ! is_redirect && ! is_confirmation;var mt = parseInt(jQuery('html').css('margin-top'), 10) + parseInt(jQuery('body').css('margin-top'), 10) + 100;if(is_form){jQuery('#gform_wrapper_29').html(form_content.html());if(form_content.hasClass('gform_validation_error')){jQuery('#gform_wrapper_29').addClass('gform_validation_error');} else {jQuery('#gform_wrapper_29').removeClass('gform_validation_error');}setTimeout( function() { \/* delay the scroll by 50 milliseconds to fix a bug in chrome *\/  }, 50 );if(window['gformInitDatepicker']) {gformInitDatepicker();}if(window['gformInitPriceFields']) {gformInitPriceFields();}var current_page = jQuery('#gform_source_page_number_29').val();gformInitSpinner( 29, 'https:\/\/mol-logistics.eu\/wp-content\/plugins\/gravityforms\/images\/spinner.svg', true );jQuery(document).trigger('gform_page_loaded', [29, current_page]);window['gf_submitting_29'] = false;}else if(!is_redirect){var confirmation_content = jQuery(this).contents().find('.GF_AJAX_POSTBACK').html();if(!confirmation_content){confirmation_content = contents;}jQuery('#gform_wrapper_29').replaceWith(confirmation_content);jQuery(document).trigger('gform_confirmation_loaded', [29]);window['gf_submitting_29'] = false;wp.a11y.speak(jQuery('#gform_confirmation_message_29').text());}else{jQuery('#gform_29').append(contents);if(window['gformRedirect']) {gformRedirect();}}jQuery(document).trigger(\"gform_pre_post_render\", [{ formId: \"29\", currentPage: \"current_page\", abort: function() { this.preventDefault(); } }]);        if (event && event.defaultPrevented) {                return;        }        const gformWrapperDiv = document.getElementById( \"gform_wrapper_29\" );        if ( gformWrapperDiv ) {            const visibilitySpan = document.createElement( \"span\" );            visibilitySpan.id = \"gform_visibility_test_29\";            gformWrapperDiv.insertAdjacentElement( \"afterend\", visibilitySpan );        }        const visibilityTestDiv = document.getElementById( \"gform_visibility_test_29\" );        let postRenderFired = false;        function triggerPostRender() {            if ( postRenderFired ) {                return;            }            postRenderFired = true;            gform.core.triggerPostRenderEvents( 29, current_page );            if ( visibilityTestDiv ) {                visibilityTestDiv.parentNode.removeChild( visibilityTestDiv );            }        }        function debounce( func, wait, immediate ) {            var timeout;            return function() {                var context = this, args = arguments;                var later = function() {                    timeout = null;                    if ( !immediate ) func.apply( context, args );                };                var callNow = immediate && !timeout;                clearTimeout( timeout );                timeout = setTimeout( later, wait );                if ( callNow ) func.apply( context, args );            };        }        const debouncedTriggerPostRender = debounce( function() {            triggerPostRender();        }, 200 );        if ( visibilityTestDiv && visibilityTestDiv.offsetParent === null ) {            const observer = new MutationObserver( ( mutations ) => {                mutations.forEach( ( mutation ) => {                    if ( mutation.type === 'attributes' && visibilityTestDiv.offsetParent !== null ) {                        debouncedTriggerPostRender();                        observer.disconnect();                    }                });            });            observer.observe( document.body, {                attributes: true,                childList: false,                subtree: true,                attributeFilter: [ 'style', 'class' ],            });        } else {            triggerPostRender();        }    } );} );\n<\/script>\n<\/div>\n\t\t\t\t\t\t<\/div>\n\t\t\t\t\t<\/div>\n\t\t<\/div>\n\t\t\t\t\t<\/div>\n\t\t<\/section>\n\t\t\t\t<\/div>","protected":false},"excerpt":{"rendered":"<p>Nehmen Sie Kontakt mit unserem Automotive-Spezialisten Mirco Schellenberg auf. Sind Sie bereit, die Effizienz und Compliance Ihrer Automobillogistik zu verbessern? Kontaktieren Sie unseren Automotive-Spezialisten Mirco Schellenberg, um mehr \u00fcber unsere ma\u00dfgeschneiderten L\u00f6sungen zu erfahren.<\/p>","protected":false},"author":1,"featured_media":0,"parent":13047,"menu_order":0,"comment_status":"closed","ping_status":"closed","template":"","meta":{"_acf_changed":false,"footnotes":""},"class_list":["post-14292","page","type-page","status-publish","hentry"],"acf":[],"_links":{"self":[{"href":"https:\/\/mol-logistics.eu\/de\/wp-json\/wp\/v2\/pages\/14292","targetHints":{"allow":["GET"]}}],"collection":[{"href":"https:\/\/mol-logistics.eu\/de\/wp-json\/wp\/v2\/pages"}],"about":[{"href":"https:\/\/mol-logistics.eu\/de\/wp-json\/wp\/v2\/types\/page"}],"author":[{"embeddable":true,"href":"https:\/\/mol-logistics.eu\/de\/wp-json\/wp\/v2\/users\/1"}],"replies":[{"embeddable":true,"href":"https:\/\/mol-logistics.eu\/de\/wp-json\/wp\/v2\/comments?post=14292"}],"version-history":[{"count":5,"href":"https:\/\/mol-logistics.eu\/de\/wp-json\/wp\/v2\/pages\/14292\/revisions"}],"predecessor-version":[{"id":14465,"href":"https:\/\/mol-logistics.eu\/de\/wp-json\/wp\/v2\/pages\/14292\/revisions\/14465"}],"up":[{"embeddable":true,"href":"https:\/\/mol-logistics.eu\/de\/wp-json\/wp\/v2\/pages\/13047"}],"wp:attachment":[{"href":"https:\/\/mol-logistics.eu\/de\/wp-json\/wp\/v2\/media?parent=14292"}],"curies":[{"name":"wp","href":"https:\/\/api.w.org\/{rel}","templated":true}]}}