{"id":14647,"date":"2024-06-12T18:18:49","date_gmt":"2024-06-12T16:18:49","guid":{"rendered":"https:\/\/mol-logistics.eu\/?page_id=14647"},"modified":"2024-06-12T18:19:26","modified_gmt":"2024-06-12T16:19:26","slug":"danke-kraftstoff","status":"publish","type":"page","link":"https:\/\/mol-logistics.eu\/de\/nachhaltiger-flugkraftstoff\/danke-kraftstoff\/","title":{"rendered":"Dankesch\u00f6n - Kraftstoff"},"content":{"rendered":"<div data-elementor-type=\"wp-page\" data-elementor-id=\"14647\" class=\"elementor elementor-14647\" data-elementor-post-type=\"page\">\n\t\t\t\t\t\t<section class=\"has_ae_slider elementor-section elementor-top-section elementor-element elementor-element-7cb813b elementor-section-height-full elementor-section-boxed elementor-section-height-default elementor-section-items-middle ae-bg-gallery-type-default\" data-id=\"7cb813b\" data-element_type=\"section\" data-e-type=\"section\" data-settings=\"{&quot;background_background&quot;:&quot;classic&quot;}\">\n\t\t\t\t\t\t<div class=\"elementor-container elementor-column-gap-default\">\n\t\t\t\t\t<div class=\"has_ae_slider elementor-column elementor-col-100 elementor-top-column elementor-element elementor-element-ee882dd ae-bg-gallery-type-default\" data-id=\"ee882dd\" data-element_type=\"column\" data-e-type=\"column\">\n\t\t\t<div class=\"elementor-widget-wrap elementor-element-populated\">\n\t\t\t\t\t\t<div class=\"elementor-element elementor-element-8e4d25e elementor-widget elementor-widget-text-editor\" data-id=\"8e4d25e\" data-element_type=\"widget\" data-e-type=\"widget\" data-widget_type=\"text-editor.default\">\n\t\t\t\t\t\t\t\t\t<p data-pm-slice=\"1 1 []\"><strong>Vielen Dank f\u00fcr Ihre Anfrage. Sie erhalten eine Best\u00e4tigungsmail und Richard wird Sie in K\u00fcrze kontaktieren.<br \/><\/strong><\/p>\t\t\t\t\t\t\t\t<\/div>\n\t\t\t\t\t<\/div>\n\t\t<\/div>\n\t\t\t\t\t<\/div>\n\t\t<\/section>\n\t\t\t\t<\/div>","protected":false},"excerpt":{"rendered":"","protected":false},"author":1,"featured_media":0,"parent":14582,"menu_order":0,"comment_status":"closed","ping_status":"closed","template":"","meta":{"_acf_changed":false,"footnotes":""},"class_list":["post-14647","page","type-page","status-publish","hentry"],"acf":[],"_links":{"self":[{"href":"https:\/\/mol-logistics.eu\/de\/wp-json\/wp\/v2\/pages\/14647","targetHints":{"allow":["GET"]}}],"collection":[{"href":"https:\/\/mol-logistics.eu\/de\/wp-json\/wp\/v2\/pages"}],"about":[{"href":"https:\/\/mol-logistics.eu\/de\/wp-json\/wp\/v2\/types\/page"}],"author":[{"embeddable":true,"href":"https:\/\/mol-logistics.eu\/de\/wp-json\/wp\/v2\/users\/1"}],"replies":[{"embeddable":true,"href":"https:\/\/mol-logistics.eu\/de\/wp-json\/wp\/v2\/comments?post=14647"}],"version-history":[{"count":4,"href":"https:\/\/mol-logistics.eu\/de\/wp-json\/wp\/v2\/pages\/14647\/revisions"}],"predecessor-version":[{"id":14651,"href":"https:\/\/mol-logistics.eu\/de\/wp-json\/wp\/v2\/pages\/14647\/revisions\/14651"}],"up":[{"embeddable":true,"href":"https:\/\/mol-logistics.eu\/de\/wp-json\/wp\/v2\/pages\/14582"}],"wp:attachment":[{"href":"https:\/\/mol-logistics.eu\/de\/wp-json\/wp\/v2\/media?parent=14647"}],"curies":[{"name":"wp","href":"https:\/\/api.w.org\/{rel}","templated":true}]}}