{"id":2852,"date":"2023-08-21T12:59:30","date_gmt":"2023-08-21T12:59:30","guid":{"rendered":"https:\/\/mol-logistics.eu\/?page_id=2852"},"modified":"2024-08-07T09:58:16","modified_gmt":"2024-08-07T07:58:16","slug":"haftungsausschluss","status":"publish","type":"page","link":"https:\/\/mol-logistics.eu\/de\/uber-mol-logistics\/haftungsausschluss\/","title":{"rendered":"Haftungsausschluss"},"content":{"rendered":"<div data-elementor-type=\"wp-page\" data-elementor-id=\"2852\" class=\"elementor elementor-2852\" data-elementor-post-type=\"page\">\n\t\t\t\t\t\t<section class=\"has_ae_slider elementor-section elementor-top-section elementor-element elementor-element-247e9f1 elementor-hidden-mobile elementor-section-boxed elementor-section-height-default elementor-section-height-default ae-bg-gallery-type-default\" data-id=\"247e9f1\" data-element_type=\"section\" data-e-type=\"section\" data-settings=\"{&quot;background_background&quot;:&quot;classic&quot;}\">\n\t\t\t\t\t\t<div class=\"elementor-container elementor-column-gap-default\">\n\t\t\t\t\t<div class=\"has_ae_slider elementor-column elementor-col-100 elementor-top-column elementor-element elementor-element-f2cb50d ae-bg-gallery-type-default\" data-id=\"f2cb50d\" data-element_type=\"column\" data-e-type=\"column\">\n\t\t\t<div class=\"elementor-widget-wrap elementor-element-populated\">\n\t\t\t\t\t\t<div class=\"elementor-element elementor-element-c4dc622 elementor-icon-list--layout-inline elementor-list-item-link-full_width elementor-widget elementor-widget-icon-list\" data-id=\"c4dc622\" data-element_type=\"widget\" data-e-type=\"widget\" data-widget_type=\"icon-list.default\">\n\t\t\t\t\t\t\t<ul class=\"elementor-icon-list-items elementor-inline-items\">\n\t\t\t\t\t\t\t<li class=\"elementor-icon-list-item elementor-inline-item\">\n\t\t\t\t\t\t\t\t\t\t\t<a href=\"\/de\/\">\n\n\t\t\t\t\t\t\t\t\t\t\t\t<span class=\"elementor-icon-list-icon\">\n\t\t\t\t\t\t\t<i aria-hidden=\"true\" class=\"fal fa-home-lg\"><\/i>\t\t\t\t\t\t<\/span>\n\t\t\t\t\t\t\t\t\t\t<span class=\"elementor-icon-list-text\">Startseite<\/span>\n\t\t\t\t\t\t\t\t\t\t\t<\/a>\n\t\t\t\t\t\t\t\t\t<\/li>\n\t\t\t\t\t\t\t\t<li class=\"elementor-icon-list-item elementor-inline-item\">\n\t\t\t\t\t\t\t\t\t\t\t<a href=\"https:\/\/mol-logistics.eu\/de\/uber-mol-logistics\/\">\n\n\t\t\t\t\t\t\t\t\t\t\t\t<span class=\"elementor-icon-list-icon\">\n\t\t\t\t\t\t\t<i aria-hidden=\"true\" class=\"fal fa-angle-double-right\"><\/i>\t\t\t\t\t\t<\/span>\n\t\t\t\t\t\t\t\t\t\t<span class=\"elementor-icon-list-text\">Juristische Dokumente<\/span>\n\t\t\t\t\t\t\t\t\t\t\t<\/a>\n\t\t\t\t\t\t\t\t\t<\/li>\n\t\t\t\t\t\t\t\t<li class=\"elementor-icon-list-item elementor-inline-item\">\n\t\t\t\t\t\t\t\t\t\t\t<a href=\"https:\/\/mol-logistics.eu\/de\/uber-mol-logistics\/haftungsausschluss\/\">\n\n\t\t\t\t\t\t\t\t\t\t\t\t<span class=\"elementor-icon-list-icon\">\n\t\t\t\t\t\t\t<i aria-hidden=\"true\" class=\"fal fa-angle-double-right\"><\/i>\t\t\t\t\t\t<\/span>\n\t\t\t\t\t\t\t\t\t\t<span class=\"elementor-icon-list-text\">Haftungsausschluss<\/span>\n\t\t\t\t\t\t\t\t\t\t\t<\/a>\n\t\t\t\t\t\t\t\t\t<\/li>\n\t\t\t\t\t\t<\/ul>\n\t\t\t\t\t\t<\/div>\n\t\t\t\t\t<\/div>\n\t\t<\/div>\n\t\t\t\t\t<\/div>\n\t\t<\/section>\n\t\t\t\t<section class=\"has_ae_slider elementor-section elementor-top-section elementor-element elementor-element-3d5e4bf elementor-section-content-top elementor-section-boxed elementor-section-height-default elementor-section-height-default ae-bg-gallery-type-default\" data-id=\"3d5e4bf\" data-element_type=\"section\" data-e-type=\"section\">\n\t\t\t\t\t\t<div class=\"elementor-container elementor-column-gap-default\">\n\t\t\t\t\t<div class=\"has_ae_slider elementor-column elementor-col-50 elementor-top-column elementor-element elementor-element-076b073 ae-bg-gallery-type-default elementor-invisible\" data-id=\"076b073\" data-element_type=\"column\" data-e-type=\"column\" data-settings=\"{&quot;animation&quot;:&quot;fadeIn&quot;}\">\n\t\t\t<div class=\"elementor-widget-wrap elementor-element-populated\">\n\t\t\t\t\t\t<div class=\"elementor-element elementor-element-91beef5 elementor-widget elementor-widget-heading\" data-id=\"91beef5\" data-element_type=\"widget\" data-e-type=\"widget\" data-widget_type=\"heading.default\">\n\t\t\t\t\t<h1 class=\"elementor-heading-title elementor-size-xl\">Haftungsausschluss<\/h1>\t\t\t\t<\/div>\n\t\t\t\t<div class=\"elementor-element elementor-element-0ee1813 elementor-widget elementor-widget-text-editor\" data-id=\"0ee1813\" data-element_type=\"widget\" data-e-type=\"widget\" data-widget_type=\"text-editor.default\">\n\t\t\t\t\t\t\t\t\t<p>MOL Logistics Holding EMEA ist bestrebt, diese Website auf dem neuesten Stand und korrekt zu halten. Sollten Sie dennoch auf etwas sto\u00dfen, das falsch oder veraltet ist, w\u00e4ren wir Ihnen dankbar, wenn Sie uns dies mitteilen k\u00f6nnten. Bitte geben Sie an, wo auf der Website Sie die Informationen gelesen haben. Wir werden uns dann so schnell wie m\u00f6glich darum k\u00fcmmern. Bitte senden Sie Ihre Antwort per E-Mail an: info@<span>mol-logistics.holding-emea.com<\/span>.<\/p>\n<p>Wir haften weder f\u00fcr Sch\u00e4den infolge von Ungenauigkeiten oder Unvollst\u00e4ndigkeiten noch f\u00fcr Sch\u00e4den aufgrund von Problemen, die durch die Verbreitung von Informationen \u00fcber das Internet verursacht werden oder damit verbunden sind, wie z. B. St\u00f6rungen oder Unterbrechungen. Bei der Verwendung von Webformularen bem\u00fchen wir uns, die Zahl der erforderlichen Felder auf ein Minimum zu beschr\u00e4nken. F\u00fcr Sch\u00e4den, die durch die Nutzung von Daten, Ratschl\u00e4gen oder Ideen entstehen, die von oder im Namen von MOL Logistics Holding EMEA \u00fcber diese Website bereitgestellt werden, \u00fcbernimmt MOL Logistics Holding EMEA keine Haftung.<\/p>\n<p>Antworten und Datenschutzanfragen, die per E-Mail oder \u00fcber ein Webformular eingereicht werden, werden wie Briefe behandelt. Das bedeutet, dass Sie sp\u00e4testens innerhalb eines Monats eine Antwort von uns erwarten k\u00f6nnen. Bei komplexen Anfragen teilen wir Ihnen innerhalb von 1 Monat mit, wenn wir maximal 3 Monate ben\u00f6tigen.<\/p>\n<p>Alle personenbezogenen Daten, die Sie uns im Rahmen Ihrer Antwort oder Ihrer Informationsanfrage zur Verf\u00fcgung stellen, werden nur in \u00dcbereinstimmung mit unserer Datenschutzerkl\u00e4rung verwendet.<\/p>\n<p>Alle geistigen Eigentumsrechte an den Inhalten dieser Website liegen bei MOL Logistics Holding EMEA.<\/p>\n<p>Die Vervielf\u00e4ltigung, Verbreitung und sonstige Nutzung dieser Materialien ist ohne die schriftliche Zustimmung der MOL Logistics Holding EMEA nicht gestattet, es sei denn, zwingende gesetzliche Vorschriften (z.B. Zitatrecht) schreiben etwas anderes vor oder der konkrete Inhalt erfordert etwas anderes.<\/p>\n<p>Sollten Sie Fragen oder Probleme mit der Zug\u00e4nglichkeit der Website haben, z\u00f6gern Sie bitte nicht, uns zu kontaktieren.<\/p>\t\t\t\t\t\t\t\t<\/div>\n\t\t\t\t\t<\/div>\n\t\t<\/div>\n\t\t\t\t<div class=\"has_ae_slider elementor-column elementor-col-50 elementor-top-column elementor-element elementor-element-1e3922b elementor-hidden-tablet ae-bg-gallery-type-default\" data-id=\"1e3922b\" data-element_type=\"column\" data-e-type=\"column\">\n\t\t\t<div class=\"elementor-widget-wrap\">\n\t\t\t\t\t\t\t<\/div>\n\t\t<\/div>\n\t\t\t\t\t<\/div>\n\t\t<\/section>\n\t\t\t\t<\/div>","protected":false},"excerpt":{"rendered":"<p>Home Rechtliche Dokumente Disclaimer MOL Logistics Holding EMEA ist bestrebt, diese Website auf dem neuesten Stand und korrekt zu halten. Sollten Sie dennoch auf falsche oder veraltete Informationen sto\u00dfen, w\u00e4ren wir Ihnen dankbar, wenn Sie uns dies mitteilen k\u00f6nnten. Bitte geben Sie an, wo auf der Website Sie die Informationen gelesen haben. Wir werden dann nachsehen [...]<\/p>","protected":false},"author":1,"featured_media":0,"parent":2298,"menu_order":0,"comment_status":"closed","ping_status":"closed","template":"","meta":{"_acf_changed":false,"footnotes":""},"class_list":["post-2852","page","type-page","status-publish","hentry"],"acf":[],"_links":{"self":[{"href":"https:\/\/mol-logistics.eu\/de\/wp-json\/wp\/v2\/pages\/2852","targetHints":{"allow":["GET"]}}],"collection":[{"href":"https:\/\/mol-logistics.eu\/de\/wp-json\/wp\/v2\/pages"}],"about":[{"href":"https:\/\/mol-logistics.eu\/de\/wp-json\/wp\/v2\/types\/page"}],"author":[{"embeddable":true,"href":"https:\/\/mol-logistics.eu\/de\/wp-json\/wp\/v2\/users\/1"}],"replies":[{"embeddable":true,"href":"https:\/\/mol-logistics.eu\/de\/wp-json\/wp\/v2\/comments?post=2852"}],"version-history":[{"count":5,"href":"https:\/\/mol-logistics.eu\/de\/wp-json\/wp\/v2\/pages\/2852\/revisions"}],"predecessor-version":[{"id":14796,"href":"https:\/\/mol-logistics.eu\/de\/wp-json\/wp\/v2\/pages\/2852\/revisions\/14796"}],"up":[{"embeddable":true,"href":"https:\/\/mol-logistics.eu\/de\/wp-json\/wp\/v2\/pages\/2298"}],"wp:attachment":[{"href":"https:\/\/mol-logistics.eu\/de\/wp-json\/wp\/v2\/media?parent=2852"}],"curies":[{"name":"wp","href":"https:\/\/api.w.org\/{rel}","templated":true}]}}