{"id":3852,"date":"2023-09-02T15:56:38","date_gmt":"2023-09-02T15:56:38","guid":{"rendered":"https:\/\/mol-logistics.eu\/?page_id=3852"},"modified":"2024-08-01T13:10:41","modified_gmt":"2024-08-01T11:10:41","slug":"mol-network","status":"publish","type":"page","link":"https:\/\/mol-logistics.eu\/de\/uber-mol-logistics\/mol-network\/","title":{"rendered":"MOL Logistik Gruppe Netzwerk"},"content":{"rendered":"<div data-elementor-type=\"wp-page\" data-elementor-id=\"3852\" class=\"elementor elementor-3852\" data-elementor-post-type=\"page\">\n\t\t\t\t\t\t<section class=\"has_ae_slider elementor-section elementor-top-section elementor-element elementor-element-ea831ab elementor-hidden-mobile elementor-section-boxed elementor-section-height-default elementor-section-height-default ae-bg-gallery-type-default\" data-id=\"ea831ab\" data-element_type=\"section\" data-e-type=\"section\" data-settings=\"{&quot;background_background&quot;:&quot;classic&quot;}\">\n\t\t\t\t\t\t<div class=\"elementor-container elementor-column-gap-default\">\n\t\t\t\t\t<div class=\"has_ae_slider elementor-column elementor-col-100 elementor-top-column elementor-element elementor-element-4d0e452 ae-bg-gallery-type-default\" data-id=\"4d0e452\" data-element_type=\"column\" data-e-type=\"column\">\n\t\t\t<div class=\"elementor-widget-wrap elementor-element-populated\">\n\t\t\t\t\t\t<div class=\"elementor-element elementor-element-fe14b4b elementor-icon-list--layout-inline elementor-list-item-link-full_width elementor-widget elementor-widget-icon-list\" data-id=\"fe14b4b\" data-element_type=\"widget\" data-e-type=\"widget\" data-widget_type=\"icon-list.default\">\n\t\t\t\t\t\t\t<ul class=\"elementor-icon-list-items elementor-inline-items\">\n\t\t\t\t\t\t\t<li class=\"elementor-icon-list-item elementor-inline-item\">\n\t\t\t\t\t\t\t\t\t\t\t<a href=\"\/de\/\">\n\n\t\t\t\t\t\t\t\t\t\t\t\t<span class=\"elementor-icon-list-icon\">\n\t\t\t\t\t\t\t<i aria-hidden=\"true\" class=\"fal fa-home-lg\"><\/i>\t\t\t\t\t\t<\/span>\n\t\t\t\t\t\t\t\t\t\t<span class=\"elementor-icon-list-text\">Startseite<\/span>\n\t\t\t\t\t\t\t\t\t\t\t<\/a>\n\t\t\t\t\t\t\t\t\t<\/li>\n\t\t\t\t\t\t\t\t<li class=\"elementor-icon-list-item elementor-inline-item\">\n\t\t\t\t\t\t\t\t\t\t\t<a href=\"https:\/\/mol-logistics.eu\/de\/uber-mol-logistics\/\">\n\n\t\t\t\t\t\t\t\t\t\t\t\t<span class=\"elementor-icon-list-icon\">\n\t\t\t\t\t\t\t<i aria-hidden=\"true\" class=\"fal fa-angle-double-right\"><\/i>\t\t\t\t\t\t<\/span>\n\t\t\t\t\t\t\t\t\t\t<span class=\"elementor-icon-list-text\">\u00dcber MOL Logistics<\/span>\n\t\t\t\t\t\t\t\t\t\t\t<\/a>\n\t\t\t\t\t\t\t\t\t<\/li>\n\t\t\t\t\t\t\t\t<li class=\"elementor-icon-list-item elementor-inline-item\">\n\t\t\t\t\t\t\t\t\t\t\t<a href=\"https:\/\/mol-logistics.eu\/de\/uber-mol-logistics\/mol-network\/\">\n\n\t\t\t\t\t\t\t\t\t\t\t\t<span class=\"elementor-icon-list-icon\">\n\t\t\t\t\t\t\t<i aria-hidden=\"true\" class=\"fal fa-angle-double-right\"><\/i>\t\t\t\t\t\t<\/span>\n\t\t\t\t\t\t\t\t\t\t<span class=\"elementor-icon-list-text\">MOL Logistik Gruppe Netzwerk<\/span>\n\t\t\t\t\t\t\t\t\t\t\t<\/a>\n\t\t\t\t\t\t\t\t\t<\/li>\n\t\t\t\t\t\t<\/ul>\n\t\t\t\t\t\t<\/div>\n\t\t\t\t\t<\/div>\n\t\t<\/div>\n\t\t\t\t\t<\/div>\n\t\t<\/section>\n\t\t\t\t<section class=\"has_ae_slider elementor-section elementor-top-section elementor-element elementor-element-179fba4 elementor-section-height-min-height elementor-section-items-bottom elementor-section-boxed elementor-section-height-default ae-bg-gallery-type-default\" data-id=\"179fba4\" data-element_type=\"section\" data-e-type=\"section\" data-settings=\"{&quot;background_background&quot;:&quot;classic&quot;}\">\n\t\t\t\t\t\t\t<div class=\"elementor-background-overlay\"><\/div>\n\t\t\t\t\t\t\t<div class=\"elementor-container elementor-column-gap-default\">\n\t\t\t\t\t<div class=\"has_ae_slider elementor-column elementor-col-100 elementor-top-column elementor-element elementor-element-e1911bf ae-bg-gallery-type-default\" data-id=\"e1911bf\" data-element_type=\"column\" data-e-type=\"column\">\n\t\t\t<div class=\"elementor-widget-wrap elementor-element-populated\">\n\t\t\t\t\t\t<div class=\"elementor-element elementor-element-f11ed20 elementor-invisible elementor-widget elementor-widget-heading\" data-id=\"f11ed20\" data-element_type=\"widget\" data-e-type=\"widget\" data-settings=\"{&quot;_animation&quot;:&quot;fadeInLeft&quot;}\" data-widget_type=\"heading.default\">\n\t\t\t\t\t<h1 class=\"elementor-heading-title elementor-size-xxl\">Das Netzwerk der MOL Logistics Group<\/h1>\t\t\t\t<\/div>\n\t\t\t\t<div class=\"elementor-element elementor-element-f66183c elementor-widget__width-initial elementor-widget elementor-widget-text-editor\" data-id=\"f66183c\" data-element_type=\"widget\" data-e-type=\"widget\" data-widget_type=\"text-editor.default\">\n\t\t\t\t\t\t\t\t\t<div class=\"output-container\"><div id=\"output\"><p>Globale Netzwerke bieten umfassende, kundenorientierte Logistikdienstleistungen. MOL ist st\u00e4ndig dabei unser Netwerk auf globaler Ebene zu erweitern, um Ihnen hochwertige Dienstleistungen auf alle Kontinenten anbieten zu k\u00f6nnen.<\/p><\/div><\/div>\t\t\t\t\t\t\t\t<\/div>\n\t\t\t\t\t<\/div>\n\t\t<\/div>\n\t\t\t\t\t<\/div>\n\t\t<\/section>\n\t\t\t\t<section class=\"has_ae_slider elementor-section elementor-top-section elementor-element elementor-element-7707300 elementor-section-content-top elementor-section-boxed elementor-section-height-default elementor-section-height-default ae-bg-gallery-type-default\" data-id=\"7707300\" data-element_type=\"section\" data-e-type=\"section\">\n\t\t\t\t\t\t<div class=\"elementor-container elementor-column-gap-default\">\n\t\t\t\t\t<div class=\"has_ae_slider elementor-column elementor-col-50 elementor-top-column elementor-element elementor-element-7cd6f6e ae-bg-gallery-type-default elementor-invisible\" data-id=\"7cd6f6e\" data-element_type=\"column\" data-e-type=\"column\" data-settings=\"{&quot;animation&quot;:&quot;fadeIn&quot;}\">\n\t\t\t<div class=\"elementor-widget-wrap elementor-element-populated\">\n\t\t\t\t\t\t<div class=\"elementor-element elementor-element-7e5d78e elementor-widget elementor-widget-heading\" data-id=\"7e5d78e\" data-element_type=\"widget\" data-e-type=\"widget\" data-widget_type=\"heading.default\">\n\t\t\t\t\t<h2 class=\"elementor-heading-title elementor-size-xl\">Ein Netzwerk mit Verantwortung<\/h2>\t\t\t\t<\/div>\n\t\t\t\t<div class=\"elementor-element elementor-element-be8b737 elementor-widget elementor-widget-text-editor\" data-id=\"be8b737\" data-element_type=\"widget\" data-e-type=\"widget\" data-widget_type=\"text-editor.default\">\n\t\t\t\t\t\t\t\t\t<p>Die Region MOL Logistics EMEA ist Teil der MOL Logistics Group mit Hauptsitz in Japan und 140 Niederlassungen in Amerika, Asien, dem Nahen Osten, Afrika und Europa. Au\u00dferdem arbeiten wir eng mit 189 Vertretungen zusammen, die auf 51 L\u00e4nder verteilt sind. <a href=\"https:\/\/www.mol-logistics-group.com\/en\/network\/\" target=\"_blank\" rel=\"noopener\">weltweite Abdeckung<\/a> f\u00fcr optimalen Service. Alle B\u00fcros arbeiten nach den gleichen Grunds\u00e4tzen:<\/p><ul class=\"p-philosophy\"><li>Wir tragen zum weltweiten Wirtschaftswachstum bei, indem wir umfassende Logistikdienstleistungen mit hohem Mehrwert entwickeln, die perfekt auf die Bed\u00fcrfnisse unserer Kunden abgestimmt sind.<\/li><li>Wir betreiben unsere Gesch\u00e4fte auf solide und \u00e4u\u00dferst transparente Weise, um unseren Unternehmenswert zu steigern.<\/li><li>Wir erf\u00fcllen unsere Verantwortung gegen\u00fcber der \u00d6ffentlichkeit und den Aktion\u00e4ren und arbeiten gleichzeitig daran, ein Unternehmen zu schaffen, das den Mitarbeitern einen zufriedenstellenden Arbeitsplatz bietet.<\/li><\/ul>\t\t\t\t\t\t\t\t<\/div>\n\t\t\t\t\t<\/div>\n\t\t<\/div>\n\t\t\t\t<div class=\"has_ae_slider elementor-column elementor-col-50 elementor-top-column elementor-element elementor-element-06d7b78 elementor-hidden-mobile ae-bg-gallery-type-default\" data-id=\"06d7b78\" data-element_type=\"column\" data-e-type=\"column\">\n\t\t\t<div class=\"elementor-widget-wrap elementor-element-populated\">\n\t\t\t\t\t\t<div class=\"elementor-element elementor-element-e994f8a elementor-widget elementor-widget-image\" data-id=\"e994f8a\" data-element_type=\"widget\" data-e-type=\"widget\" data-widget_type=\"image.default\">\n\t\t\t\t\t\t\t\t\t\t\t\t\t\t\t<img fetchpriority=\"high\" decoding=\"async\" width=\"400\" height=\"250\" src=\"https:\/\/mol-logistics.eu\/wp-content\/uploads\/2023\/09\/Vlag-EMEA-400x250-1.webp\" class=\"attachment-full size-full wp-image-3847\" alt=\"\" srcset=\"https:\/\/mol-logistics.eu\/wp-content\/uploads\/2023\/09\/Vlag-EMEA-400x250-1.webp 400w, https:\/\/mol-logistics.eu\/wp-content\/uploads\/2023\/09\/Vlag-EMEA-400x250-1-18x12.webp 18w\" sizes=\"(max-width: 400px) 100vw, 400px\" \/>\t\t\t\t\t\t\t\t\t\t\t\t\t\t\t<\/div>\n\t\t\t\t<div class=\"elementor-element elementor-element-a3ff369 elementor-absolute elementor-hidden-mobile elementor-hidden-tablet elementor-widget elementor-widget-image\" data-id=\"a3ff369\" data-element_type=\"widget\" data-e-type=\"widget\" data-settings=\"{&quot;_position&quot;:&quot;absolute&quot;,&quot;motion_fx_motion_fx_mouse&quot;:&quot;yes&quot;,&quot;motion_fx_mouseTrack_effect&quot;:&quot;yes&quot;,&quot;motion_fx_mouseTrack_speed&quot;:{&quot;unit&quot;:&quot;px&quot;,&quot;size&quot;:0.20000000000000001,&quot;sizes&quot;:[]}}\" data-widget_type=\"image.default\">\n\t\t\t\t\t\t\t\t\t\t\t\t\t\t\t<img decoding=\"async\" width=\"500\" height=\"500\" src=\"https:\/\/mol-logistics.eu\/wp-content\/uploads\/2024\/08\/11.-Yashima-san.jpg\" class=\"attachment-full size-full wp-image-14774\" alt=\"\" srcset=\"https:\/\/mol-logistics.eu\/wp-content\/uploads\/2024\/08\/11.-Yashima-san.jpg 500w, https:\/\/mol-logistics.eu\/wp-content\/uploads\/2024\/08\/11.-Yashima-san-12x12.jpg 12w\" sizes=\"(max-width: 500px) 100vw, 500px\" \/>\t\t\t\t\t\t\t\t\t\t\t\t\t\t\t<\/div>\n\t\t\t\t\t<\/div>\n\t\t<\/div>\n\t\t\t\t\t<\/div>\n\t\t<\/section>\n\t\t\t\t<section class=\"has_ae_slider elementor-section elementor-top-section elementor-element elementor-element-aa127e7 elementor-section-boxed elementor-section-height-default elementor-section-height-default ae-bg-gallery-type-default\" data-id=\"aa127e7\" data-element_type=\"section\" data-e-type=\"section\">\n\t\t\t\t\t\t<div class=\"elementor-container elementor-column-gap-default\">\n\t\t\t\t\t<div class=\"has_ae_slider elementor-column elementor-col-50 elementor-top-column elementor-element elementor-element-d2f5be7 ae-bg-gallery-type-default\" data-id=\"d2f5be7\" data-element_type=\"column\" data-e-type=\"column\">\n\t\t\t<div class=\"elementor-widget-wrap elementor-element-populated\">\n\t\t\t\t\t\t<div class=\"elementor-element elementor-element-aead2b0 elementor-widget elementor-widget-image\" data-id=\"aead2b0\" data-element_type=\"widget\" data-e-type=\"widget\" data-widget_type=\"image.default\">\n\t\t\t\t\t\t\t\t\t\t\t\t\t\t\t<img decoding=\"async\" width=\"451\" height=\"453\" src=\"https:\/\/mol-logistics.eu\/wp-content\/uploads\/2023\/05\/HOME_3_MOL-Logistics-Network-e1695036208817.png\" class=\"attachment-full size-full wp-image-2583\" alt=\"\" srcset=\"https:\/\/mol-logistics.eu\/wp-content\/uploads\/2023\/05\/HOME_3_MOL-Logistics-Network-e1695036208817.png 451w, https:\/\/mol-logistics.eu\/wp-content\/uploads\/2023\/05\/HOME_3_MOL-Logistics-Network-e1695036208817-12x12.png 12w\" sizes=\"(max-width: 451px) 100vw, 451px\" \/>\t\t\t\t\t\t\t\t\t\t\t\t\t\t\t<\/div>\n\t\t\t\t\t<\/div>\n\t\t<\/div>\n\t\t\t\t<div class=\"has_ae_slider elementor-column elementor-col-50 elementor-top-column elementor-element elementor-element-6aa11a3 ae-bg-gallery-type-default\" data-id=\"6aa11a3\" data-element_type=\"column\" data-e-type=\"column\">\n\t\t\t<div class=\"elementor-widget-wrap elementor-element-populated\">\n\t\t\t\t\t\t<div class=\"elementor-element elementor-element-7ad4af9 elementor-widget elementor-widget-heading\" data-id=\"7ad4af9\" data-element_type=\"widget\" data-e-type=\"widget\" data-widget_type=\"heading.default\">\n\t\t\t\t\t<h2 class=\"elementor-heading-title elementor-size-xl\">MOL GROUP: Sozial und verantwortungsvoll<\/h2>\t\t\t\t<\/div>\n\t\t\t\t<div class=\"elementor-element elementor-element-c332422 elementor-widget elementor-widget-text-editor\" data-id=\"c332422\" data-element_type=\"widget\" data-e-type=\"widget\" data-widget_type=\"text-editor.default\">\n\t\t\t\t\t\t\t\t\t<p>MOL Logistics ist Teil der <a href=\"https:\/\/www.mol.co.jp\/en\/\" target=\"_blank\" rel=\"noopener\">MOL-Gruppe<\/a>die ihre Wurzeln in Japan hat. Die Gruppe ging aus der Reederei Mitsui O.S.K. Lines hervor, die \u00fcber 700 Schiffe betrieb. Die MOL-Gruppe wird als soziales Infrastrukturunternehmen definiert.  Die MOL-Gruppe wird zus\u00e4tzlich zu den traditionellen Schifffahrtsgesch\u00e4ften, die auf eine 140-j\u00e4hrige Geschichte zur\u00fcckblicken k\u00f6nnen, eine Vielzahl von sozialen Infrastrukturgesch\u00e4ften entwickeln und die sich entwickelnden sozialen Bed\u00fcrfnisse, einschlie\u00dflich des Umweltschutzes, mit innovativen Technologien und Dienstleistungen erf\u00fcllen. MOL st\u00e4rkt die Werte, die in der <a href=\"https:\/\/www.mol.co.jp\/en\/sustainability\/human\/mol-chart\/\" target=\"_blank\" rel=\"noopener\">\"MOL CHARTS\"<\/a> und Aktionspl\u00e4ne zur L\u00f6sung von Nachhaltigkeitsproblemen in der <a href=\"https:\/\/www.mol.co.jp\/en\/sustainability\/\" target=\"_blank\" rel=\"noopener\">\"MOL-Nachhaltigkeitsplan\"<\/a>.<\/p>\t\t\t\t\t\t\t\t<\/div>\n\t\t\t\t\t<\/div>\n\t\t<\/div>\n\t\t\t\t\t<\/div>\n\t\t<\/section>\n\t\t\t\t<\/div>","protected":false},"excerpt":{"rendered":"<p>Home \u00dcber MOL Logistics Das Netzwerk der MOL Logistics Group Ausgedehnte Netzwerke auf der ganzen Welt liefern umfassende, kundenorientierte Logistikdienstleistungen. Wir haben unsere Netzwerke auf globaler Ebene entwickelt und erweitert und bieten hochwertige Dienstleistungen auf der ganzen Welt an. Unser Netzwerk und unsere Arbeitsprinzipien Die Region MOL Logistics EMEA ist Teil der MOL Logistics Group, mit Hauptsitz in [...]<\/p>","protected":false},"author":1,"featured_media":4082,"parent":2298,"menu_order":0,"comment_status":"closed","ping_status":"closed","template":"","meta":{"_acf_changed":false,"footnotes":""},"class_list":["post-3852","page","type-page","status-publish","has-post-thumbnail","hentry"],"acf":[],"_links":{"self":[{"href":"https:\/\/mol-logistics.eu\/de\/wp-json\/wp\/v2\/pages\/3852","targetHints":{"allow":["GET"]}}],"collection":[{"href":"https:\/\/mol-logistics.eu\/de\/wp-json\/wp\/v2\/pages"}],"about":[{"href":"https:\/\/mol-logistics.eu\/de\/wp-json\/wp\/v2\/types\/page"}],"author":[{"embeddable":true,"href":"https:\/\/mol-logistics.eu\/de\/wp-json\/wp\/v2\/users\/1"}],"replies":[{"embeddable":true,"href":"https:\/\/mol-logistics.eu\/de\/wp-json\/wp\/v2\/comments?post=3852"}],"version-history":[{"count":5,"href":"https:\/\/mol-logistics.eu\/de\/wp-json\/wp\/v2\/pages\/3852\/revisions"}],"predecessor-version":[{"id":14777,"href":"https:\/\/mol-logistics.eu\/de\/wp-json\/wp\/v2\/pages\/3852\/revisions\/14777"}],"up":[{"embeddable":true,"href":"https:\/\/mol-logistics.eu\/de\/wp-json\/wp\/v2\/pages\/2298"}],"wp:featuredmedia":[{"embeddable":true,"href":"https:\/\/mol-logistics.eu\/de\/wp-json\/wp\/v2\/media\/4082"}],"wp:attachment":[{"href":"https:\/\/mol-logistics.eu\/de\/wp-json\/wp\/v2\/media?parent=3852"}],"curies":[{"name":"wp","href":"https:\/\/api.w.org\/{rel}","templated":true}]}}