{"id":4593,"date":"2023-09-11T11:40:16","date_gmt":"2023-09-11T11:40:16","guid":{"rendered":"https:\/\/mol-logistics.eu\/?page_id=4593"},"modified":"2023-09-11T11:40:35","modified_gmt":"2023-09-11T11:40:35","slug":"cookie-richtlinie-2","status":"publish","type":"page","link":"https:\/\/mol-logistics.eu\/de\/cookie-richtlinie-2\/","title":{"rendered":"Cookie-Richtlinie"},"content":{"rendered":"<p><em>Diese Cookie-Richtlinie wurde zuletzt am 28. M\u00e4rz 2022 aktualisiert und gilt f\u00fcr B\u00fcrger und Personen mit st\u00e4ndigem Wohnsitz im Europ\u00e4ischen Wirtschaftsraum und der Schweiz.<\/em><\/p>\n\n\n\n<h2 class=\"wp-block-heading\">1. Einleitung<\/h2>\n\n\n\n<p>Unsere Website,&nbsp;<a href=\"https:\/\/mol-logistics.holding-emea.com\/\" target=\"_blank\" rel=\"noopener\">https:\/\/mol-logistics.holding-emea.com<\/a>&nbsp;(nachstehend: \"die Website\") verwendet Cookies und andere damit verbundene Technologien (der Einfachheit halber werden alle Technologien als \"Cookies\" bezeichnet). Cookies werden auch von Dritten gesetzt, die wir beauftragt haben. In dem nachstehenden Dokument informieren wir Sie \u00fcber die Verwendung von Cookies auf unserer Website.<\/p>\n\n\n\n<h2 class=\"wp-block-heading\">2. Was sind Cookies?<\/h2>\n\n\n\n<p>Ein Cookie ist eine kleine einfache Datei, die zusammen mit den Seiten dieser Website gesendet und von Ihrem Browser auf der Festplatte Ihres Computers oder eines anderen Ger\u00e4ts gespeichert wird. Die darin gespeicherten Informationen k\u00f6nnen bei einem sp\u00e4teren Besuch an unsere Server oder an die Server der betreffenden Dritten zur\u00fcckgesandt werden.<\/p>\n\n\n\n<h2 class=\"wp-block-heading\">3. Was sind Skripte?<\/h2>\n\n\n\n<p>Ein Skript ist ein St\u00fcck Programmcode, der dazu dient, dass unsere Website ordnungsgem\u00e4\u00df und interaktiv funktioniert. Dieser Code wird auf unserem Server oder auf Ihrem Ger\u00e4t ausgef\u00fchrt.<\/p>\n\n\n\n<h2 class=\"wp-block-heading\">4. Was ist ein Web-Beacon?<\/h2>\n\n\n\n<p>Ein Web-Beacon (oder ein Pixel-Tag) ist ein kleines, unsichtbares St\u00fcck Text oder Bild auf einer Website, das dazu dient, den Verkehr auf einer Website zu \u00fcberwachen. Zu diesem Zweck werden verschiedene Daten \u00fcber Sie mithilfe von Web-Beacons gespeichert.<\/p>\n\n\n\n<h2 class=\"wp-block-heading\">5. Cookies<\/h2>\n\n\n\n<p>5.1 Technische oder funktionale Cookies<\/p>\n\n\n\n<p>Einige Cookies sorgen daf\u00fcr, dass bestimmte Teile der Website ordnungsgem\u00e4\u00df funktionieren und dass Ihre Benutzerpr\u00e4ferenzen bekannt bleiben. Indem wir funktionale Cookies setzen, erleichtern wir Ihnen den Besuch unserer Website. So m\u00fcssen Sie beim Besuch unserer Website nicht immer wieder dieselben Informationen eingeben, und die Artikel bleiben z. B. in Ihrem Warenkorb, bis Sie bezahlt haben. Wir k\u00f6nnen diese Cookies ohne Ihre Zustimmung setzen.<\/p>\n\n\n\n<p>5.2 Statistik-Cookies<\/p>\n\n\n\n<p>Wir verwenden Statistik-Cookies, um das Website-Erlebnis f\u00fcr unsere Nutzer zu optimieren. Mit diesen Statistik-Cookies erhalten wir Einblicke in die Nutzung unserer Website. Wir bitten Sie um Ihre Erlaubnis, Statistik-Cookies zu setzen.<\/p>\n\n\n\n<p>5.3 Marketing\/Tracking-Cookies<\/p>\n\n\n\n<p>Marketing-\/Tracking-Cookies sind Cookies oder andere Formen der lokalen Speicherung, die zur Erstellung von Benutzerprofilen f\u00fcr die Anzeige von Werbung oder zur Verfolgung des Benutzers auf dieser Website oder auf mehreren Websites f\u00fcr \u00e4hnliche Marketingzwecke verwendet werden.<\/p>\n\n\n\n<h2 class=\"wp-block-heading\">6. Platzierte Kekse<\/h2>\n\n\n\n<script id=\"CookieDeclaration\" src=\"https:\/\/consent.cookiebot.com\/4d2739cb-fd96-431c-aa7f-2380bd0795e4\/cd.js\" type=\"text\/javascript\" async><\/script>\n\n\n\n<h2 class=\"wp-block-heading\">8. Aktivieren\/Deaktivieren und L\u00f6schen von Cookies<\/h2>\n\n\n\n<p>Sie k\u00f6nnen Ihren Internet-Browser verwenden, um Cookies automatisch oder manuell zu l\u00f6schen. Sie k\u00f6nnen auch festlegen, dass bestimmte Cookies nicht gesetzt werden d\u00fcrfen. Eine weitere M\u00f6glichkeit besteht darin, die Einstellungen Ihres Internet-Browsers so zu \u00e4ndern, dass Sie jedes Mal, wenn ein Cookie gesetzt wird, eine Meldung erhalten. Weitere Informationen zu diesen Optionen finden Sie in den Anleitungen im Hilfebereich Ihres Browsers.<\/p>\n\n\n\n<p>Bitte beachten Sie, dass unsere Website m\u00f6glicherweise nicht richtig funktioniert, wenn alle Cookies deaktiviert sind. Wenn Sie die Cookies in Ihrem Browser l\u00f6schen, werden sie nach Ihrer Zustimmung erneut gesetzt, wenn Sie unsere Website erneut besuchen.<\/p>\n\n\n\n<h2 class=\"wp-block-heading\">9. Ihre Rechte in Bezug auf personenbezogene Daten<\/h2>\n\n\n\n<p>Sie haben die folgenden Rechte in Bezug auf Ihre pers\u00f6nlichen Daten:<\/p>\n\n\n\n<ul class=\"wp-block-list\">\n<li>Sie haben das Recht zu erfahren, wozu Ihre personenbezogenen Daten ben\u00f6tigt werden, was mit ihnen geschieht und wie lange sie gespeichert werden.<\/li>\n\n\n\n<li>Recht auf Zugang: Sie haben das Recht, auf Ihre uns bekannten personenbezogenen Daten zuzugreifen.<\/li>\n\n\n\n<li>Recht auf Berichtigung: Sie haben das Recht, Ihre personenbezogenen Daten zu erg\u00e4nzen, zu berichtigen, l\u00f6schen oder sperren zu lassen, wann immer Sie dies w\u00fcnschen.<\/li>\n\n\n\n<li>Wenn Sie uns Ihre Einwilligung zur Verarbeitung Ihrer Daten gegeben haben, haben Sie das Recht, diese Einwilligung zu widerrufen und Ihre personenbezogenen Daten l\u00f6schen zu lassen.<\/li>\n\n\n\n<li>Recht auf Daten\u00fcbertragbarkeit: Sie haben das Recht, alle Ihre personenbezogenen Daten von dem f\u00fcr die Verarbeitung Verantwortlichen anzufordern und sie in ihrer Gesamtheit an einen anderen f\u00fcr die Verarbeitung Verantwortlichen zu \u00fcbertragen.<\/li>\n\n\n\n<li>Recht auf Widerspruch: Sie k\u00f6nnen der Verarbeitung Ihrer Daten widersprechen. Dem kommen wir nach, es sei denn, es liegen berechtigte Gr\u00fcnde f\u00fcr die Verarbeitung vor.<\/li>\n<\/ul>\n\n\n\n<p>Um diese Rechte auszu\u00fcben, kontaktieren Sie uns bitte. Bitte beachten Sie die Kontaktdaten am Ende dieser Cookie-Richtlinie. Wenn Sie sich dar\u00fcber beschweren m\u00f6chten, wie wir Ihre Daten behandeln, w\u00fcrden wir uns freuen, von Ihnen zu h\u00f6ren. Sie haben aber auch das Recht, eine Beschwerde bei der Aufsichtsbeh\u00f6rde (der Datenschutzbeh\u00f6rde) einzureichen.<\/p>\n\n\n\n<h2 class=\"wp-block-heading\">10. Kontaktangaben<\/h2>\n\n\n\n<p>Wenn Sie Fragen und\/oder Anmerkungen zu unserer Cookie-Richtlinie und dieser Erkl\u00e4rung haben, wenden Sie sich bitte an uns unter den folgenden Kontaktdaten:<\/p>\n\n\n\n<p>MOL Logistik Holding EMEA<br>Siriusstraat 455015BT Tilburg<br>Niederlande<br>Website:\u00a0<a href=\"https:\/\/mol-logistics.holding-emea.com\/\" target=\"_blank\" rel=\"noopener\">https:\/\/mol-logistics.holding-emea.com<\/a><br>E-Mail: info@mol-logistics.eu<br>Rufnummer: 013 - 5373 373<\/p>\n\n\n\n<p>Diese Cookie-Richtlinie wurde synchronisiert mit&nbsp;<a href=\"https:\/\/cookiedatabase.org\/\" target=\"_blank\" rel=\"noreferrer noopener\">cookiedatabase.org<\/a>&nbsp;am 7. September 2023.<\/p>","protected":false},"excerpt":{"rendered":"<p>Diese Cookie-Richtlinie wurde zuletzt am 28. M\u00e4rz 2022 aktualisiert und gilt f\u00fcr B\u00fcrger und Personen mit st\u00e4ndigem Wohnsitz im Europ\u00e4ischen Wirtschaftsraum und der Schweiz. 1. Einleitung Unsere Website https:\/\/mol-logistics.holding-emea.com (im Folgenden: \"die Website\") verwendet Cookies und andere verwandte Technologien (der Einfachheit halber werden alle Technologien als \"Cookies\" bezeichnet). Cookies werden auch von Dritten gesetzt, die wir [...]<\/p>","protected":false},"author":1,"featured_media":0,"parent":0,"menu_order":0,"comment_status":"closed","ping_status":"closed","template":"","meta":{"_acf_changed":false,"footnotes":""},"class_list":["post-4593","page","type-page","status-publish","hentry"],"acf":[],"_links":{"self":[{"href":"https:\/\/mol-logistics.eu\/de\/wp-json\/wp\/v2\/pages\/4593","targetHints":{"allow":["GET"]}}],"collection":[{"href":"https:\/\/mol-logistics.eu\/de\/wp-json\/wp\/v2\/pages"}],"about":[{"href":"https:\/\/mol-logistics.eu\/de\/wp-json\/wp\/v2\/types\/page"}],"author":[{"embeddable":true,"href":"https:\/\/mol-logistics.eu\/de\/wp-json\/wp\/v2\/users\/1"}],"replies":[{"embeddable":true,"href":"https:\/\/mol-logistics.eu\/de\/wp-json\/wp\/v2\/comments?post=4593"}],"version-history":[{"count":3,"href":"https:\/\/mol-logistics.eu\/de\/wp-json\/wp\/v2\/pages\/4593\/revisions"}],"predecessor-version":[{"id":4597,"href":"https:\/\/mol-logistics.eu\/de\/wp-json\/wp\/v2\/pages\/4593\/revisions\/4597"}],"wp:attachment":[{"href":"https:\/\/mol-logistics.eu\/de\/wp-json\/wp\/v2\/media?parent=4593"}],"curies":[{"name":"wp","href":"https:\/\/api.w.org\/{rel}","templated":true}]}}