{"id":3162,"date":"2023-08-28T11:53:57","date_gmt":"2023-08-28T11:53:57","guid":{"rendered":"https:\/\/mol-logistics.eu\/?page_id=3162"},"modified":"2023-09-13T15:35:16","modified_gmt":"2023-09-13T13:35:16","slug":"valori-e-sostenibilita","status":"publish","type":"page","link":"https:\/\/mol-logistics.eu\/it\/informazioni-sulla-logistica-mol\/valori-e-sostenibilita\/","title":{"rendered":"Sostenibilit\u00e0"},"content":{"rendered":"<div data-elementor-type=\"wp-page\" data-elementor-id=\"3162\" class=\"elementor elementor-3162\" data-elementor-post-type=\"page\">\n\t\t\t\t\t\t<section class=\"has_ae_slider elementor-section elementor-top-section elementor-element elementor-element-7c988e6 elementor-hidden-mobile elementor-section-boxed elementor-section-height-default elementor-section-height-default ae-bg-gallery-type-default\" data-id=\"7c988e6\" data-element_type=\"section\" data-e-type=\"section\" data-settings=\"{&quot;background_background&quot;:&quot;classic&quot;}\">\n\t\t\t\t\t\t<div class=\"elementor-container elementor-column-gap-default\">\n\t\t\t\t\t<div class=\"has_ae_slider elementor-column elementor-col-100 elementor-top-column elementor-element elementor-element-6e9b162 ae-bg-gallery-type-default\" data-id=\"6e9b162\" data-element_type=\"column\" data-e-type=\"column\">\n\t\t\t<div class=\"elementor-widget-wrap elementor-element-populated\">\n\t\t\t\t\t\t<div class=\"elementor-element elementor-element-601172e elementor-icon-list--layout-inline elementor-list-item-link-full_width elementor-widget elementor-widget-icon-list\" data-id=\"601172e\" data-element_type=\"widget\" data-e-type=\"widget\" data-widget_type=\"icon-list.default\">\n\t\t\t\t\t\t\t<ul class=\"elementor-icon-list-items elementor-inline-items\">\n\t\t\t\t\t\t\t<li class=\"elementor-icon-list-item elementor-inline-item\">\n\t\t\t\t\t\t\t\t\t\t\t<a href=\"\/it\/\">\n\n\t\t\t\t\t\t\t\t\t\t\t\t<span class=\"elementor-icon-list-icon\">\n\t\t\t\t\t\t\t<i aria-hidden=\"true\" class=\"fal fa-home-lg\"><\/i>\t\t\t\t\t\t<\/span>\n\t\t\t\t\t\t\t\t\t\t<span class=\"elementor-icon-list-text\">Casa<\/span>\n\t\t\t\t\t\t\t\t\t\t\t<\/a>\n\t\t\t\t\t\t\t\t\t<\/li>\n\t\t\t\t\t\t\t\t<li class=\"elementor-icon-list-item elementor-inline-item\">\n\t\t\t\t\t\t\t\t\t\t\t<a href=\"https:\/\/mol-logistics.eu\/it\/informazioni-sulla-logistica-mol\/\">\n\n\t\t\t\t\t\t\t\t\t\t\t\t<span class=\"elementor-icon-list-icon\">\n\t\t\t\t\t\t\t<i aria-hidden=\"true\" class=\"fal fa-angle-double-right\"><\/i>\t\t\t\t\t\t<\/span>\n\t\t\t\t\t\t\t\t\t\t<span class=\"elementor-icon-list-text\">Informazioni su MOL Logistics<\/span>\n\t\t\t\t\t\t\t\t\t\t\t<\/a>\n\t\t\t\t\t\t\t\t\t<\/li>\n\t\t\t\t\t\t\t\t<li class=\"elementor-icon-list-item elementor-inline-item\">\n\t\t\t\t\t\t\t\t\t\t\t<a href=\"https:\/\/mol-logistics.eu\/it\/informazioni-sulla-logistica-mol\/valori-e-sostenibilita\/\">\n\n\t\t\t\t\t\t\t\t\t\t\t\t<span class=\"elementor-icon-list-icon\">\n\t\t\t\t\t\t\t<i aria-hidden=\"true\" class=\"fal fa-angle-double-right\"><\/i>\t\t\t\t\t\t<\/span>\n\t\t\t\t\t\t\t\t\t\t<span class=\"elementor-icon-list-text\">Sostenibilit\u00e0<\/span>\n\t\t\t\t\t\t\t\t\t\t\t<\/a>\n\t\t\t\t\t\t\t\t\t<\/li>\n\t\t\t\t\t\t<\/ul>\n\t\t\t\t\t\t<\/div>\n\t\t\t\t\t<\/div>\n\t\t<\/div>\n\t\t\t\t\t<\/div>\n\t\t<\/section>\n\t\t\t\t<section class=\"has_ae_slider elementor-section elementor-top-section elementor-element elementor-element-500fa02 elementor-section-height-min-height elementor-section-items-bottom elementor-section-boxed elementor-section-height-default ae-bg-gallery-type-default\" data-id=\"500fa02\" data-element_type=\"section\" data-e-type=\"section\" data-settings=\"{&quot;background_background&quot;:&quot;classic&quot;}\">\n\t\t\t\t\t\t\t<div class=\"elementor-background-overlay\"><\/div>\n\t\t\t\t\t\t\t<div class=\"elementor-container elementor-column-gap-default\">\n\t\t\t\t\t<div class=\"has_ae_slider elementor-column elementor-col-100 elementor-top-column elementor-element elementor-element-7f6dccb ae-bg-gallery-type-default\" data-id=\"7f6dccb\" data-element_type=\"column\" data-e-type=\"column\">\n\t\t\t<div class=\"elementor-widget-wrap elementor-element-populated\">\n\t\t\t\t\t\t<div class=\"elementor-element elementor-element-8999d94 elementor-invisible elementor-widget elementor-widget-heading\" data-id=\"8999d94\" data-element_type=\"widget\" data-e-type=\"widget\" data-settings=\"{&quot;_animation&quot;:&quot;fadeInLeft&quot;}\" data-widget_type=\"heading.default\">\n\t\t\t\t\t<h1 class=\"elementor-heading-title elementor-size-xxl\">Sostenibilit\u00e0<\/h1>\t\t\t\t<\/div>\n\t\t\t\t<div class=\"elementor-element elementor-element-e32a908 elementor-widget__width-initial elementor-widget elementor-widget-text-editor\" data-id=\"e32a908\" data-element_type=\"widget\" data-e-type=\"widget\" data-widget_type=\"text-editor.default\">\n\t\t\t\t\t\t\t\t\t<p>Il Gruppo MOL \u00e8 caratterizzato da un'ampia agenda nel campo della responsabilit\u00e0 sociale d'impresa e della sostenibilit\u00e0 innovativa.\u00a0<\/p>\t\t\t\t\t\t\t\t<\/div>\n\t\t\t\t\t<\/div>\n\t\t<\/div>\n\t\t\t\t\t<\/div>\n\t\t<\/section>\n\t\t\t\t<section class=\"has_ae_slider elementor-section elementor-top-section elementor-element elementor-element-c1cc142 elementor-section-content-top elementor-section-boxed elementor-section-height-default elementor-section-height-default ae-bg-gallery-type-default\" data-id=\"c1cc142\" data-element_type=\"section\" data-e-type=\"section\">\n\t\t\t\t\t\t<div class=\"elementor-container elementor-column-gap-default\">\n\t\t\t\t\t<div class=\"has_ae_slider elementor-column elementor-col-50 elementor-top-column elementor-element elementor-element-83cbcc0 ae-bg-gallery-type-default elementor-invisible\" data-id=\"83cbcc0\" data-element_type=\"column\" data-e-type=\"column\" data-settings=\"{&quot;animation&quot;:&quot;fadeIn&quot;}\">\n\t\t\t<div class=\"elementor-widget-wrap elementor-element-populated\">\n\t\t\t\t\t\t<div class=\"elementor-element elementor-element-d2c10f2 elementor-widget elementor-widget-heading\" data-id=\"d2c10f2\" data-element_type=\"widget\" data-e-type=\"widget\" data-widget_type=\"heading.default\">\n\t\t\t\t\t<h2 class=\"elementor-heading-title elementor-size-xl\">Gestione della sostenibilit\u00e0<\/h2>\t\t\t\t<\/div>\n\t\t\t\t<div class=\"elementor-element elementor-element-d56ba71 elementor-widget elementor-widget-text-editor\" data-id=\"d56ba71\" data-element_type=\"widget\" data-e-type=\"widget\" data-widget_type=\"text-editor.default\">\n\t\t\t\t\t\t\t\t\t<h2>Focus del Gruppo MOL Logistics<\/h2><h4>Sicurezza e valore<\/h4><p>Fornire un valore aggiunto attraverso trasporti sicuri e infrastrutture sociali.<\/p><h4>Ambiente<\/h4><p>Conservazione dell'ambiente marino e globale<\/p><h4>Umani e comunit\u00e0<\/h4><p>Contribuire alla crescita e allo sviluppo delle persone e delle comunit\u00e0. CARTE MOL: Esprimere i valori condivisi del Gruppo MOL<\/p><h4>L'innovazione<\/h4><p>Innovazione per lo sviluppo tecnologia sostenibile<\/p><h4>La governance<\/h4><p>Governance e conformit\u00e0 a supporto del business<\/p>\t\t\t\t\t\t\t\t<\/div>\n\t\t\t\t\t<\/div>\n\t\t<\/div>\n\t\t\t\t<div class=\"has_ae_slider elementor-column elementor-col-50 elementor-top-column elementor-element elementor-element-8466443 elementor-hidden-mobile ae-bg-gallery-type-default\" data-id=\"8466443\" data-element_type=\"column\" data-e-type=\"column\">\n\t\t\t<div class=\"elementor-widget-wrap elementor-element-populated\">\n\t\t\t\t\t\t<div class=\"elementor-element elementor-element-1fe27fa elementor-widget elementor-widget-image\" data-id=\"1fe27fa\" data-element_type=\"widget\" data-e-type=\"widget\" data-widget_type=\"image.default\">\n\t\t\t\t\t\t\t\t\t\t\t\t\t\t\t<img fetchpriority=\"high\" decoding=\"async\" width=\"1000\" height=\"800\" src=\"https:\/\/mol-logistics.eu\/wp-content\/uploads\/2023\/09\/Mitsui-Sustainability.jpg\" class=\"attachment-full size-full wp-image-4147\" alt=\"\" srcset=\"https:\/\/mol-logistics.eu\/wp-content\/uploads\/2023\/09\/Mitsui-Sustainability.jpg 1000w, https:\/\/mol-logistics.eu\/wp-content\/uploads\/2023\/09\/Mitsui-Sustainability-768x614.jpg 768w, https:\/\/mol-logistics.eu\/wp-content\/uploads\/2023\/09\/Mitsui-Sustainability-15x12.jpg 15w\" sizes=\"(max-width: 1000px) 100vw, 1000px\" \/>\t\t\t\t\t\t\t\t\t\t\t\t\t\t\t<\/div>\n\t\t\t\t<div class=\"elementor-element elementor-element-567c5d9 elementor-absolute elementor-hidden-mobile elementor-hidden-tablet elementor-widget elementor-widget-image\" data-id=\"567c5d9\" data-element_type=\"widget\" data-e-type=\"widget\" data-settings=\"{&quot;_position&quot;:&quot;absolute&quot;,&quot;motion_fx_motion_fx_mouse&quot;:&quot;yes&quot;,&quot;motion_fx_mouseTrack_effect&quot;:&quot;yes&quot;,&quot;motion_fx_mouseTrack_speed&quot;:{&quot;unit&quot;:&quot;px&quot;,&quot;size&quot;:0.20000000000000001,&quot;sizes&quot;:[]}}\" data-widget_type=\"image.default\">\n\t\t\t\t\t\t\t\t\t\t\t\t\t\t\t<img decoding=\"async\" width=\"398\" height=\"127\" src=\"https:\/\/mol-logistics.eu\/wp-content\/uploads\/2023\/08\/charts.jpg\" class=\"attachment-full size-full wp-image-3416\" alt=\"\" srcset=\"https:\/\/mol-logistics.eu\/wp-content\/uploads\/2023\/08\/charts.jpg 398w, https:\/\/mol-logistics.eu\/wp-content\/uploads\/2023\/08\/charts-18x6.jpg 18w\" sizes=\"(max-width: 398px) 100vw, 398px\" \/>\t\t\t\t\t\t\t\t\t\t\t\t\t\t\t<\/div>\n\t\t\t\t\t<\/div>\n\t\t<\/div>\n\t\t\t\t\t<\/div>\n\t\t<\/section>\n\t\t\t\t<section class=\"has_ae_slider elementor-section elementor-top-section elementor-element elementor-element-346f784 elementor-section-boxed elementor-section-height-default elementor-section-height-default ae-bg-gallery-type-default\" data-id=\"346f784\" data-element_type=\"section\" data-e-type=\"section\">\n\t\t\t\t\t\t<div class=\"elementor-container elementor-column-gap-default\">\n\t\t\t\t\t<div class=\"has_ae_slider elementor-column elementor-col-50 elementor-top-column elementor-element elementor-element-8ad94ee ae-bg-gallery-type-default\" data-id=\"8ad94ee\" data-element_type=\"column\" data-e-type=\"column\">\n\t\t\t<div class=\"elementor-widget-wrap elementor-element-populated\">\n\t\t\t\t\t\t<div class=\"elementor-element elementor-element-552ee74 elementor-widget elementor-widget-image\" data-id=\"552ee74\" data-element_type=\"widget\" data-e-type=\"widget\" data-widget_type=\"image.default\">\n\t\t\t\t\t\t\t\t\t\t\t\t\t\t\t<img decoding=\"async\" width=\"3851\" height=\"1885\" src=\"https:\/\/mol-logistics.eu\/wp-content\/uploads\/2023\/08\/sutainable-building-lrg.png\" class=\"attachment-full size-full wp-image-3440\" alt=\"\" srcset=\"https:\/\/mol-logistics.eu\/wp-content\/uploads\/2023\/08\/sutainable-building-lrg.png 3851w, https:\/\/mol-logistics.eu\/wp-content\/uploads\/2023\/08\/sutainable-building-lrg-768x376.png 768w, https:\/\/mol-logistics.eu\/wp-content\/uploads\/2023\/08\/sutainable-building-lrg-1536x752.png 1536w, https:\/\/mol-logistics.eu\/wp-content\/uploads\/2023\/08\/sutainable-building-lrg-2048x1002.png 2048w, https:\/\/mol-logistics.eu\/wp-content\/uploads\/2023\/08\/sutainable-building-lrg-18x9.png 18w\" sizes=\"(max-width: 3851px) 100vw, 3851px\" \/>\t\t\t\t\t\t\t\t\t\t\t\t\t\t\t<\/div>\n\t\t\t\t\t<\/div>\n\t\t<\/div>\n\t\t\t\t<div class=\"has_ae_slider elementor-column elementor-col-50 elementor-top-column elementor-element elementor-element-c6e5010 ae-bg-gallery-type-default\" data-id=\"c6e5010\" data-element_type=\"column\" data-e-type=\"column\">\n\t\t\t<div class=\"elementor-widget-wrap elementor-element-populated\">\n\t\t\t\t\t\t<div class=\"elementor-element elementor-element-751d038 elementor-widget elementor-widget-heading\" data-id=\"751d038\" data-element_type=\"widget\" data-e-type=\"widget\" data-widget_type=\"heading.default\">\n\t\t\t\t\t<h2 class=\"elementor-heading-title elementor-size-xl\">Obiettivi di sostenibilit\u00e0<\/h2>\t\t\t\t<\/div>\n\t\t\t\t<div class=\"elementor-element elementor-element-15945f4 elementor-widget elementor-widget-text-editor\" data-id=\"15945f4\" data-element_type=\"widget\" data-e-type=\"widget\" data-widget_type=\"text-editor.default\">\n\t\t\t\t\t\t\t\t\t<p><span class=\"OYPEnA text-decoration-none text-strikethrough-none\">In quanto parte del Gruppo MOL che si concentra sulla bassa e sulla de-carbonizzazione, cerchiamo di offrire servizi con una forte consapevolezza della necessit\u00e0 di <a href=\"https:\/\/www.mol.co.jp\/en\/sustainability\/\" target=\"_blank\" rel=\"noopener\">ridurre il nostro impatto ambientale<\/a>. Con la parola d'ordine \"puntare a diventare un'azienda di logistica che fornisce un servizio unico e distintivo di alta qualit\u00e0 a costi competitivi sul mercato\", facciamo leva su un lavoro di squadra stretto e cooperativo con esperti di logistica in tutto il mondo, fornendo un supporto alla supply chain come vero partner logistico dei nostri clienti.<\/span>\u00a0<\/p>\t\t\t\t\t\t\t\t<\/div>\n\t\t\t\t\t<\/div>\n\t\t<\/div>\n\t\t\t\t\t<\/div>\n\t\t<\/section>\n\t\t\t\t<section class=\"has_ae_slider elementor-section elementor-top-section elementor-element elementor-element-7c4cb96 elementor-section-boxed elementor-section-height-default elementor-section-height-default ae-bg-gallery-type-default\" data-id=\"7c4cb96\" data-element_type=\"section\" data-e-type=\"section\">\n\t\t\t\t\t\t<div class=\"elementor-container elementor-column-gap-default\">\n\t\t\t\t\t<div class=\"has_ae_slider elementor-column elementor-col-50 elementor-top-column elementor-element elementor-element-87b4b5a ae-bg-gallery-type-default elementor-invisible\" data-id=\"87b4b5a\" data-element_type=\"column\" data-e-type=\"column\" data-settings=\"{&quot;animation&quot;:&quot;fadeIn&quot;}\">\n\t\t\t<div class=\"elementor-widget-wrap elementor-element-populated\">\n\t\t\t\t\t\t<div class=\"elementor-element elementor-element-067369b elementor-widget elementor-widget-heading\" data-id=\"067369b\" data-element_type=\"widget\" data-e-type=\"widget\" data-widget_type=\"heading.default\">\n\t\t\t\t\t<h2 class=\"elementor-heading-title elementor-size-xl\">Riduzione delle emissioni di CO\u00b2 nella logistica<\/h2>\t\t\t\t<\/div>\n\t\t\t\t<div class=\"elementor-element elementor-element-3e0c297 elementor-widget elementor-widget-text-editor\" data-id=\"3e0c297\" data-element_type=\"widget\" data-e-type=\"widget\" data-widget_type=\"text-editor.default\">\n\t\t\t\t\t\t\t\t\t<p>La riduzione delle emissioni di CO\u00b2 \u00e8 parte integrante delle nostre operazioni e dei nostri piani aziendali. Grazie all'innovazione e alla creativit\u00e0, garantiamo che l'impatto ambientale sia ridotto al minimo in tutte le nostre operazioni logistiche.<\/p><h4>Magazzino\u00a0<\/h4><p>I nostri magazzini sono resi il pi\u00f9 possibile neutri dal punto di vista delle emissioni di CO\u00b2 grazie all'utilizzo di luci LED e di energia solare. Inoltre, vengono elaborate tutte le misure di isolamento possibili.\u00a0<span style=\"color: var( --e-global-color-text ); font-family: var( --e-global-typography-text-font-family ), Sans-serif;\">Magazzini e centri di distribuzione efficienti dal punto di vista energetico possono ridurre il consumo di energia associato alle operazioni logistiche.\u00a0<\/span><\/p><h4>Modalit\u00e0<\/h4><p>MOL Logistics \u00e8 uno dei primi a collaborare con vettori aerei che utilizzano carburante sostenibile.\u00a0\u00a0<\/p><p><span style=\"color: var( --e-global-color-text ); font-family: var( --e-global-typography-text-font-family ), Sans-serif;\">L'ottimizzazione della pianificazione consente di ridurre le emissioni di CO\u00b2 e i costi.\u00a0 <\/span><\/p><p>Le soluzioni multimodali, come ad esempio l'uso di pi\u00f9 ferrovie o vie navigabili interne al posto della strada, comportano una sostanziale riduzione dell'uso di combustibili fossili.\u00a0<\/p><p>\u00a0<\/p>\t\t\t\t\t\t\t\t<\/div>\n\t\t\t\t\t<\/div>\n\t\t<\/div>\n\t\t\t\t<div class=\"has_ae_slider elementor-column elementor-col-50 elementor-top-column elementor-element elementor-element-640c225 elementor-hidden-mobile ae-bg-gallery-type-default\" data-id=\"640c225\" data-element_type=\"column\" data-e-type=\"column\">\n\t\t\t<div class=\"elementor-widget-wrap elementor-element-populated\">\n\t\t\t\t\t\t<div class=\"elementor-element elementor-element-2ed770f elementor-widget elementor-widget-image\" data-id=\"2ed770f\" data-element_type=\"widget\" data-e-type=\"widget\" data-widget_type=\"image.default\">\n\t\t\t\t\t\t\t\t\t\t\t\t\t\t\t<img loading=\"lazy\" decoding=\"async\" width=\"800\" height=\"1000\" src=\"https:\/\/mol-logistics.eu\/wp-content\/uploads\/2023\/09\/sustainable-aviation-fuel.jpg\" class=\"attachment-full size-full wp-image-4143\" alt=\"\" srcset=\"https:\/\/mol-logistics.eu\/wp-content\/uploads\/2023\/09\/sustainable-aviation-fuel.jpg 800w, https:\/\/mol-logistics.eu\/wp-content\/uploads\/2023\/09\/sustainable-aviation-fuel-768x960.jpg 768w, https:\/\/mol-logistics.eu\/wp-content\/uploads\/2023\/09\/sustainable-aviation-fuel-10x12.jpg 10w\" sizes=\"(max-width: 800px) 100vw, 800px\" \/>\t\t\t\t\t\t\t\t\t\t\t\t\t\t\t<\/div>\n\t\t\t\t\t<\/div>\n\t\t<\/div>\n\t\t\t\t\t<\/div>\n\t\t<\/section>\n\t\t\t\t<section class=\"has_ae_slider elementor-section elementor-top-section elementor-element elementor-element-ce717e2 elementor-section-boxed elementor-section-height-default elementor-section-height-default ae-bg-gallery-type-default\" data-id=\"ce717e2\" data-element_type=\"section\" data-e-type=\"section\">\n\t\t\t\t\t\t<div class=\"elementor-container elementor-column-gap-default\">\n\t\t\t\t\t<div class=\"has_ae_slider elementor-column elementor-col-50 elementor-top-column elementor-element elementor-element-69c6b88 ae-bg-gallery-type-default\" data-id=\"69c6b88\" data-element_type=\"column\" data-e-type=\"column\">\n\t\t\t<div class=\"elementor-widget-wrap\">\n\t\t\t\t\t\t\t<\/div>\n\t\t<\/div>\n\t\t\t\t<div class=\"has_ae_slider elementor-column elementor-col-50 elementor-top-column elementor-element elementor-element-0009686 ae-bg-gallery-type-default\" data-id=\"0009686\" data-element_type=\"column\" data-e-type=\"column\">\n\t\t\t<div class=\"elementor-widget-wrap\">\n\t\t\t\t\t\t\t<\/div>\n\t\t<\/div>\n\t\t\t\t\t<\/div>\n\t\t<\/section>\n\t\t\t\t<\/div>","protected":false},"excerpt":{"rendered":"<p>Home Informazioni su MOL Logistics Sostenibilit\u00e0 Il Gruppo MOL \u00e8 caratterizzato da un'ampia agenda nel campo della responsabilit\u00e0 sociale d'impresa e della sostenibilit\u00e0 innovativa.  Gestione della sostenibilit\u00e0 MOL Logistics Focus del Gruppo Sicurezza e valore Fornire valore aggiunto attraverso trasporti sicuri e infrastrutture sociali Ambiente Conservazione dell'ambiente marino e globale Umana e comunit\u00e0 Contribuire [...]<\/p>","protected":false},"author":1,"featured_media":3750,"parent":2298,"menu_order":0,"comment_status":"closed","ping_status":"closed","template":"","meta":{"_acf_changed":false,"footnotes":""},"class_list":["post-3162","page","type-page","status-publish","has-post-thumbnail","hentry"],"acf":[],"_links":{"self":[{"href":"https:\/\/mol-logistics.eu\/it\/wp-json\/wp\/v2\/pages\/3162","targetHints":{"allow":["GET"]}}],"collection":[{"href":"https:\/\/mol-logistics.eu\/it\/wp-json\/wp\/v2\/pages"}],"about":[{"href":"https:\/\/mol-logistics.eu\/it\/wp-json\/wp\/v2\/types\/page"}],"author":[{"embeddable":true,"href":"https:\/\/mol-logistics.eu\/it\/wp-json\/wp\/v2\/users\/1"}],"replies":[{"embeddable":true,"href":"https:\/\/mol-logistics.eu\/it\/wp-json\/wp\/v2\/comments?post=3162"}],"version-history":[{"count":5,"href":"https:\/\/mol-logistics.eu\/it\/wp-json\/wp\/v2\/pages\/3162\/revisions"}],"predecessor-version":[{"id":4934,"href":"https:\/\/mol-logistics.eu\/it\/wp-json\/wp\/v2\/pages\/3162\/revisions\/4934"}],"up":[{"embeddable":true,"href":"https:\/\/mol-logistics.eu\/it\/wp-json\/wp\/v2\/pages\/2298"}],"wp:featuredmedia":[{"embeddable":true,"href":"https:\/\/mol-logistics.eu\/it\/wp-json\/wp\/v2\/media\/3750"}],"wp:attachment":[{"href":"https:\/\/mol-logistics.eu\/it\/wp-json\/wp\/v2\/media?parent=3162"}],"curies":[{"name":"wp","href":"https:\/\/api.w.org\/{rel}","templated":true}]}}