{"id":3852,"date":"2023-09-02T15:56:38","date_gmt":"2023-09-02T15:56:38","guid":{"rendered":"https:\/\/mol-logistics.eu\/?page_id=3852"},"modified":"2024-08-01T13:10:41","modified_gmt":"2024-08-01T11:10:41","slug":"rete-mol","status":"publish","type":"page","link":"https:\/\/mol-logistics.eu\/it\/informazioni-sulla-logistica-mol\/rete-mol\/","title":{"rendered":"Rete del Gruppo MOL Logistics"},"content":{"rendered":"<div data-elementor-type=\"wp-page\" data-elementor-id=\"3852\" class=\"elementor elementor-3852\" data-elementor-post-type=\"page\">\n\t\t\t\t\t\t<section class=\"has_ae_slider elementor-section elementor-top-section elementor-element elementor-element-ea831ab elementor-hidden-mobile elementor-section-boxed elementor-section-height-default elementor-section-height-default ae-bg-gallery-type-default\" data-id=\"ea831ab\" data-element_type=\"section\" data-e-type=\"section\" data-settings=\"{&quot;background_background&quot;:&quot;classic&quot;}\">\n\t\t\t\t\t\t<div class=\"elementor-container elementor-column-gap-default\">\n\t\t\t\t\t<div class=\"has_ae_slider elementor-column elementor-col-100 elementor-top-column elementor-element elementor-element-4d0e452 ae-bg-gallery-type-default\" data-id=\"4d0e452\" data-element_type=\"column\" data-e-type=\"column\">\n\t\t\t<div class=\"elementor-widget-wrap elementor-element-populated\">\n\t\t\t\t\t\t<div class=\"elementor-element elementor-element-fe14b4b elementor-icon-list--layout-inline elementor-list-item-link-full_width elementor-widget elementor-widget-icon-list\" data-id=\"fe14b4b\" data-element_type=\"widget\" data-e-type=\"widget\" data-widget_type=\"icon-list.default\">\n\t\t\t\t\t\t\t<ul class=\"elementor-icon-list-items elementor-inline-items\">\n\t\t\t\t\t\t\t<li class=\"elementor-icon-list-item elementor-inline-item\">\n\t\t\t\t\t\t\t\t\t\t\t<a href=\"\/it\/\">\n\n\t\t\t\t\t\t\t\t\t\t\t\t<span class=\"elementor-icon-list-icon\">\n\t\t\t\t\t\t\t<i aria-hidden=\"true\" class=\"fal fa-home-lg\"><\/i>\t\t\t\t\t\t<\/span>\n\t\t\t\t\t\t\t\t\t\t<span class=\"elementor-icon-list-text\">Casa<\/span>\n\t\t\t\t\t\t\t\t\t\t\t<\/a>\n\t\t\t\t\t\t\t\t\t<\/li>\n\t\t\t\t\t\t\t\t<li class=\"elementor-icon-list-item elementor-inline-item\">\n\t\t\t\t\t\t\t\t\t\t\t<a href=\"https:\/\/mol-logistics.eu\/it\/informazioni-sulla-logistica-mol\/\">\n\n\t\t\t\t\t\t\t\t\t\t\t\t<span class=\"elementor-icon-list-icon\">\n\t\t\t\t\t\t\t<i aria-hidden=\"true\" class=\"fal fa-angle-double-right\"><\/i>\t\t\t\t\t\t<\/span>\n\t\t\t\t\t\t\t\t\t\t<span class=\"elementor-icon-list-text\">Informazioni su MOL Logistics<\/span>\n\t\t\t\t\t\t\t\t\t\t\t<\/a>\n\t\t\t\t\t\t\t\t\t<\/li>\n\t\t\t\t\t\t\t\t<li class=\"elementor-icon-list-item elementor-inline-item\">\n\t\t\t\t\t\t\t\t\t\t\t<a href=\"https:\/\/mol-logistics.eu\/it\/informazioni-sulla-logistica-mol\/rete-mol\/\">\n\n\t\t\t\t\t\t\t\t\t\t\t\t<span class=\"elementor-icon-list-icon\">\n\t\t\t\t\t\t\t<i aria-hidden=\"true\" class=\"fal fa-angle-double-right\"><\/i>\t\t\t\t\t\t<\/span>\n\t\t\t\t\t\t\t\t\t\t<span class=\"elementor-icon-list-text\">Rete del Gruppo MOL Logistics<\/span>\n\t\t\t\t\t\t\t\t\t\t\t<\/a>\n\t\t\t\t\t\t\t\t\t<\/li>\n\t\t\t\t\t\t<\/ul>\n\t\t\t\t\t\t<\/div>\n\t\t\t\t\t<\/div>\n\t\t<\/div>\n\t\t\t\t\t<\/div>\n\t\t<\/section>\n\t\t\t\t<section class=\"has_ae_slider elementor-section elementor-top-section elementor-element elementor-element-179fba4 elementor-section-height-min-height elementor-section-items-bottom elementor-section-boxed elementor-section-height-default ae-bg-gallery-type-default\" data-id=\"179fba4\" data-element_type=\"section\" data-e-type=\"section\" data-settings=\"{&quot;background_background&quot;:&quot;classic&quot;}\">\n\t\t\t\t\t\t\t<div class=\"elementor-background-overlay\"><\/div>\n\t\t\t\t\t\t\t<div class=\"elementor-container elementor-column-gap-default\">\n\t\t\t\t\t<div class=\"has_ae_slider elementor-column elementor-col-100 elementor-top-column elementor-element elementor-element-e1911bf ae-bg-gallery-type-default\" data-id=\"e1911bf\" data-element_type=\"column\" data-e-type=\"column\">\n\t\t\t<div class=\"elementor-widget-wrap elementor-element-populated\">\n\t\t\t\t\t\t<div class=\"elementor-element elementor-element-f11ed20 elementor-invisible elementor-widget elementor-widget-heading\" data-id=\"f11ed20\" data-element_type=\"widget\" data-e-type=\"widget\" data-settings=\"{&quot;_animation&quot;:&quot;fadeInLeft&quot;}\" data-widget_type=\"heading.default\">\n\t\t\t\t\t<h1 class=\"elementor-heading-title elementor-size-xxl\">La rete del Gruppo MOL Logistics<\/h1>\t\t\t\t<\/div>\n\t\t\t\t<div class=\"elementor-element elementor-element-f66183c elementor-widget__width-initial elementor-widget elementor-widget-text-editor\" data-id=\"f66183c\" data-element_type=\"widget\" data-e-type=\"widget\" data-widget_type=\"text-editor.default\">\n\t\t\t\t\t\t\t\t\t<div class=\"output-container\"><div id=\"output\"><p>Reti estese in tutto il mondo offrono servizi logistici completi e orientati al cliente. Abbiamo sviluppato e ampliato le nostre reti su scala globale e offriamo servizi di alta qualit\u00e0 in tutto il mondo.<\/p><\/div><\/div>\t\t\t\t\t\t\t\t<\/div>\n\t\t\t\t\t<\/div>\n\t\t<\/div>\n\t\t\t\t\t<\/div>\n\t\t<\/section>\n\t\t\t\t<section class=\"has_ae_slider elementor-section elementor-top-section elementor-element elementor-element-7707300 elementor-section-content-top elementor-section-boxed elementor-section-height-default elementor-section-height-default ae-bg-gallery-type-default\" data-id=\"7707300\" data-element_type=\"section\" data-e-type=\"section\">\n\t\t\t\t\t\t<div class=\"elementor-container elementor-column-gap-default\">\n\t\t\t\t\t<div class=\"has_ae_slider elementor-column elementor-col-50 elementor-top-column elementor-element elementor-element-7cd6f6e ae-bg-gallery-type-default elementor-invisible\" data-id=\"7cd6f6e\" data-element_type=\"column\" data-e-type=\"column\" data-settings=\"{&quot;animation&quot;:&quot;fadeIn&quot;}\">\n\t\t\t<div class=\"elementor-widget-wrap elementor-element-populated\">\n\t\t\t\t\t\t<div class=\"elementor-element elementor-element-7e5d78e elementor-widget elementor-widget-heading\" data-id=\"7e5d78e\" data-element_type=\"widget\" data-e-type=\"widget\" data-widget_type=\"heading.default\">\n\t\t\t\t\t<h2 class=\"elementor-heading-title elementor-size-xl\">La nostra rete e i principi operativi<\/h2>\t\t\t\t<\/div>\n\t\t\t\t<div class=\"elementor-element elementor-element-be8b737 elementor-widget elementor-widget-text-editor\" data-id=\"be8b737\" data-element_type=\"widget\" data-e-type=\"widget\" data-widget_type=\"text-editor.default\">\n\t\t\t\t\t\t\t\t\t<p>La regione MOL Logistics EMEA fa parte del Gruppo MOL Logistics, con sede centrale in Giappone e 140 sedi commerciali in America, Asia, Medio Oriente, Africa ed Europa. Inoltre, lavoriamo a stretto contatto con 189 uffici di agenzia, suddivisi in 51 paesi. in sintesi, offriamo <a href=\"https:\/\/www.mol-logistics-group.com\/en\/network\/\" target=\"_blank\" rel=\"noopener\">copertura mondiale<\/a> per un servizio ottimale. Tutti gli uffici lavorano secondo gli stessi principi:<\/p><ul class=\"p-philosophy\"><li>Contribuiamo alla crescita economica mondiale sviluppando servizi logistici totali completi e ad alto valore aggiunto che rispondono perfettamente alle esigenze dei clienti.<\/li><li>Svolgiamo la nostra attivit\u00e0 in modo sano e altamente trasparente, con l'obiettivo di accrescere il nostro valore aziendale.<\/li><li>Adempiamo alle nostre responsabilit\u00e0 nei confronti del pubblico e degli azionisti, e allo stesso tempo lavoriamo per creare un'azienda che offra ai dipendenti un posto di lavoro soddisfacente.<\/li><\/ul>\t\t\t\t\t\t\t\t<\/div>\n\t\t\t\t\t<\/div>\n\t\t<\/div>\n\t\t\t\t<div class=\"has_ae_slider elementor-column elementor-col-50 elementor-top-column elementor-element elementor-element-06d7b78 elementor-hidden-mobile ae-bg-gallery-type-default\" data-id=\"06d7b78\" data-element_type=\"column\" data-e-type=\"column\">\n\t\t\t<div class=\"elementor-widget-wrap elementor-element-populated\">\n\t\t\t\t\t\t<div class=\"elementor-element elementor-element-e994f8a elementor-widget elementor-widget-image\" data-id=\"e994f8a\" data-element_type=\"widget\" data-e-type=\"widget\" data-widget_type=\"image.default\">\n\t\t\t\t\t\t\t\t\t\t\t\t\t\t\t<img fetchpriority=\"high\" decoding=\"async\" width=\"400\" height=\"250\" src=\"https:\/\/mol-logistics.eu\/wp-content\/uploads\/2023\/09\/Vlag-EMEA-400x250-1.webp\" class=\"attachment-full size-full wp-image-3847\" alt=\"\" srcset=\"https:\/\/mol-logistics.eu\/wp-content\/uploads\/2023\/09\/Vlag-EMEA-400x250-1.webp 400w, https:\/\/mol-logistics.eu\/wp-content\/uploads\/2023\/09\/Vlag-EMEA-400x250-1-18x12.webp 18w\" sizes=\"(max-width: 400px) 100vw, 400px\" \/>\t\t\t\t\t\t\t\t\t\t\t\t\t\t\t<\/div>\n\t\t\t\t<div class=\"elementor-element elementor-element-a3ff369 elementor-absolute elementor-hidden-mobile elementor-hidden-tablet elementor-widget elementor-widget-image\" data-id=\"a3ff369\" data-element_type=\"widget\" data-e-type=\"widget\" data-settings=\"{&quot;_position&quot;:&quot;absolute&quot;,&quot;motion_fx_motion_fx_mouse&quot;:&quot;yes&quot;,&quot;motion_fx_mouseTrack_effect&quot;:&quot;yes&quot;,&quot;motion_fx_mouseTrack_speed&quot;:{&quot;unit&quot;:&quot;px&quot;,&quot;size&quot;:0.20000000000000001,&quot;sizes&quot;:[]}}\" data-widget_type=\"image.default\">\n\t\t\t\t\t\t\t\t\t\t\t\t\t\t\t<img decoding=\"async\" width=\"500\" height=\"500\" src=\"https:\/\/mol-logistics.eu\/wp-content\/uploads\/2024\/08\/11.-Yashima-san.jpg\" class=\"attachment-full size-full wp-image-14774\" alt=\"\" srcset=\"https:\/\/mol-logistics.eu\/wp-content\/uploads\/2024\/08\/11.-Yashima-san.jpg 500w, https:\/\/mol-logistics.eu\/wp-content\/uploads\/2024\/08\/11.-Yashima-san-12x12.jpg 12w\" sizes=\"(max-width: 500px) 100vw, 500px\" \/>\t\t\t\t\t\t\t\t\t\t\t\t\t\t\t<\/div>\n\t\t\t\t\t<\/div>\n\t\t<\/div>\n\t\t\t\t\t<\/div>\n\t\t<\/section>\n\t\t\t\t<section class=\"has_ae_slider elementor-section elementor-top-section elementor-element elementor-element-aa127e7 elementor-section-boxed elementor-section-height-default elementor-section-height-default ae-bg-gallery-type-default\" data-id=\"aa127e7\" data-element_type=\"section\" data-e-type=\"section\">\n\t\t\t\t\t\t<div class=\"elementor-container elementor-column-gap-default\">\n\t\t\t\t\t<div class=\"has_ae_slider elementor-column elementor-col-50 elementor-top-column elementor-element elementor-element-d2f5be7 ae-bg-gallery-type-default\" data-id=\"d2f5be7\" data-element_type=\"column\" data-e-type=\"column\">\n\t\t\t<div class=\"elementor-widget-wrap elementor-element-populated\">\n\t\t\t\t\t\t<div class=\"elementor-element elementor-element-aead2b0 elementor-widget elementor-widget-image\" data-id=\"aead2b0\" data-element_type=\"widget\" data-e-type=\"widget\" data-widget_type=\"image.default\">\n\t\t\t\t\t\t\t\t\t\t\t\t\t\t\t<img decoding=\"async\" width=\"451\" height=\"453\" src=\"https:\/\/mol-logistics.eu\/wp-content\/uploads\/2023\/05\/HOME_3_MOL-Logistics-Network-e1695036208817.png\" class=\"attachment-full size-full wp-image-2583\" alt=\"\" srcset=\"https:\/\/mol-logistics.eu\/wp-content\/uploads\/2023\/05\/HOME_3_MOL-Logistics-Network-e1695036208817.png 451w, https:\/\/mol-logistics.eu\/wp-content\/uploads\/2023\/05\/HOME_3_MOL-Logistics-Network-e1695036208817-12x12.png 12w\" sizes=\"(max-width: 451px) 100vw, 451px\" \/>\t\t\t\t\t\t\t\t\t\t\t\t\t\t\t<\/div>\n\t\t\t\t\t<\/div>\n\t\t<\/div>\n\t\t\t\t<div class=\"has_ae_slider elementor-column elementor-col-50 elementor-top-column elementor-element elementor-element-6aa11a3 ae-bg-gallery-type-default\" data-id=\"6aa11a3\" data-element_type=\"column\" data-e-type=\"column\">\n\t\t\t<div class=\"elementor-widget-wrap elementor-element-populated\">\n\t\t\t\t\t\t<div class=\"elementor-element elementor-element-7ad4af9 elementor-widget elementor-widget-heading\" data-id=\"7ad4af9\" data-element_type=\"widget\" data-e-type=\"widget\" data-widget_type=\"heading.default\">\n\t\t\t\t\t<h2 class=\"elementor-heading-title elementor-size-xl\">GRUPPO MOL: sociale e responsabile<\/h2>\t\t\t\t<\/div>\n\t\t\t\t<div class=\"elementor-element elementor-element-c332422 elementor-widget elementor-widget-text-editor\" data-id=\"c332422\" data-element_type=\"widget\" data-e-type=\"widget\" data-widget_type=\"text-editor.default\">\n\t\t\t\t\t\t\t\t\t<p>MOL Logistics fa parte del gruppo <a href=\"https:\/\/www.mol.co.jp\/en\/\" target=\"_blank\" rel=\"noopener\">Gruppo MOL<\/a>con radici in Giappone. Il gruppo \u00e8 nato da Mitsui O.S.K. Lines, una compagnia di navigazione con oltre 700 navi. Il gruppo MOL \u00e8 definito come una societ\u00e0 di infrastrutture sociali.  Il gruppo MOL svilupper\u00e0 una serie di attivit\u00e0 di infrastrutture sociali, oltre alle tradizionali attivit\u00e0 di trasporto marittimo coltivate in 140 anni di storia, e risponder\u00e0 alle esigenze sociali in evoluzione, tra cui la conservazione dell'ambiente, con tecnologie e servizi innovativi. MOL valorizza i valori definiti nel <a href=\"https:\/\/www.mol.co.jp\/en\/sustainability\/human\/mol-chart\/\" target=\"_blank\" rel=\"noopener\">\"CARTE MOL\"<\/a> e piani d'azione per risolvere i problemi di sostenibilit\u00e0 nella <a href=\"https:\/\/www.mol.co.jp\/en\/sustainability\/\" target=\"_blank\" rel=\"noopener\">\"Piano di sostenibilit\u00e0 del MOL\"<\/a>.<\/p>\t\t\t\t\t\t\t\t<\/div>\n\t\t\t\t\t<\/div>\n\t\t<\/div>\n\t\t\t\t\t<\/div>\n\t\t<\/section>\n\t\t\t\t<\/div>","protected":false},"excerpt":{"rendered":"<p>Home Informazioni su MOL Logistics La rete del Gruppo MOL Logistics Reti estese in tutto il mondo forniscono servizi logistici completi e orientati al cliente. Abbiamo sviluppato e ampliato le nostre reti su scala globale e offriamo servizi di alta qualit\u00e0 in tutto il mondo. La nostra rete e i nostri principi operativi La regione MOL Logistics EMEA fa parte del Gruppo MOL Logistics, con sede [...]<\/p>","protected":false},"author":1,"featured_media":4082,"parent":2298,"menu_order":0,"comment_status":"closed","ping_status":"closed","template":"","meta":{"_acf_changed":false,"footnotes":""},"class_list":["post-3852","page","type-page","status-publish","has-post-thumbnail","hentry"],"acf":[],"_links":{"self":[{"href":"https:\/\/mol-logistics.eu\/it\/wp-json\/wp\/v2\/pages\/3852","targetHints":{"allow":["GET"]}}],"collection":[{"href":"https:\/\/mol-logistics.eu\/it\/wp-json\/wp\/v2\/pages"}],"about":[{"href":"https:\/\/mol-logistics.eu\/it\/wp-json\/wp\/v2\/types\/page"}],"author":[{"embeddable":true,"href":"https:\/\/mol-logistics.eu\/it\/wp-json\/wp\/v2\/users\/1"}],"replies":[{"embeddable":true,"href":"https:\/\/mol-logistics.eu\/it\/wp-json\/wp\/v2\/comments?post=3852"}],"version-history":[{"count":5,"href":"https:\/\/mol-logistics.eu\/it\/wp-json\/wp\/v2\/pages\/3852\/revisions"}],"predecessor-version":[{"id":14777,"href":"https:\/\/mol-logistics.eu\/it\/wp-json\/wp\/v2\/pages\/3852\/revisions\/14777"}],"up":[{"embeddable":true,"href":"https:\/\/mol-logistics.eu\/it\/wp-json\/wp\/v2\/pages\/2298"}],"wp:featuredmedia":[{"embeddable":true,"href":"https:\/\/mol-logistics.eu\/it\/wp-json\/wp\/v2\/media\/4082"}],"wp:attachment":[{"href":"https:\/\/mol-logistics.eu\/it\/wp-json\/wp\/v2\/media?parent=3852"}],"curies":[{"name":"wp","href":"https:\/\/api.w.org\/{rel}","templated":true}]}}