{"id":4593,"date":"2023-09-11T11:40:16","date_gmt":"2023-09-11T11:40:16","guid":{"rendered":"https:\/\/mol-logistics.eu\/?page_id=4593"},"modified":"2023-09-11T11:40:35","modified_gmt":"2023-09-11T11:40:35","slug":"politica-dei-cookie-2","status":"publish","type":"page","link":"https:\/\/mol-logistics.eu\/it\/politica-dei-cookie-2\/","title":{"rendered":"Informativa sui cookie"},"content":{"rendered":"<p><em>La presente Informativa sui cookie \u00e8 stata aggiornata l'ultima volta il 28 marzo 2022 e si applica ai cittadini e ai residenti permanenti legali dello Spazio economico europeo e della Svizzera.<\/em><\/p>\n\n\n\n<h2 class=\"wp-block-heading\">1. Introduzione<\/h2>\n\n\n\n<p>Il nostro sito web,&nbsp;<a href=\"https:\/\/mol-logistics.holding-emea.com\/\" target=\"_blank\" rel=\"noopener\">https:\/\/mol-logistics.holding-emea.com<\/a>&nbsp;(di seguito: \"il sito web\") utilizza i cookie e altre tecnologie correlate (per comodit\u00e0 tutte le tecnologie sono indicate come \"cookie\"). I cookie vengono inseriti anche da terze parti da noi incaricate. Nel documento che segue vi informiamo sull'uso dei cookie sul nostro sito web.<\/p>\n\n\n\n<h2 class=\"wp-block-heading\">2. Cosa sono i cookie?<\/h2>\n\n\n\n<p>Un cookie \u00e8 un piccolo e semplice file che viene inviato insieme alle pagine di questo sito web e memorizzato dal vostro browser sul disco rigido del vostro computer o di un altro dispositivo. Le informazioni in esso memorizzate possono essere rinviate ai nostri server o ai server delle terze parti interessate durante una visita successiva.<\/p>\n\n\n\n<h2 class=\"wp-block-heading\">3. Cosa sono gli script?<\/h2>\n\n\n\n<p>Uno script \u00e8 un pezzo di codice di programma che viene utilizzato per far funzionare il nostro sito web in modo corretto e interattivo. Questo codice viene eseguito sul nostro server o sul vostro dispositivo.<\/p>\n\n\n\n<h2 class=\"wp-block-heading\">4. Che cos'\u00e8 un web beacon?<\/h2>\n\n\n\n<p>Un web beacon (o pixel tag) \u00e8 una piccola parte invisibile di testo o immagine presente su un sito web, utilizzata per monitorare il traffico su un sito. A tal fine, i web beacon memorizzano diversi dati relativi all'utente.<\/p>\n\n\n\n<h2 class=\"wp-block-heading\">5. I biscotti<\/h2>\n\n\n\n<p>5.1 Cookie tecnici o funzionali<\/p>\n\n\n\n<p>Alcuni cookie garantiscono il corretto funzionamento di alcune parti del sito web e la conoscenza delle preferenze dell'utente. Inserendo i cookie funzionali, vi facilitiamo la visita al nostro sito web. In questo modo, non \u00e8 necessario inserire ripetutamente le stesse informazioni quando si visita il nostro sito e, ad esempio, gli articoli rimangono nel carrello fino al momento del pagamento. Possiamo inserire questi cookie senza il vostro consenso.<\/p>\n\n\n\n<p>5.2 Cookie statistici<\/p>\n\n\n\n<p>Utilizziamo i cookie statistici per ottimizzare l'esperienza del sito web per i nostri utenti. Con questi cookie statistici otteniamo informazioni sull'utilizzo del nostro sito web. Chiediamo il vostro consenso per l'inserimento dei cookie statistici.<\/p>\n\n\n\n<p>5.3 Cookie di marketing\/tracciamento<\/p>\n\n\n\n<p>I cookie di marketing\/tracciamento sono cookie o qualsiasi altra forma di memorizzazione locale, utilizzati per creare profili utente al fine di visualizzare pubblicit\u00e0 o per tracciare l'utente su questo sito web o su diversi siti web per scopi di marketing simili.<\/p>\n\n\n\n<h2 class=\"wp-block-heading\">6. Biscotti posizionati<\/h2>\n\n\n\n<script id=\"CookieDeclaration\" src=\"https:\/\/consent.cookiebot.com\/4d2739cb-fd96-431c-aa7f-2380bd0795e4\/cd.js\" type=\"text\/javascript\" async><\/script>\n\n\n\n<h2 class=\"wp-block-heading\">8. Abilitazione\/disabilitazione e cancellazione dei cookie<\/h2>\n\n\n\n<p>\u00c8 possibile utilizzare il proprio browser Internet per eliminare automaticamente o manualmente i cookie. \u00c8 inoltre possibile specificare che determinati cookie non possono essere inseriti. Un'altra possibilit\u00e0 \u00e8 quella di modificare le impostazioni del browser Internet in modo da ricevere un messaggio ogni volta che viene inserito un cookie. Per ulteriori informazioni su queste opzioni, consultare le istruzioni nella sezione Aiuto del browser.<\/p>\n\n\n\n<p>Si prega di notare che il nostro sito web potrebbe non funzionare correttamente se tutti i cookie sono disabilitati. Se cancellate i cookie nel vostro browser, essi verranno nuovamente inseriti dopo il vostro consenso quando visiterete nuovamente il nostro sito web.<\/p>\n\n\n\n<h2 class=\"wp-block-heading\">9. I vostri diritti in materia di dati personali<\/h2>\n\n\n\n<p>L'utente ha i seguenti diritti in relazione ai propri dati personali:<\/p>\n\n\n\n<ul class=\"wp-block-list\">\n<li>Avete il diritto di sapere perch\u00e9 i vostri dati personali sono necessari, che fine faranno e per quanto tempo saranno conservati.<\/li>\n\n\n\n<li>Diritto di accesso: L'utente ha il diritto di accedere ai propri dati personali di cui \u00e8 a conoscenza.<\/li>\n\n\n\n<li>Diritto di rettifica: avete il diritto di integrare, rettificare, far cancellare o bloccare i vostri dati personali ogni volta che lo desiderate.<\/li>\n\n\n\n<li>Se ci avete dato il consenso al trattamento dei vostri dati, avete il diritto di revocare tale consenso e di far cancellare i vostri dati personali.<\/li>\n\n\n\n<li>Diritto di trasferimento dei dati: l'utente ha il diritto di richiedere tutti i suoi dati personali al responsabile del trattamento e di trasferirli integralmente a un altro responsabile del trattamento.<\/li>\n\n\n\n<li>Diritto di opposizione: potete opporvi al trattamento dei vostri dati. Noi lo rispettiamo, a meno che non vi siano motivi giustificati per il trattamento.<\/li>\n<\/ul>\n\n\n\n<p>Per esercitare tali diritti, si prega di contattarci. Si prega di fare riferimento ai dettagli di contatto in fondo alla presente Informativa sui cookie. Se avete un reclamo sul modo in cui trattiamo i vostri dati, saremo lieti di sentirvi, ma avete anche il diritto di presentare un reclamo all'autorit\u00e0 di controllo (l'Autorit\u00e0 per la protezione dei dati).<\/p>\n\n\n\n<h2 class=\"wp-block-heading\">10. Dettagli di contatto<\/h2>\n\n\n\n<p>Per domande e\/o commenti sulla nostra Politica sui cookie e sulla presente informativa, si prega di contattarci utilizzando i seguenti recapiti:<\/p>\n\n\n\n<p>MOL Logistics Holding EMEA<br>Siriusstraat 455015BT Tilburg<br>Paesi Bassi<br>Sito web:\u00a0<a href=\"https:\/\/mol-logistics.holding-emea.com\/\" target=\"_blank\" rel=\"noopener\">https:\/\/mol-logistics.holding-emea.com<\/a><br>Email: info@mol-logistics.eu<br>Numero di telefono: 013 - 5373 373<\/p>\n\n\n\n<p>La presente Informativa sui cookie \u00e8 stata sincronizzata con&nbsp;<a href=\"https:\/\/cookiedatabase.org\/\" target=\"_blank\" rel=\"noreferrer noopener\">cookiedatabase.org<\/a>&nbsp;il 7 settembre 2023.<\/p>","protected":false},"excerpt":{"rendered":"<p>La presente Politica sui cookie \u00e8 stata aggiornata l'ultima volta il 28 marzo 2022 e si applica ai cittadini e ai residenti permanenti legali dello Spazio economico europeo e della Svizzera. 1. Introduzione Il nostro sito web, https:\/\/mol-logistics.holding-emea.com (di seguito: \"il sito web\") utilizza i cookie e altre tecnologie correlate (per comodit\u00e0 tutte le tecnologie sono indicate come \"cookie\"). I cookie sono inseriti anche da terze parti che abbiamo [...]<\/p>","protected":false},"author":1,"featured_media":0,"parent":0,"menu_order":0,"comment_status":"closed","ping_status":"closed","template":"","meta":{"_acf_changed":false,"footnotes":""},"class_list":["post-4593","page","type-page","status-publish","hentry"],"acf":[],"_links":{"self":[{"href":"https:\/\/mol-logistics.eu\/it\/wp-json\/wp\/v2\/pages\/4593","targetHints":{"allow":["GET"]}}],"collection":[{"href":"https:\/\/mol-logistics.eu\/it\/wp-json\/wp\/v2\/pages"}],"about":[{"href":"https:\/\/mol-logistics.eu\/it\/wp-json\/wp\/v2\/types\/page"}],"author":[{"embeddable":true,"href":"https:\/\/mol-logistics.eu\/it\/wp-json\/wp\/v2\/users\/1"}],"replies":[{"embeddable":true,"href":"https:\/\/mol-logistics.eu\/it\/wp-json\/wp\/v2\/comments?post=4593"}],"version-history":[{"count":3,"href":"https:\/\/mol-logistics.eu\/it\/wp-json\/wp\/v2\/pages\/4593\/revisions"}],"predecessor-version":[{"id":4597,"href":"https:\/\/mol-logistics.eu\/it\/wp-json\/wp\/v2\/pages\/4593\/revisions\/4597"}],"wp:attachment":[{"href":"https:\/\/mol-logistics.eu\/it\/wp-json\/wp\/v2\/media?parent=4593"}],"curies":[{"name":"wp","href":"https:\/\/api.w.org\/{rel}","templated":true}]}}