{"id":2852,"date":"2023-08-21T12:59:30","date_gmt":"2023-08-21T12:59:30","guid":{"rendered":"https:\/\/mol-logistics.eu\/?page_id=2852"},"modified":"2024-08-07T09:58:16","modified_gmt":"2024-08-07T07:58:16","slug":"wylaczenie-odpowiedzialnosci-2","status":"publish","type":"page","link":"https:\/\/mol-logistics.eu\/pl\/about-mol-logistics\/wylaczenie-odpowiedzialnosci-2\/","title":{"rendered":"Zastrze\u017cenie"},"content":{"rendered":"<div data-elementor-type=\"wp-page\" data-elementor-id=\"2852\" class=\"elementor elementor-2852\" data-elementor-post-type=\"page\">\n\t\t\t\t\t\t<section class=\"has_ae_slider elementor-section elementor-top-section elementor-element elementor-element-247e9f1 elementor-hidden-mobile elementor-section-boxed elementor-section-height-default elementor-section-height-default ae-bg-gallery-type-default\" data-id=\"247e9f1\" data-element_type=\"section\" data-e-type=\"section\" data-settings=\"{&quot;background_background&quot;:&quot;classic&quot;}\">\n\t\t\t\t\t\t<div class=\"elementor-container elementor-column-gap-default\">\n\t\t\t\t\t<div class=\"has_ae_slider elementor-column elementor-col-100 elementor-top-column elementor-element elementor-element-f2cb50d ae-bg-gallery-type-default\" data-id=\"f2cb50d\" data-element_type=\"column\" data-e-type=\"column\">\n\t\t\t<div class=\"elementor-widget-wrap elementor-element-populated\">\n\t\t\t\t\t\t<div class=\"elementor-element elementor-element-c4dc622 elementor-icon-list--layout-inline elementor-list-item-link-full_width elementor-widget elementor-widget-icon-list\" data-id=\"c4dc622\" data-element_type=\"widget\" data-e-type=\"widget\" data-widget_type=\"icon-list.default\">\n\t\t\t\t\t\t\t<ul class=\"elementor-icon-list-items elementor-inline-items\">\n\t\t\t\t\t\t\t<li class=\"elementor-icon-list-item elementor-inline-item\">\n\t\t\t\t\t\t\t\t\t\t\t<a href=\"\/pl\/\">\n\n\t\t\t\t\t\t\t\t\t\t\t\t<span class=\"elementor-icon-list-icon\">\n\t\t\t\t\t\t\t<i aria-hidden=\"true\" class=\"fal fa-home-lg\"><\/i>\t\t\t\t\t\t<\/span>\n\t\t\t\t\t\t\t\t\t\t<span class=\"elementor-icon-list-text\">Strona g\u0142\u00f3wna<\/span>\n\t\t\t\t\t\t\t\t\t\t\t<\/a>\n\t\t\t\t\t\t\t\t\t<\/li>\n\t\t\t\t\t\t\t\t<li class=\"elementor-icon-list-item elementor-inline-item\">\n\t\t\t\t\t\t\t\t\t\t\t<a href=\"https:\/\/mol-logistics.eu\/pl\/about-mol-logistics\/\">\n\n\t\t\t\t\t\t\t\t\t\t\t\t<span class=\"elementor-icon-list-icon\">\n\t\t\t\t\t\t\t<i aria-hidden=\"true\" class=\"fal fa-angle-double-right\"><\/i>\t\t\t\t\t\t<\/span>\n\t\t\t\t\t\t\t\t\t\t<span class=\"elementor-icon-list-text\">Dokumenty prawne<\/span>\n\t\t\t\t\t\t\t\t\t\t\t<\/a>\n\t\t\t\t\t\t\t\t\t<\/li>\n\t\t\t\t\t\t\t\t<li class=\"elementor-icon-list-item elementor-inline-item\">\n\t\t\t\t\t\t\t\t\t\t\t<a href=\"https:\/\/mol-logistics.eu\/pl\/about-mol-logistics\/wylaczenie-odpowiedzialnosci-2\/\">\n\n\t\t\t\t\t\t\t\t\t\t\t\t<span class=\"elementor-icon-list-icon\">\n\t\t\t\t\t\t\t<i aria-hidden=\"true\" class=\"fal fa-angle-double-right\"><\/i>\t\t\t\t\t\t<\/span>\n\t\t\t\t\t\t\t\t\t\t<span class=\"elementor-icon-list-text\">Zastrze\u017cenie<\/span>\n\t\t\t\t\t\t\t\t\t\t\t<\/a>\n\t\t\t\t\t\t\t\t\t<\/li>\n\t\t\t\t\t\t<\/ul>\n\t\t\t\t\t\t<\/div>\n\t\t\t\t\t<\/div>\n\t\t<\/div>\n\t\t\t\t\t<\/div>\n\t\t<\/section>\n\t\t\t\t<section class=\"has_ae_slider elementor-section elementor-top-section elementor-element elementor-element-3d5e4bf elementor-section-content-top elementor-section-boxed elementor-section-height-default elementor-section-height-default ae-bg-gallery-type-default\" data-id=\"3d5e4bf\" data-element_type=\"section\" data-e-type=\"section\">\n\t\t\t\t\t\t<div class=\"elementor-container elementor-column-gap-default\">\n\t\t\t\t\t<div class=\"has_ae_slider elementor-column elementor-col-50 elementor-top-column elementor-element elementor-element-076b073 ae-bg-gallery-type-default elementor-invisible\" data-id=\"076b073\" data-element_type=\"column\" data-e-type=\"column\" data-settings=\"{&quot;animation&quot;:&quot;fadeIn&quot;}\">\n\t\t\t<div class=\"elementor-widget-wrap elementor-element-populated\">\n\t\t\t\t\t\t<div class=\"elementor-element elementor-element-91beef5 elementor-widget elementor-widget-heading\" data-id=\"91beef5\" data-element_type=\"widget\" data-e-type=\"widget\" data-widget_type=\"heading.default\">\n\t\t\t\t\t<h1 class=\"elementor-heading-title elementor-size-xl\">Zastrze\u017cenie<\/h1>\t\t\t\t<\/div>\n\t\t\t\t<div class=\"elementor-element elementor-element-0ee1813 elementor-widget elementor-widget-text-editor\" data-id=\"0ee1813\" data-element_type=\"widget\" data-e-type=\"widget\" data-widget_type=\"text-editor.default\">\n\t\t\t\t\t\t\t\t\t<p>MOL Logistics Holding EMEA dok\u0142ada wszelkich stara\u0144, aby niniejsza strona internetowa by\u0142a aktualna i dok\u0142adna. W przypadku napotkania nieprawid\u0142owych lub nieaktualnych informacji, b\u0119dziemy wdzi\u0119czni za poinformowanie nas o tym. Prosimy o wskazanie miejsca na stronie internetowej, w kt\u00f3rym u\u017cytkownik zapozna\u0142 si\u0119 z dan\u0105 informacj\u0105. Zajmiemy si\u0119 tym tak szybko, jak to mo\u017cliwe. Prosimy o przes\u0142anie odpowiedzi poczt\u0105 elektroniczn\u0105 na adres: info@<span>mol-logistics.holding-emea.com<\/span>.<\/p>\n<p>Nie ponosimy odpowiedzialno\u015bci za straty wynikaj\u0105ce z nie\u015bcis\u0142o\u015bci lub niekompletno\u015bci, ani za straty wynikaj\u0105ce z problem\u00f3w spowodowanych lub nieod\u0142\u0105cznie zwi\u0105zanych z rozpowszechnianiem informacji przez Internet, takich jak zak\u0142\u00f3cenia lub przerwy. Korzystaj\u0105c z formularzy internetowych, staramy si\u0119 ograniczy\u0107 liczb\u0119 wymaganych p\u00f3l do minimum. MOL Logistics Holding EMEA nie ponosi odpowiedzialno\u015bci za jakiekolwiek straty poniesione w wyniku wykorzystania danych, porad lub pomys\u0142\u00f3w dostarczonych przez lub w imieniu MOL Logistics Holding EMEA za po\u015brednictwem niniejszej strony internetowej.<\/p>\n<p>Odpowiedzi i zapytania dotycz\u0105ce prywatno\u015bci przes\u0142ane poczt\u0105 elektroniczn\u0105 lub za pomoc\u0105 formularza internetowego b\u0119d\u0105 traktowane w taki sam spos\u00f3b jak listy. Oznacza to, \u017ce mo\u017cesz oczekiwa\u0107 odpowiedzi od nas najp\u00f3\u017aniej w ci\u0105gu 1 miesi\u0105ca. W przypadku z\u0142o\u017conych wniosk\u00f3w poinformujemy Ci\u0119 w ci\u0105gu 1 miesi\u0105ca, je\u015bli potrzebujemy maksymalnie 3 miesi\u0119cy.<\/p>\n<p>Wszelkie dane osobowe przekazane nam w kontek\u015bcie odpowiedzi lub pro\u015bby o informacje b\u0119d\u0105 wykorzystywane wy\u0142\u0105cznie zgodnie z naszym o\u015bwiadczeniem o ochronie prywatno\u015bci.<\/p>\n<p>Wszelkie prawa w\u0142asno\u015bci intelektualnej do tre\u015bci zawartych na niniejszej stronie internetowej przys\u0142uguj\u0105 MOL Logistics Holding EMEA.<\/p>\n<p>Kopiowanie, rozpowszechnianie i jakiekolwiek inne wykorzystywanie tych materia\u0142\u00f3w nie jest dozwolone bez pisemnej zgody MOL Logistics Holding EMEA, z wyj\u0105tkiem i tylko w takim zakresie, w jakim stanowi\u0105 inaczej przepisy bezwzgl\u0119dnie obowi\u0105zuj\u0105cego prawa (np. prawo cytatu), chyba \u017ce konkretna tre\u015b\u0107 stanowi inaczej.<\/p>\n<p>W przypadku jakichkolwiek pyta\u0144 lub problem\u00f3w zwi\u0105zanych z dost\u0119pno\u015bci\u0105 strony internetowej, prosimy o kontakt.<\/p>\t\t\t\t\t\t\t\t<\/div>\n\t\t\t\t\t<\/div>\n\t\t<\/div>\n\t\t\t\t<div class=\"has_ae_slider elementor-column elementor-col-50 elementor-top-column elementor-element elementor-element-1e3922b elementor-hidden-tablet ae-bg-gallery-type-default\" data-id=\"1e3922b\" data-element_type=\"column\" data-e-type=\"column\">\n\t\t\t<div class=\"elementor-widget-wrap\">\n\t\t\t\t\t\t\t<\/div>\n\t\t<\/div>\n\t\t\t\t\t<\/div>\n\t\t<\/section>\n\t\t\t\t<\/div>","protected":false},"excerpt":{"rendered":"<p>Strona g\u0142\u00f3wna Dokumenty prawne Zastrze\u017cenie MOL Logistics Holding EMEA dok\u0142ada wszelkich stara\u0144, aby niniejsza strona internetowa by\u0142a aktualna i dok\u0142adna. Je\u015bli mimo to natkn\u0105 si\u0119 Pa\u0144stwo na niepoprawne lub nieaktualne informacje, b\u0119dziemy wdzi\u0119czni za poinformowanie nas o tym. Prosz\u0119 wskaza\u0107, gdzie na stronie internetowej przeczyta\u0142e\u015b te informacje. Nast\u0119pnie sprawdzimy [...]<\/p>","protected":false},"author":1,"featured_media":0,"parent":2298,"menu_order":0,"comment_status":"closed","ping_status":"closed","template":"","meta":{"_acf_changed":false,"footnotes":""},"class_list":["post-2852","page","type-page","status-publish","hentry"],"acf":[],"_links":{"self":[{"href":"https:\/\/mol-logistics.eu\/pl\/wp-json\/wp\/v2\/pages\/2852","targetHints":{"allow":["GET"]}}],"collection":[{"href":"https:\/\/mol-logistics.eu\/pl\/wp-json\/wp\/v2\/pages"}],"about":[{"href":"https:\/\/mol-logistics.eu\/pl\/wp-json\/wp\/v2\/types\/page"}],"author":[{"embeddable":true,"href":"https:\/\/mol-logistics.eu\/pl\/wp-json\/wp\/v2\/users\/1"}],"replies":[{"embeddable":true,"href":"https:\/\/mol-logistics.eu\/pl\/wp-json\/wp\/v2\/comments?post=2852"}],"version-history":[{"count":5,"href":"https:\/\/mol-logistics.eu\/pl\/wp-json\/wp\/v2\/pages\/2852\/revisions"}],"predecessor-version":[{"id":14796,"href":"https:\/\/mol-logistics.eu\/pl\/wp-json\/wp\/v2\/pages\/2852\/revisions\/14796"}],"up":[{"embeddable":true,"href":"https:\/\/mol-logistics.eu\/pl\/wp-json\/wp\/v2\/pages\/2298"}],"wp:attachment":[{"href":"https:\/\/mol-logistics.eu\/pl\/wp-json\/wp\/v2\/media?parent=2852"}],"curies":[{"name":"wp","href":"https:\/\/api.w.org\/{rel}","templated":true}]}}