{"id":3162,"date":"2023-08-28T11:53:57","date_gmt":"2023-08-28T11:53:57","guid":{"rendered":"https:\/\/mol-logistics.eu\/?page_id=3162"},"modified":"2023-09-13T15:35:16","modified_gmt":"2023-09-13T13:35:16","slug":"wartosci-i-zrownowazony-rozwoj","status":"publish","type":"page","link":"https:\/\/mol-logistics.eu\/pl\/about-mol-logistics\/wartosci-i-zrownowazony-rozwoj\/","title":{"rendered":"Zr\u00f3wnowa\u017cony rozw\u00f3j"},"content":{"rendered":"<div data-elementor-type=\"wp-page\" data-elementor-id=\"3162\" class=\"elementor elementor-3162\" data-elementor-post-type=\"page\">\n\t\t\t\t\t\t<section class=\"has_ae_slider elementor-section elementor-top-section elementor-element elementor-element-7c988e6 elementor-hidden-mobile elementor-section-boxed elementor-section-height-default elementor-section-height-default ae-bg-gallery-type-default\" data-id=\"7c988e6\" data-element_type=\"section\" data-e-type=\"section\" data-settings=\"{&quot;background_background&quot;:&quot;classic&quot;}\">\n\t\t\t\t\t\t<div class=\"elementor-container elementor-column-gap-default\">\n\t\t\t\t\t<div class=\"has_ae_slider elementor-column elementor-col-100 elementor-top-column elementor-element elementor-element-6e9b162 ae-bg-gallery-type-default\" data-id=\"6e9b162\" data-element_type=\"column\" data-e-type=\"column\">\n\t\t\t<div class=\"elementor-widget-wrap elementor-element-populated\">\n\t\t\t\t\t\t<div class=\"elementor-element elementor-element-601172e elementor-icon-list--layout-inline elementor-list-item-link-full_width elementor-widget elementor-widget-icon-list\" data-id=\"601172e\" data-element_type=\"widget\" data-e-type=\"widget\" data-widget_type=\"icon-list.default\">\n\t\t\t\t\t\t\t<ul class=\"elementor-icon-list-items elementor-inline-items\">\n\t\t\t\t\t\t\t<li class=\"elementor-icon-list-item elementor-inline-item\">\n\t\t\t\t\t\t\t\t\t\t\t<a href=\"\/pl\/\">\n\n\t\t\t\t\t\t\t\t\t\t\t\t<span class=\"elementor-icon-list-icon\">\n\t\t\t\t\t\t\t<i aria-hidden=\"true\" class=\"fal fa-home-lg\"><\/i>\t\t\t\t\t\t<\/span>\n\t\t\t\t\t\t\t\t\t\t<span class=\"elementor-icon-list-text\">Strona g\u0142\u00f3wna<\/span>\n\t\t\t\t\t\t\t\t\t\t\t<\/a>\n\t\t\t\t\t\t\t\t\t<\/li>\n\t\t\t\t\t\t\t\t<li class=\"elementor-icon-list-item elementor-inline-item\">\n\t\t\t\t\t\t\t\t\t\t\t<a href=\"https:\/\/mol-logistics.eu\/pl\/about-mol-logistics\/\">\n\n\t\t\t\t\t\t\t\t\t\t\t\t<span class=\"elementor-icon-list-icon\">\n\t\t\t\t\t\t\t<i aria-hidden=\"true\" class=\"fal fa-angle-double-right\"><\/i>\t\t\t\t\t\t<\/span>\n\t\t\t\t\t\t\t\t\t\t<span class=\"elementor-icon-list-text\">O MOL Logistics<\/span>\n\t\t\t\t\t\t\t\t\t\t\t<\/a>\n\t\t\t\t\t\t\t\t\t<\/li>\n\t\t\t\t\t\t\t\t<li class=\"elementor-icon-list-item elementor-inline-item\">\n\t\t\t\t\t\t\t\t\t\t\t<a href=\"https:\/\/mol-logistics.eu\/pl\/about-mol-logistics\/wartosci-i-zrownowazony-rozwoj\/\">\n\n\t\t\t\t\t\t\t\t\t\t\t\t<span class=\"elementor-icon-list-icon\">\n\t\t\t\t\t\t\t<i aria-hidden=\"true\" class=\"fal fa-angle-double-right\"><\/i>\t\t\t\t\t\t<\/span>\n\t\t\t\t\t\t\t\t\t\t<span class=\"elementor-icon-list-text\">Zr\u00f3wnowa\u017cony rozw\u00f3j<\/span>\n\t\t\t\t\t\t\t\t\t\t\t<\/a>\n\t\t\t\t\t\t\t\t\t<\/li>\n\t\t\t\t\t\t<\/ul>\n\t\t\t\t\t\t<\/div>\n\t\t\t\t\t<\/div>\n\t\t<\/div>\n\t\t\t\t\t<\/div>\n\t\t<\/section>\n\t\t\t\t<section class=\"has_ae_slider elementor-section elementor-top-section elementor-element elementor-element-500fa02 elementor-section-height-min-height elementor-section-items-bottom elementor-section-boxed elementor-section-height-default ae-bg-gallery-type-default\" data-id=\"500fa02\" data-element_type=\"section\" data-e-type=\"section\" data-settings=\"{&quot;background_background&quot;:&quot;classic&quot;}\">\n\t\t\t\t\t\t\t<div class=\"elementor-background-overlay\"><\/div>\n\t\t\t\t\t\t\t<div class=\"elementor-container elementor-column-gap-default\">\n\t\t\t\t\t<div class=\"has_ae_slider elementor-column elementor-col-100 elementor-top-column elementor-element elementor-element-7f6dccb ae-bg-gallery-type-default\" data-id=\"7f6dccb\" data-element_type=\"column\" data-e-type=\"column\">\n\t\t\t<div class=\"elementor-widget-wrap elementor-element-populated\">\n\t\t\t\t\t\t<div class=\"elementor-element elementor-element-8999d94 elementor-invisible elementor-widget elementor-widget-heading\" data-id=\"8999d94\" data-element_type=\"widget\" data-e-type=\"widget\" data-settings=\"{&quot;_animation&quot;:&quot;fadeInLeft&quot;}\" data-widget_type=\"heading.default\">\n\t\t\t\t\t<h1 class=\"elementor-heading-title elementor-size-xxl\">Zr\u00f3wnowa\u017cony rozw\u00f3j<\/h1>\t\t\t\t<\/div>\n\t\t\t\t<div class=\"elementor-element elementor-element-e32a908 elementor-widget__width-initial elementor-widget elementor-widget-text-editor\" data-id=\"e32a908\" data-element_type=\"widget\" data-e-type=\"widget\" data-widget_type=\"text-editor.default\">\n\t\t\t\t\t\t\t\t\t<p>Grupa MOL charakteryzuje si\u0119 szerokim programem w zakresie spo\u0142ecznej odpowiedzialno\u015bci biznesu i innowacyjnego zr\u00f3wnowa\u017conego rozwoju.\u00a0<\/p>\t\t\t\t\t\t\t\t<\/div>\n\t\t\t\t\t<\/div>\n\t\t<\/div>\n\t\t\t\t\t<\/div>\n\t\t<\/section>\n\t\t\t\t<section class=\"has_ae_slider elementor-section elementor-top-section elementor-element elementor-element-c1cc142 elementor-section-content-top elementor-section-boxed elementor-section-height-default elementor-section-height-default ae-bg-gallery-type-default\" data-id=\"c1cc142\" data-element_type=\"section\" data-e-type=\"section\">\n\t\t\t\t\t\t<div class=\"elementor-container elementor-column-gap-default\">\n\t\t\t\t\t<div class=\"has_ae_slider elementor-column elementor-col-50 elementor-top-column elementor-element elementor-element-83cbcc0 ae-bg-gallery-type-default elementor-invisible\" data-id=\"83cbcc0\" data-element_type=\"column\" data-e-type=\"column\" data-settings=\"{&quot;animation&quot;:&quot;fadeIn&quot;}\">\n\t\t\t<div class=\"elementor-widget-wrap elementor-element-populated\">\n\t\t\t\t\t\t<div class=\"elementor-element elementor-element-d2c10f2 elementor-widget elementor-widget-heading\" data-id=\"d2c10f2\" data-element_type=\"widget\" data-e-type=\"widget\" data-widget_type=\"heading.default\">\n\t\t\t\t\t<h2 class=\"elementor-heading-title elementor-size-xl\">Zarz\u0105dzanie zr\u00f3wnowa\u017conym rozwojem<\/h2>\t\t\t\t<\/div>\n\t\t\t\t<div class=\"elementor-element elementor-element-d56ba71 elementor-widget elementor-widget-text-editor\" data-id=\"d56ba71\" data-element_type=\"widget\" data-e-type=\"widget\" data-widget_type=\"text-editor.default\">\n\t\t\t\t\t\t\t\t\t<h2>Grupa MOL Logistics koncentruje si\u0119 na<\/h2><h4>Bezpiecze\u0144stwo i warto\u015b\u0107<\/h4><p>Zapewnienie warto\u015bci dodanej dzi\u0119ki bezpiecznemu transportowi i infrastrukturze spo\u0142ecznej<\/p><h4>\u015arodowisko<\/h4><p>Ochrona \u015brodowiska morskiego i globalnego<\/p><h4>Cz\u0142owiek i spo\u0142eczno\u015b\u0107<\/h4><p>Przyczynianie si\u0119 do wzrostu i rozwoju ludzi i spo\u0142eczno\u015bci. MOL CHARTS: Wyra\u017canie wsp\u00f3lnych warto\u015bci Grupy MOL<\/p><h4>Innowacja<\/h4><p>Innowacje dla rozwoju zr\u00f3wnowa\u017cona technologia<\/p><h4>Zarz\u0105dzanie<\/h4><p>Zarz\u0105dzanie i zgodno\u015b\u0107 w celu wsparcia dzia\u0142alno\u015bci<\/p>\t\t\t\t\t\t\t\t<\/div>\n\t\t\t\t\t<\/div>\n\t\t<\/div>\n\t\t\t\t<div class=\"has_ae_slider elementor-column elementor-col-50 elementor-top-column elementor-element elementor-element-8466443 elementor-hidden-mobile ae-bg-gallery-type-default\" data-id=\"8466443\" data-element_type=\"column\" data-e-type=\"column\">\n\t\t\t<div class=\"elementor-widget-wrap elementor-element-populated\">\n\t\t\t\t\t\t<div class=\"elementor-element elementor-element-1fe27fa elementor-widget elementor-widget-image\" data-id=\"1fe27fa\" data-element_type=\"widget\" data-e-type=\"widget\" data-widget_type=\"image.default\">\n\t\t\t\t\t\t\t\t\t\t\t\t\t\t\t<img fetchpriority=\"high\" decoding=\"async\" width=\"1000\" height=\"800\" src=\"https:\/\/mol-logistics.eu\/wp-content\/uploads\/2023\/09\/Mitsui-Sustainability.jpg\" class=\"attachment-full size-full wp-image-4147\" alt=\"\" srcset=\"https:\/\/mol-logistics.eu\/wp-content\/uploads\/2023\/09\/Mitsui-Sustainability.jpg 1000w, https:\/\/mol-logistics.eu\/wp-content\/uploads\/2023\/09\/Mitsui-Sustainability-768x614.jpg 768w, https:\/\/mol-logistics.eu\/wp-content\/uploads\/2023\/09\/Mitsui-Sustainability-15x12.jpg 15w\" sizes=\"(max-width: 1000px) 100vw, 1000px\" \/>\t\t\t\t\t\t\t\t\t\t\t\t\t\t\t<\/div>\n\t\t\t\t<div class=\"elementor-element elementor-element-567c5d9 elementor-absolute elementor-hidden-mobile elementor-hidden-tablet elementor-widget elementor-widget-image\" data-id=\"567c5d9\" data-element_type=\"widget\" data-e-type=\"widget\" data-settings=\"{&quot;_position&quot;:&quot;absolute&quot;,&quot;motion_fx_motion_fx_mouse&quot;:&quot;yes&quot;,&quot;motion_fx_mouseTrack_effect&quot;:&quot;yes&quot;,&quot;motion_fx_mouseTrack_speed&quot;:{&quot;unit&quot;:&quot;px&quot;,&quot;size&quot;:0.20000000000000001,&quot;sizes&quot;:[]}}\" data-widget_type=\"image.default\">\n\t\t\t\t\t\t\t\t\t\t\t\t\t\t\t<img decoding=\"async\" width=\"398\" height=\"127\" src=\"https:\/\/mol-logistics.eu\/wp-content\/uploads\/2023\/08\/charts.jpg\" class=\"attachment-full size-full wp-image-3416\" alt=\"\" srcset=\"https:\/\/mol-logistics.eu\/wp-content\/uploads\/2023\/08\/charts.jpg 398w, https:\/\/mol-logistics.eu\/wp-content\/uploads\/2023\/08\/charts-18x6.jpg 18w\" sizes=\"(max-width: 398px) 100vw, 398px\" \/>\t\t\t\t\t\t\t\t\t\t\t\t\t\t\t<\/div>\n\t\t\t\t\t<\/div>\n\t\t<\/div>\n\t\t\t\t\t<\/div>\n\t\t<\/section>\n\t\t\t\t<section class=\"has_ae_slider elementor-section elementor-top-section elementor-element elementor-element-346f784 elementor-section-boxed elementor-section-height-default elementor-section-height-default ae-bg-gallery-type-default\" data-id=\"346f784\" data-element_type=\"section\" data-e-type=\"section\">\n\t\t\t\t\t\t<div class=\"elementor-container elementor-column-gap-default\">\n\t\t\t\t\t<div class=\"has_ae_slider elementor-column elementor-col-50 elementor-top-column elementor-element elementor-element-8ad94ee ae-bg-gallery-type-default\" data-id=\"8ad94ee\" data-element_type=\"column\" data-e-type=\"column\">\n\t\t\t<div class=\"elementor-widget-wrap elementor-element-populated\">\n\t\t\t\t\t\t<div class=\"elementor-element elementor-element-552ee74 elementor-widget elementor-widget-image\" data-id=\"552ee74\" data-element_type=\"widget\" data-e-type=\"widget\" data-widget_type=\"image.default\">\n\t\t\t\t\t\t\t\t\t\t\t\t\t\t\t<img decoding=\"async\" width=\"3851\" height=\"1885\" src=\"https:\/\/mol-logistics.eu\/wp-content\/uploads\/2023\/08\/sutainable-building-lrg.png\" class=\"attachment-full size-full wp-image-3440\" alt=\"\" srcset=\"https:\/\/mol-logistics.eu\/wp-content\/uploads\/2023\/08\/sutainable-building-lrg.png 3851w, https:\/\/mol-logistics.eu\/wp-content\/uploads\/2023\/08\/sutainable-building-lrg-768x376.png 768w, https:\/\/mol-logistics.eu\/wp-content\/uploads\/2023\/08\/sutainable-building-lrg-1536x752.png 1536w, https:\/\/mol-logistics.eu\/wp-content\/uploads\/2023\/08\/sutainable-building-lrg-2048x1002.png 2048w, https:\/\/mol-logistics.eu\/wp-content\/uploads\/2023\/08\/sutainable-building-lrg-18x9.png 18w\" sizes=\"(max-width: 3851px) 100vw, 3851px\" \/>\t\t\t\t\t\t\t\t\t\t\t\t\t\t\t<\/div>\n\t\t\t\t\t<\/div>\n\t\t<\/div>\n\t\t\t\t<div class=\"has_ae_slider elementor-column elementor-col-50 elementor-top-column elementor-element elementor-element-c6e5010 ae-bg-gallery-type-default\" data-id=\"c6e5010\" data-element_type=\"column\" data-e-type=\"column\">\n\t\t\t<div class=\"elementor-widget-wrap elementor-element-populated\">\n\t\t\t\t\t\t<div class=\"elementor-element elementor-element-751d038 elementor-widget elementor-widget-heading\" data-id=\"751d038\" data-element_type=\"widget\" data-e-type=\"widget\" data-widget_type=\"heading.default\">\n\t\t\t\t\t<h2 class=\"elementor-heading-title elementor-size-xl\">Cele zr\u00f3wnowa\u017conego rozwoju<\/h2>\t\t\t\t<\/div>\n\t\t\t\t<div class=\"elementor-element elementor-element-15945f4 elementor-widget elementor-widget-text-editor\" data-id=\"15945f4\" data-element_type=\"widget\" data-e-type=\"widget\" data-widget_type=\"text-editor.default\">\n\t\t\t\t\t\t\t\t\t<p><span class=\"OYPEnA text-decoration-none text-strikethrough-none\">Jako cz\u0119\u015b\u0107 Grupy MOL, kt\u00f3ra koncentruje si\u0119 na niskoemisyjno\u015bci i dekarbonizacji, staramy si\u0119 oferowa\u0107 us\u0142ugi z pe\u0142n\u0105 \u015bwiadomo\u015bci\u0105 potrzeby <a href=\"https:\/\/www.mol.co.jp\/en\/sustainability\/\" target=\"_blank\" rel=\"noopener\">zmniejszy\u0107 nasz wp\u0142yw na \u015brodowisko<\/a>Naszym celem jest dostarczanie wysokiej jako\u015bci us\u0142ug logistycznych w konkurencyjnych cenach, we wsp\u00f3\u0142pracy z ekspertami na ca\u0142ym \u015bwiecie. D\u0105\u017cymy do \u015bwiadczenia us\u0142ug logistycznych, kt\u00f3re ograniczaj\u0105 nasz wp\u0142yw na \u015brodowisko, aby pozosta\u0107 partnerem naszych klient\u00f3w w \u0142a\u0144cuchu dostaw.<\/span>\u00a0<\/p>\t\t\t\t\t\t\t\t<\/div>\n\t\t\t\t\t<\/div>\n\t\t<\/div>\n\t\t\t\t\t<\/div>\n\t\t<\/section>\n\t\t\t\t<section class=\"has_ae_slider elementor-section elementor-top-section elementor-element elementor-element-7c4cb96 elementor-section-boxed elementor-section-height-default elementor-section-height-default ae-bg-gallery-type-default\" data-id=\"7c4cb96\" data-element_type=\"section\" data-e-type=\"section\">\n\t\t\t\t\t\t<div class=\"elementor-container elementor-column-gap-default\">\n\t\t\t\t\t<div class=\"has_ae_slider elementor-column elementor-col-50 elementor-top-column elementor-element elementor-element-87b4b5a ae-bg-gallery-type-default elementor-invisible\" data-id=\"87b4b5a\" data-element_type=\"column\" data-e-type=\"column\" data-settings=\"{&quot;animation&quot;:&quot;fadeIn&quot;}\">\n\t\t\t<div class=\"elementor-widget-wrap elementor-element-populated\">\n\t\t\t\t\t\t<div class=\"elementor-element elementor-element-067369b elementor-widget elementor-widget-heading\" data-id=\"067369b\" data-element_type=\"widget\" data-e-type=\"widget\" data-widget_type=\"heading.default\">\n\t\t\t\t\t<h2 class=\"elementor-heading-title elementor-size-xl\">Redukcja emisji CO\u00b2 w logistyce<\/h2>\t\t\t\t<\/div>\n\t\t\t\t<div class=\"elementor-element elementor-element-3e0c297 elementor-widget elementor-widget-text-editor\" data-id=\"3e0c297\" data-element_type=\"widget\" data-e-type=\"widget\" data-widget_type=\"text-editor.default\">\n\t\t\t\t\t\t\t\t\t<p>D\u0105\u017cymy do minimalizacji wp\u0142ywu na \u015brodowisko w ca\u0142ej naszej dzia\u0142alno\u015bci logistycznej poprzez innowacyjno\u015b\u0107 i kreatywno\u015b\u0107.<\/p><h4>Magazynowanie\u00a0<\/h4><p>Nasze magazyny s\u0105 przyjazne dla \u015brodowiska. Korzystamy z o\u015bwietlenia LED i energii s\u0142onecznej oraz efektywnej izolacji termicznej. Dzi\u0119ki temu ograniczamy emisj\u0119 CO2 zwi\u0105zan\u0105 z magazynowaniem i centrami dystrybucyjnymi.\u00a0<span style=\"color: var( --e-global-color-text ); font-family: var( --e-global-typography-text-font-family ), Sans-serif;\">Energooszcz\u0119dne magazyny i centra dystrybucyjne mog\u0105 zmniejszy\u0107 zu\u017cycie energii zwi\u0105zane z operacjami logistycznymi.\u00a0<\/span><\/p><h4>Transport<\/h4><p>Jeste\u015bmy pionierami w wykorzystywaniu zr\u00f3wnowa\u017conych paliw lotniczych we wsp\u00f3\u0142pracy z przewo\u017anikami lotniczymi.\u00a0\u00a0<\/p><p><span style=\"color: var( --e-global-color-text ); font-family: var( --e-global-typography-text-font-family ), Sans-serif;\">Optymalizujemy planowanie transportu, co prowadzi do zmniejszenia emisji CO2 i koszt\u00f3w.\u00a0 <\/span><\/p><p>Rozwi\u0105zania multimodalne, takie jak wi\u0119ksze wykorzystanie kolei i dr\u00f3g wodnych, zamiast transportu drogowego, przyczyniaj\u0105 si\u0119 do redukcji zu\u017cycia paliw kopalnych.\u00a0<\/p><p>\u00a0<\/p>\t\t\t\t\t\t\t\t<\/div>\n\t\t\t\t\t<\/div>\n\t\t<\/div>\n\t\t\t\t<div class=\"has_ae_slider elementor-column elementor-col-50 elementor-top-column elementor-element elementor-element-640c225 elementor-hidden-mobile ae-bg-gallery-type-default\" data-id=\"640c225\" data-element_type=\"column\" data-e-type=\"column\">\n\t\t\t<div class=\"elementor-widget-wrap elementor-element-populated\">\n\t\t\t\t\t\t<div class=\"elementor-element elementor-element-2ed770f elementor-widget elementor-widget-image\" data-id=\"2ed770f\" data-element_type=\"widget\" data-e-type=\"widget\" data-widget_type=\"image.default\">\n\t\t\t\t\t\t\t\t\t\t\t\t\t\t\t<img loading=\"lazy\" decoding=\"async\" width=\"800\" height=\"1000\" src=\"https:\/\/mol-logistics.eu\/wp-content\/uploads\/2023\/09\/sustainable-aviation-fuel.jpg\" class=\"attachment-full size-full wp-image-4143\" alt=\"\" srcset=\"https:\/\/mol-logistics.eu\/wp-content\/uploads\/2023\/09\/sustainable-aviation-fuel.jpg 800w, https:\/\/mol-logistics.eu\/wp-content\/uploads\/2023\/09\/sustainable-aviation-fuel-768x960.jpg 768w, https:\/\/mol-logistics.eu\/wp-content\/uploads\/2023\/09\/sustainable-aviation-fuel-10x12.jpg 10w\" sizes=\"(max-width: 800px) 100vw, 800px\" \/>\t\t\t\t\t\t\t\t\t\t\t\t\t\t\t<\/div>\n\t\t\t\t\t<\/div>\n\t\t<\/div>\n\t\t\t\t\t<\/div>\n\t\t<\/section>\n\t\t\t\t<section class=\"has_ae_slider elementor-section elementor-top-section elementor-element elementor-element-ce717e2 elementor-section-boxed elementor-section-height-default elementor-section-height-default ae-bg-gallery-type-default\" data-id=\"ce717e2\" data-element_type=\"section\" data-e-type=\"section\">\n\t\t\t\t\t\t<div class=\"elementor-container elementor-column-gap-default\">\n\t\t\t\t\t<div class=\"has_ae_slider elementor-column elementor-col-50 elementor-top-column elementor-element elementor-element-69c6b88 ae-bg-gallery-type-default\" data-id=\"69c6b88\" data-element_type=\"column\" data-e-type=\"column\">\n\t\t\t<div class=\"elementor-widget-wrap\">\n\t\t\t\t\t\t\t<\/div>\n\t\t<\/div>\n\t\t\t\t<div class=\"has_ae_slider elementor-column elementor-col-50 elementor-top-column elementor-element elementor-element-0009686 ae-bg-gallery-type-default\" data-id=\"0009686\" data-element_type=\"column\" data-e-type=\"column\">\n\t\t\t<div class=\"elementor-widget-wrap\">\n\t\t\t\t\t\t\t<\/div>\n\t\t<\/div>\n\t\t\t\t\t<\/div>\n\t\t<\/section>\n\t\t\t\t<\/div>","protected":false},"excerpt":{"rendered":"<p>Strona g\u0142\u00f3wna O MOL Logistics Zr\u00f3wnowa\u017cony rozw\u00f3j Grupa MOL charakteryzuje si\u0119 rozbudowanym programem w zakresie spo\u0142ecznej odpowiedzialno\u015bci biznesu i innowacyjnego zr\u00f3wnowa\u017conego rozwoju.  Zarz\u0105dzanie zr\u00f3wnowa\u017conym rozwojem Grupa MOL Logistics Bezpiecze\u0144stwo i warto\u015b\u0107 Zapewnienie warto\u015bci dodanej poprzez bezpieczny transport i infrastruktur\u0119 spo\u0142eczn\u0105 \u015arodowisko Ochrona \u015brodowiska morskiego i globalnego Cz\u0142owiek i spo\u0142eczno\u015b\u0107 Przyczynianie si\u0119 do [...]<\/p>","protected":false},"author":1,"featured_media":3750,"parent":2298,"menu_order":0,"comment_status":"closed","ping_status":"closed","template":"","meta":{"_acf_changed":false,"footnotes":""},"class_list":["post-3162","page","type-page","status-publish","has-post-thumbnail","hentry"],"acf":[],"_links":{"self":[{"href":"https:\/\/mol-logistics.eu\/pl\/wp-json\/wp\/v2\/pages\/3162","targetHints":{"allow":["GET"]}}],"collection":[{"href":"https:\/\/mol-logistics.eu\/pl\/wp-json\/wp\/v2\/pages"}],"about":[{"href":"https:\/\/mol-logistics.eu\/pl\/wp-json\/wp\/v2\/types\/page"}],"author":[{"embeddable":true,"href":"https:\/\/mol-logistics.eu\/pl\/wp-json\/wp\/v2\/users\/1"}],"replies":[{"embeddable":true,"href":"https:\/\/mol-logistics.eu\/pl\/wp-json\/wp\/v2\/comments?post=3162"}],"version-history":[{"count":5,"href":"https:\/\/mol-logistics.eu\/pl\/wp-json\/wp\/v2\/pages\/3162\/revisions"}],"predecessor-version":[{"id":4934,"href":"https:\/\/mol-logistics.eu\/pl\/wp-json\/wp\/v2\/pages\/3162\/revisions\/4934"}],"up":[{"embeddable":true,"href":"https:\/\/mol-logistics.eu\/pl\/wp-json\/wp\/v2\/pages\/2298"}],"wp:featuredmedia":[{"embeddable":true,"href":"https:\/\/mol-logistics.eu\/pl\/wp-json\/wp\/v2\/media\/3750"}],"wp:attachment":[{"href":"https:\/\/mol-logistics.eu\/pl\/wp-json\/wp\/v2\/media?parent=3162"}],"curies":[{"name":"wp","href":"https:\/\/api.w.org\/{rel}","templated":true}]}}