{"id":3852,"date":"2023-09-02T15:56:38","date_gmt":"2023-09-02T15:56:38","guid":{"rendered":"https:\/\/mol-logistics.eu\/?page_id=3852"},"modified":"2024-08-01T13:10:41","modified_gmt":"2024-08-01T11:10:41","slug":"mol-network","status":"publish","type":"page","link":"https:\/\/mol-logistics.eu\/pl\/about-mol-logistics\/mol-network\/","title":{"rendered":"Sie\u0107 Grupy MOL Logistics"},"content":{"rendered":"<div data-elementor-type=\"wp-page\" data-elementor-id=\"3852\" class=\"elementor elementor-3852\" data-elementor-post-type=\"page\">\n\t\t\t\t\t\t<section class=\"has_ae_slider elementor-section elementor-top-section elementor-element elementor-element-ea831ab elementor-hidden-mobile elementor-section-boxed elementor-section-height-default elementor-section-height-default ae-bg-gallery-type-default\" data-id=\"ea831ab\" data-element_type=\"section\" data-e-type=\"section\" data-settings=\"{&quot;background_background&quot;:&quot;classic&quot;}\">\n\t\t\t\t\t\t<div class=\"elementor-container elementor-column-gap-default\">\n\t\t\t\t\t<div class=\"has_ae_slider elementor-column elementor-col-100 elementor-top-column elementor-element elementor-element-4d0e452 ae-bg-gallery-type-default\" data-id=\"4d0e452\" data-element_type=\"column\" data-e-type=\"column\">\n\t\t\t<div class=\"elementor-widget-wrap elementor-element-populated\">\n\t\t\t\t\t\t<div class=\"elementor-element elementor-element-fe14b4b elementor-icon-list--layout-inline elementor-list-item-link-full_width elementor-widget elementor-widget-icon-list\" data-id=\"fe14b4b\" data-element_type=\"widget\" data-e-type=\"widget\" data-widget_type=\"icon-list.default\">\n\t\t\t\t\t\t\t<ul class=\"elementor-icon-list-items elementor-inline-items\">\n\t\t\t\t\t\t\t<li class=\"elementor-icon-list-item elementor-inline-item\">\n\t\t\t\t\t\t\t\t\t\t\t<a href=\"\/pl\/\">\n\n\t\t\t\t\t\t\t\t\t\t\t\t<span class=\"elementor-icon-list-icon\">\n\t\t\t\t\t\t\t<i aria-hidden=\"true\" class=\"fal fa-home-lg\"><\/i>\t\t\t\t\t\t<\/span>\n\t\t\t\t\t\t\t\t\t\t<span class=\"elementor-icon-list-text\">Strona g\u0142\u00f3wna<\/span>\n\t\t\t\t\t\t\t\t\t\t\t<\/a>\n\t\t\t\t\t\t\t\t\t<\/li>\n\t\t\t\t\t\t\t\t<li class=\"elementor-icon-list-item elementor-inline-item\">\n\t\t\t\t\t\t\t\t\t\t\t<a href=\"https:\/\/mol-logistics.eu\/pl\/about-mol-logistics\/\">\n\n\t\t\t\t\t\t\t\t\t\t\t\t<span class=\"elementor-icon-list-icon\">\n\t\t\t\t\t\t\t<i aria-hidden=\"true\" class=\"fal fa-angle-double-right\"><\/i>\t\t\t\t\t\t<\/span>\n\t\t\t\t\t\t\t\t\t\t<span class=\"elementor-icon-list-text\">O MOL Logistics<\/span>\n\t\t\t\t\t\t\t\t\t\t\t<\/a>\n\t\t\t\t\t\t\t\t\t<\/li>\n\t\t\t\t\t\t\t\t<li class=\"elementor-icon-list-item elementor-inline-item\">\n\t\t\t\t\t\t\t\t\t\t\t<a href=\"https:\/\/mol-logistics.eu\/pl\/about-mol-logistics\/mol-network\/\">\n\n\t\t\t\t\t\t\t\t\t\t\t\t<span class=\"elementor-icon-list-icon\">\n\t\t\t\t\t\t\t<i aria-hidden=\"true\" class=\"fal fa-angle-double-right\"><\/i>\t\t\t\t\t\t<\/span>\n\t\t\t\t\t\t\t\t\t\t<span class=\"elementor-icon-list-text\">Sie\u0107 Grupy MOL Logistics<\/span>\n\t\t\t\t\t\t\t\t\t\t\t<\/a>\n\t\t\t\t\t\t\t\t\t<\/li>\n\t\t\t\t\t\t<\/ul>\n\t\t\t\t\t\t<\/div>\n\t\t\t\t\t<\/div>\n\t\t<\/div>\n\t\t\t\t\t<\/div>\n\t\t<\/section>\n\t\t\t\t<section class=\"has_ae_slider elementor-section elementor-top-section elementor-element elementor-element-179fba4 elementor-section-height-min-height elementor-section-items-bottom elementor-section-boxed elementor-section-height-default ae-bg-gallery-type-default\" data-id=\"179fba4\" data-element_type=\"section\" data-e-type=\"section\" data-settings=\"{&quot;background_background&quot;:&quot;classic&quot;}\">\n\t\t\t\t\t\t\t<div class=\"elementor-background-overlay\"><\/div>\n\t\t\t\t\t\t\t<div class=\"elementor-container elementor-column-gap-default\">\n\t\t\t\t\t<div class=\"has_ae_slider elementor-column elementor-col-100 elementor-top-column elementor-element elementor-element-e1911bf ae-bg-gallery-type-default\" data-id=\"e1911bf\" data-element_type=\"column\" data-e-type=\"column\">\n\t\t\t<div class=\"elementor-widget-wrap elementor-element-populated\">\n\t\t\t\t\t\t<div class=\"elementor-element elementor-element-f11ed20 elementor-invisible elementor-widget elementor-widget-heading\" data-id=\"f11ed20\" data-element_type=\"widget\" data-e-type=\"widget\" data-settings=\"{&quot;_animation&quot;:&quot;fadeInLeft&quot;}\" data-widget_type=\"heading.default\">\n\t\t\t\t\t<h1 class=\"elementor-heading-title elementor-size-xxl\">Sie\u0107 Grupy MOL Logistics<\/h1>\t\t\t\t<\/div>\n\t\t\t\t<div class=\"elementor-element elementor-element-f66183c elementor-widget__width-initial elementor-widget elementor-widget-text-editor\" data-id=\"f66183c\" data-element_type=\"widget\" data-e-type=\"widget\" data-widget_type=\"text-editor.default\">\n\t\t\t\t\t\t\t\t\t<div class=\"output-container\"><div id=\"output\"><p>Grupa MOL Logistics posiada rozleg\u0142\u0105 globaln\u0105 sie\u0107, kt\u00f3ra umo\u017cliwia nam \u015bwiadczenie kompleksowych i dostosowanych do klienta us\u0142ug logistycznych na ca\u0142ym \u015bwiecie.<\/p><\/div><\/div>\t\t\t\t\t\t\t\t<\/div>\n\t\t\t\t\t<\/div>\n\t\t<\/div>\n\t\t\t\t\t<\/div>\n\t\t<\/section>\n\t\t\t\t<section class=\"has_ae_slider elementor-section elementor-top-section elementor-element elementor-element-7707300 elementor-section-content-top elementor-section-boxed elementor-section-height-default elementor-section-height-default ae-bg-gallery-type-default\" data-id=\"7707300\" data-element_type=\"section\" data-e-type=\"section\">\n\t\t\t\t\t\t<div class=\"elementor-container elementor-column-gap-default\">\n\t\t\t\t\t<div class=\"has_ae_slider elementor-column elementor-col-50 elementor-top-column elementor-element elementor-element-7cd6f6e ae-bg-gallery-type-default elementor-invisible\" data-id=\"7cd6f6e\" data-element_type=\"column\" data-e-type=\"column\" data-settings=\"{&quot;animation&quot;:&quot;fadeIn&quot;}\">\n\t\t\t<div class=\"elementor-widget-wrap elementor-element-populated\">\n\t\t\t\t\t\t<div class=\"elementor-element elementor-element-7e5d78e elementor-widget elementor-widget-heading\" data-id=\"7e5d78e\" data-element_type=\"widget\" data-e-type=\"widget\" data-widget_type=\"heading.default\">\n\t\t\t\t\t<h2 class=\"elementor-heading-title elementor-size-xl\">Nasza sie\u0107 i zasady dzia\u0142ania<\/h2>\t\t\t\t<\/div>\n\t\t\t\t<div class=\"elementor-element elementor-element-be8b737 elementor-widget elementor-widget-text-editor\" data-id=\"be8b737\" data-element_type=\"widget\" data-e-type=\"widget\" data-widget_type=\"text-editor.default\">\n\t\t\t\t\t\t\t\t\t<p>Region MOL Logistics EMEA to cz\u0119\u015b\u0107 Grupy MOL Logistics, z siedzib\u0105 g\u0142\u00f3wn\u0105 w Japonii i 140 oddzia\u0142ami na ca\u0142ym \u015bwiecie, w tym w Ameryce, Azji, na Bliskim Wschodzie, w Afryce i Europie. Wsp\u00f3\u0142pracujemy r\u00f3wnie\u017c z 189 biurami agencyjnymi w 51 krajach. <a href=\"https:\/\/www.mol-logistics-group.com\/en\/network\/\" target=\"_blank\" rel=\"noopener\">zasi\u0119g na ca\u0142ym \u015bwiecie<\/a> Oferujemy globalne pokrycie dla najlepszej obs\u0142ugi. Wszystkie nasze biura dzia\u0142aj\u0105 na podstawie tych samych zasad:<\/p><ul class=\"p-philosophy\"><li>Wspieramy wzrost gospodarczy na ca\u0142ym \u015bwiecie, dostarczaj\u0105c kompleksowe us\u0142ugi logistyczne dostosowane do potrzeb klient\u00f3w.<\/li><li>Dzia\u0142amy rzetelnie i przejrzysto, dbaj\u0105c o wzrost warto\u015bci naszej firmy.<\/li><li>Spe\u0142niamy nasze zobowi\u0105zania wobec spo\u0142ecze\u0144stwa i akcjonariuszy, jednocze\u015bnie tworz\u0105c satysfakcjonuj\u0105ce miejsce pracy dla naszych pracownik\u00f3w.<\/li><\/ul>\t\t\t\t\t\t\t\t<\/div>\n\t\t\t\t\t<\/div>\n\t\t<\/div>\n\t\t\t\t<div class=\"has_ae_slider elementor-column elementor-col-50 elementor-top-column elementor-element elementor-element-06d7b78 elementor-hidden-mobile ae-bg-gallery-type-default\" data-id=\"06d7b78\" data-element_type=\"column\" data-e-type=\"column\">\n\t\t\t<div class=\"elementor-widget-wrap elementor-element-populated\">\n\t\t\t\t\t\t<div class=\"elementor-element elementor-element-e994f8a elementor-widget elementor-widget-image\" data-id=\"e994f8a\" data-element_type=\"widget\" data-e-type=\"widget\" data-widget_type=\"image.default\">\n\t\t\t\t\t\t\t\t\t\t\t\t\t\t\t<img fetchpriority=\"high\" decoding=\"async\" width=\"400\" height=\"250\" src=\"https:\/\/mol-logistics.eu\/wp-content\/uploads\/2023\/09\/Vlag-EMEA-400x250-1.webp\" class=\"attachment-full size-full wp-image-3847\" alt=\"\" srcset=\"https:\/\/mol-logistics.eu\/wp-content\/uploads\/2023\/09\/Vlag-EMEA-400x250-1.webp 400w, https:\/\/mol-logistics.eu\/wp-content\/uploads\/2023\/09\/Vlag-EMEA-400x250-1-18x12.webp 18w\" sizes=\"(max-width: 400px) 100vw, 400px\" \/>\t\t\t\t\t\t\t\t\t\t\t\t\t\t\t<\/div>\n\t\t\t\t<div class=\"elementor-element elementor-element-a3ff369 elementor-absolute elementor-hidden-mobile elementor-hidden-tablet elementor-widget elementor-widget-image\" data-id=\"a3ff369\" data-element_type=\"widget\" data-e-type=\"widget\" data-settings=\"{&quot;_position&quot;:&quot;absolute&quot;,&quot;motion_fx_motion_fx_mouse&quot;:&quot;yes&quot;,&quot;motion_fx_mouseTrack_effect&quot;:&quot;yes&quot;,&quot;motion_fx_mouseTrack_speed&quot;:{&quot;unit&quot;:&quot;px&quot;,&quot;size&quot;:0.20000000000000001,&quot;sizes&quot;:[]}}\" data-widget_type=\"image.default\">\n\t\t\t\t\t\t\t\t\t\t\t\t\t\t\t<img decoding=\"async\" width=\"500\" height=\"500\" src=\"https:\/\/mol-logistics.eu\/wp-content\/uploads\/2024\/08\/11.-Yashima-san.jpg\" class=\"attachment-full size-full wp-image-14774\" alt=\"\" srcset=\"https:\/\/mol-logistics.eu\/wp-content\/uploads\/2024\/08\/11.-Yashima-san.jpg 500w, https:\/\/mol-logistics.eu\/wp-content\/uploads\/2024\/08\/11.-Yashima-san-12x12.jpg 12w\" sizes=\"(max-width: 500px) 100vw, 500px\" \/>\t\t\t\t\t\t\t\t\t\t\t\t\t\t\t<\/div>\n\t\t\t\t\t<\/div>\n\t\t<\/div>\n\t\t\t\t\t<\/div>\n\t\t<\/section>\n\t\t\t\t<section class=\"has_ae_slider elementor-section elementor-top-section elementor-element elementor-element-aa127e7 elementor-section-boxed elementor-section-height-default elementor-section-height-default ae-bg-gallery-type-default\" data-id=\"aa127e7\" data-element_type=\"section\" data-e-type=\"section\">\n\t\t\t\t\t\t<div class=\"elementor-container elementor-column-gap-default\">\n\t\t\t\t\t<div class=\"has_ae_slider elementor-column elementor-col-50 elementor-top-column elementor-element elementor-element-d2f5be7 ae-bg-gallery-type-default\" data-id=\"d2f5be7\" data-element_type=\"column\" data-e-type=\"column\">\n\t\t\t<div class=\"elementor-widget-wrap elementor-element-populated\">\n\t\t\t\t\t\t<div class=\"elementor-element elementor-element-aead2b0 elementor-widget elementor-widget-image\" data-id=\"aead2b0\" data-element_type=\"widget\" data-e-type=\"widget\" data-widget_type=\"image.default\">\n\t\t\t\t\t\t\t\t\t\t\t\t\t\t\t<img decoding=\"async\" width=\"451\" height=\"453\" src=\"https:\/\/mol-logistics.eu\/wp-content\/uploads\/2023\/05\/HOME_3_MOL-Logistics-Network-e1695036208817.png\" class=\"attachment-full size-full wp-image-2583\" alt=\"\" srcset=\"https:\/\/mol-logistics.eu\/wp-content\/uploads\/2023\/05\/HOME_3_MOL-Logistics-Network-e1695036208817.png 451w, https:\/\/mol-logistics.eu\/wp-content\/uploads\/2023\/05\/HOME_3_MOL-Logistics-Network-e1695036208817-12x12.png 12w\" sizes=\"(max-width: 451px) 100vw, 451px\" \/>\t\t\t\t\t\t\t\t\t\t\t\t\t\t\t<\/div>\n\t\t\t\t\t<\/div>\n\t\t<\/div>\n\t\t\t\t<div class=\"has_ae_slider elementor-column elementor-col-50 elementor-top-column elementor-element elementor-element-6aa11a3 ae-bg-gallery-type-default\" data-id=\"6aa11a3\" data-element_type=\"column\" data-e-type=\"column\">\n\t\t\t<div class=\"elementor-widget-wrap elementor-element-populated\">\n\t\t\t\t\t\t<div class=\"elementor-element elementor-element-7ad4af9 elementor-widget elementor-widget-heading\" data-id=\"7ad4af9\" data-element_type=\"widget\" data-e-type=\"widget\" data-widget_type=\"heading.default\">\n\t\t\t\t\t<h2 class=\"elementor-heading-title elementor-size-xl\">MOL GROUP: Spo\u0142eczny i odpowiedzialny<\/h2>\t\t\t\t<\/div>\n\t\t\t\t<div class=\"elementor-element elementor-element-c332422 elementor-widget elementor-widget-text-editor\" data-id=\"c332422\" data-element_type=\"widget\" data-e-type=\"widget\" data-widget_type=\"text-editor.default\">\n\t\t\t\t\t\t\t\t\t<p>MOL Logistics jest cz\u0119\u015bci\u0105 <a href=\"https:\/\/www.mol.co.jp\/en\/\" target=\"_blank\" rel=\"noopener\">Grupa MOL<\/a>z siedzib\u0105 w Japonii. Grupa ta wywodzi si\u0119 z Mitsui O.S.K. Lines, firmy \u017ceglugowej, kt\u00f3ra posiada ponad 700 statk\u00f3w. Opr\u00f3cz swojej d\u0142ugiej historii w transporcie morskim, kt\u00f3ra trwa od 140 lat, Grupa MOL rozwija r\u00f3\u017cnorodne dzia\u0142alno\u015bci zwi\u0105zane z infrastruktur\u0105 spo\u0142eczn\u0105. D\u0105\u017cy do zaspokajania zmieniaj\u0105cych si\u0119 potrzeb spo\u0142ecze\u0144stwa, w tym ochrony \u015brodowiska, poprzez innowacyjne technologie i us\u0142ugi. MOL promuje warto\u015bci okre\u015blone w <a href=\"https:\/\/www.mol.co.jp\/en\/sustainability\/human\/mol-chart\/\" target=\"_blank\" rel=\"noopener\">\"MOL CHARTS\"<\/a> oraz dzia\u0142a na rzecz zr\u00f3wnowa\u017conego rozwoju zgodnie z \"Planem zr\u00f3wnowa\u017conego rozwoju MOL\". <a href=\"https:\/\/www.mol.co.jp\/en\/sustainability\/\" target=\"_blank\" rel=\"noopener\">\"Plan zr\u00f3wnowa\u017conego rozwoju MOL\"<\/a>.<\/p>\t\t\t\t\t\t\t\t<\/div>\n\t\t\t\t\t<\/div>\n\t\t<\/div>\n\t\t\t\t\t<\/div>\n\t\t<\/section>\n\t\t\t\t<\/div>","protected":false},"excerpt":{"rendered":"<p>Strona g\u0142\u00f3wna O MOL Logistics Sie\u0107 Grupy MOL Logistics Rozleg\u0142e sieci na ca\u0142ym \u015bwiecie zapewniaj\u0105 kompleksowe, zorientowane na klienta us\u0142ugi logistyczne. Rozwin\u0119li\u015bmy i rozszerzyli\u015bmy nasze sieci na skal\u0119 globaln\u0105 i oferujemy wysokiej jako\u015bci us\u0142ugi na ca\u0142ym \u015bwiecie. Nasza sie\u0107 i zasady dzia\u0142ania Region EMEA MOL Logistics jest cz\u0119\u015bci\u0105 Grupy MOL Logistics, z siedzib\u0105 [...]<\/p>","protected":false},"author":1,"featured_media":4082,"parent":2298,"menu_order":0,"comment_status":"closed","ping_status":"closed","template":"","meta":{"_acf_changed":false,"footnotes":""},"class_list":["post-3852","page","type-page","status-publish","has-post-thumbnail","hentry"],"acf":[],"_links":{"self":[{"href":"https:\/\/mol-logistics.eu\/pl\/wp-json\/wp\/v2\/pages\/3852","targetHints":{"allow":["GET"]}}],"collection":[{"href":"https:\/\/mol-logistics.eu\/pl\/wp-json\/wp\/v2\/pages"}],"about":[{"href":"https:\/\/mol-logistics.eu\/pl\/wp-json\/wp\/v2\/types\/page"}],"author":[{"embeddable":true,"href":"https:\/\/mol-logistics.eu\/pl\/wp-json\/wp\/v2\/users\/1"}],"replies":[{"embeddable":true,"href":"https:\/\/mol-logistics.eu\/pl\/wp-json\/wp\/v2\/comments?post=3852"}],"version-history":[{"count":5,"href":"https:\/\/mol-logistics.eu\/pl\/wp-json\/wp\/v2\/pages\/3852\/revisions"}],"predecessor-version":[{"id":14777,"href":"https:\/\/mol-logistics.eu\/pl\/wp-json\/wp\/v2\/pages\/3852\/revisions\/14777"}],"up":[{"embeddable":true,"href":"https:\/\/mol-logistics.eu\/pl\/wp-json\/wp\/v2\/pages\/2298"}],"wp:featuredmedia":[{"embeddable":true,"href":"https:\/\/mol-logistics.eu\/pl\/wp-json\/wp\/v2\/media\/4082"}],"wp:attachment":[{"href":"https:\/\/mol-logistics.eu\/pl\/wp-json\/wp\/v2\/media?parent=3852"}],"curies":[{"name":"wp","href":"https:\/\/api.w.org\/{rel}","templated":true}]}}