{"id":4593,"date":"2023-09-11T11:40:16","date_gmt":"2023-09-11T11:40:16","guid":{"rendered":"https:\/\/mol-logistics.eu\/?page_id=4593"},"modified":"2023-09-11T11:40:35","modified_gmt":"2023-09-11T11:40:35","slug":"polityka-cookies-2","status":"publish","type":"page","link":"https:\/\/mol-logistics.eu\/pl\/polityka-cookies-2\/","title":{"rendered":"Polityka dotycz\u0105ca plik\u00f3w cookie"},"content":{"rendered":"<p><em>Niniejsza Polityka dotycz\u0105ca plik\u00f3w cookie zosta\u0142a ostatnio zaktualizowana 28 marca 2022 r. i ma zastosowanie do obywateli i legalnych sta\u0142ych mieszka\u0144c\u00f3w Europejskiego Obszaru Gospodarczego i Szwajcarii.<\/em><\/p>\n\n\n\n<h2 class=\"wp-block-heading\">1. Wprowadzenie<\/h2>\n\n\n\n<p>Nasza strona internetowa,&nbsp;<a href=\"https:\/\/mol-logistics.holding-emea.com\/\" target=\"_blank\" rel=\"noopener\">https:\/\/mol-logistics.holding-emea.com<\/a>&nbsp;(dalej: \"strona internetowa\") wykorzystuje pliki cookie i inne powi\u0105zane technologie (dla wygody wszystkie technologie s\u0105 okre\u015blane jako \"pliki cookie\"). Pliki cookie s\u0105 r\u00f3wnie\u017c umieszczane przez zaanga\u017cowane przez nas strony trzecie. W poni\u017cszym dokumencie informujemy o korzystaniu z plik\u00f3w cookie na naszej stronie internetowej.<\/p>\n\n\n\n<h2 class=\"wp-block-heading\">2. Czym s\u0105 pliki cookie?<\/h2>\n\n\n\n<p>Plik cookie to ma\u0142y, prosty plik, kt\u00f3ry jest wysy\u0142any wraz ze stronami tej witryny i przechowywany przez przegl\u0105dark\u0119 na dysku twardym komputera lub innego urz\u0105dzenia. Przechowywane w nim informacje mog\u0105 zosta\u0107 zwr\u00f3cone na nasze serwery lub serwery odpowiednich stron trzecich podczas kolejnej wizyty.<\/p>\n\n\n\n<h2 class=\"wp-block-heading\">3. Czym s\u0105 skrypty?<\/h2>\n\n\n\n<p>Skrypt to fragment kodu programu, kt\u00f3ry jest u\u017cywany do prawid\u0142owego i interaktywnego dzia\u0142ania naszej witryny. Kod ten jest wykonywany na naszym serwerze lub na urz\u0105dzeniu u\u017cytkownika.<\/p>\n\n\n\n<h2 class=\"wp-block-heading\">4. Co to jest sygnalizator internetowy?<\/h2>\n\n\n\n<p>Web beacon (lub znacznik pikselowy) to ma\u0142y, niewidoczny fragment tekstu lub obrazu na stronie internetowej, kt\u00f3ry s\u0142u\u017cy do monitorowania ruchu na stronie internetowej. W tym celu r\u00f3\u017cne dane o u\u017cytkowniku s\u0105 przechowywane za pomoc\u0105 sygna\u0142\u00f3w nawigacyjnych.<\/p>\n\n\n\n<h2 class=\"wp-block-heading\">5. Pliki cookie<\/h2>\n\n\n\n<p>5.1 Techniczne lub funkcjonalne pliki cookie<\/p>\n\n\n\n<p>Niekt\u00f3re pliki cookie zapewniaj\u0105 prawid\u0142owe dzia\u0142anie niekt\u00f3rych cz\u0119\u015bci witryny internetowej i zachowanie preferencji u\u017cytkownika. Umieszczaj\u0105c funkcjonalne pliki cookie, u\u0142atwiamy odwiedzanie naszej witryny. W ten spos\u00f3b nie trzeba wielokrotnie wprowadza\u0107 tych samych informacji podczas odwiedzania naszej witryny, a na przyk\u0142ad produkty pozostaj\u0105 w koszyku do momentu zap\u0142aty. Mo\u017cemy umieszcza\u0107 te pliki cookie bez zgody u\u017cytkownika.<\/p>\n\n\n\n<p>5.2 Statystyczne pliki cookie<\/p>\n\n\n\n<p>U\u017cywamy statystycznych plik\u00f3w cookie, aby zoptymalizowa\u0107 korzystanie z witryny przez naszych u\u017cytkownik\u00f3w. Dzi\u0119ki tym statystycznym plikom cookie uzyskujemy wgl\u0105d w korzystanie z naszej witryny. Prosimy o zgod\u0119 na umieszczanie statystycznych plik\u00f3w cookie.<\/p>\n\n\n\n<p>5.3 Marketingowe\/\u015bledz\u0105ce pliki cookie<\/p>\n\n\n\n<p>Marketingowe\/\u015bledz\u0105ce pliki cookie to pliki cookie lub inne formy lokalnego przechowywania danych, wykorzystywane do tworzenia profili u\u017cytkownik\u00f3w w celu wy\u015bwietlania reklam lub \u015bledzenia u\u017cytkownika na tej stronie internetowej lub na kilku stronach internetowych w podobnych celach marketingowych.<\/p>\n\n\n\n<h2 class=\"wp-block-heading\">6. Umieszczone pliki cookie<\/h2>\n\n\n\n<script id=\"CookieDeclaration\" src=\"https:\/\/consent.cookiebot.com\/4d2739cb-fd96-431c-aa7f-2380bd0795e4\/cd.js\" type=\"text\/javascript\" async><\/script>\n\n\n\n<h2 class=\"wp-block-heading\">8. W\u0142\u0105czanie\/wy\u0142\u0105czanie i usuwanie plik\u00f3w cookie<\/h2>\n\n\n\n<p>Za pomoc\u0105 przegl\u0105darki internetowej mo\u017cna automatycznie lub r\u0119cznie usuwa\u0107 pliki cookie. Mo\u017cna r\u00f3wnie\u017c okre\u015bli\u0107, \u017ce niekt\u00f3re pliki cookie nie mog\u0105 by\u0107 umieszczane. Inn\u0105 opcj\u0105 jest zmiana ustawie\u0144 przegl\u0105darki internetowej w taki spos\u00f3b, aby u\u017cytkownik otrzymywa\u0142 komunikat za ka\u017cdym razem, gdy plik cookie zostanie umieszczony. Aby uzyska\u0107 wi\u0119cej informacji na temat tych opcji, nale\u017cy zapozna\u0107 si\u0119 z instrukcjami w sekcji pomocy przegl\u0105darki.<\/p>\n\n\n\n<p>Nale\u017cy pami\u0119ta\u0107, \u017ce nasza strona internetowa mo\u017ce nie dzia\u0142a\u0107 poprawnie, je\u015bli wszystkie pliki cookie s\u0105 wy\u0142\u0105czone. Je\u015bli usuniesz pliki cookie w swojej przegl\u0105darce, zostan\u0105 one ponownie umieszczone po uzyskaniu Twojej zgody, gdy ponownie odwiedzisz nasz\u0105 witryn\u0119.<\/p>\n\n\n\n<h2 class=\"wp-block-heading\">9. Prawa u\u017cytkownika w odniesieniu do danych osobowych<\/h2>\n\n\n\n<p>U\u017cytkownikowi przys\u0142uguj\u0105 nast\u0119puj\u0105ce prawa w odniesieniu do jego danych osobowych:<\/p>\n\n\n\n<ul class=\"wp-block-list\">\n<li>U\u017cytkownik ma prawo wiedzie\u0107, dlaczego jego dane osobowe s\u0105 potrzebne, co si\u0119 z nimi stanie i jak d\u0142ugo b\u0119d\u0105 przechowywane.<\/li>\n\n\n\n<li>Prawo dost\u0119pu: U\u017cytkownik ma prawo dost\u0119pu do swoich danych osobowych, kt\u00f3re s\u0105 nam znane.<\/li>\n\n\n\n<li>Prawo do sprostowania: u\u017cytkownik ma prawo do uzupe\u0142nienia, poprawienia, usuni\u0119cia lub zablokowania swoich danych osobowych w dowolnym momencie.<\/li>\n\n\n\n<li>Je\u015bli u\u017cytkownik wyrazi zgod\u0119 na przetwarzanie swoich danych, ma prawo do cofni\u0119cia tej zgody i usuni\u0119cia swoich danych osobowych.<\/li>\n\n\n\n<li>Prawo do przenoszenia danych: u\u017cytkownik ma prawo za\u017c\u0105da\u0107 od administratora wszystkich swoich danych osobowych i przekaza\u0107 je w ca\u0142o\u015bci innemu administratorowi.<\/li>\n\n\n\n<li>Prawo do sprzeciwu: u\u017cytkownik mo\u017ce sprzeciwi\u0107 si\u0119 przetwarzaniu jego danych. Przestrzegamy tego, chyba \u017ce istniej\u0105 uzasadnione podstawy do przetwarzania.<\/li>\n<\/ul>\n\n\n\n<p>Aby skorzysta\u0107 z tych praw, nale\u017cy skontaktowa\u0107 si\u0119 z nami. Dane kontaktowe znajduj\u0105 si\u0119 na dole niniejszej Polityki dotycz\u0105cej plik\u00f3w cookie. Je\u015bli masz skarg\u0119 dotycz\u0105c\u0105 sposobu, w jaki obchodzimy si\u0119 z Twoimi danymi, chcieliby\u015bmy us\u0142ysze\u0107 od Ciebie, ale masz r\u00f3wnie\u017c prawo do z\u0142o\u017cenia skargi do organu nadzorczego (Urz\u0119du Ochrony Danych Osobowych).<\/p>\n\n\n\n<h2 class=\"wp-block-heading\">10. Dane kontaktowe<\/h2>\n\n\n\n<p>W przypadku pyta\u0144 i\/lub komentarzy dotycz\u0105cych naszej Polityki plik\u00f3w cookie i niniejszego o\u015bwiadczenia, prosimy o kontakt z nami przy u\u017cyciu nast\u0119puj\u0105cych danych kontaktowych:<\/p>\n\n\n\n<p>MOL Logistics Holding EMEA<br>Siriusstraat 455015BT Tilburg<br>Holandia<br>Strona internetowa:\u00a0<a href=\"https:\/\/mol-logistics.holding-emea.com\/\" target=\"_blank\" rel=\"noopener\">https:\/\/mol-logistics.holding-emea.com<\/a><br>E-mail: info@mol-logistics.eu<br>Numer telefonu: 013 - 5373 373<\/p>\n\n\n\n<p>Niniejsza Polityka dotycz\u0105ca plik\u00f3w cookie zosta\u0142a zsynchronizowana z&nbsp;<a href=\"https:\/\/cookiedatabase.org\/\" target=\"_blank\" rel=\"noreferrer noopener\">cookiedatabase.org<\/a>&nbsp;w dniu 7 wrze\u015bnia 2023 roku.<\/p>","protected":false},"excerpt":{"rendered":"<p>Niniejsza Polityka dotycz\u0105ca plik\u00f3w cookie zosta\u0142a ostatnio zaktualizowana 28 marca 2022 r. i ma zastosowanie do obywateli i legalnych sta\u0142ych mieszka\u0144c\u00f3w Europejskiego Obszaru Gospodarczego i Szwajcarii. 1. Wprowadzenie Nasza strona internetowa https:\/\/mol-logistics.holding-emea.com (zwana dalej \"stron\u0105 internetow\u0105\") wykorzystuje pliki cookie i inne powi\u0105zane technologie (dla wygody wszystkie technologie s\u0105 okre\u015blane jako \"pliki cookie\"). Pliki cookie s\u0105 r\u00f3wnie\u017c umieszczane przez strony trzecie, kt\u00f3re [...]<\/p>","protected":false},"author":1,"featured_media":0,"parent":0,"menu_order":0,"comment_status":"closed","ping_status":"closed","template":"","meta":{"_acf_changed":false,"footnotes":""},"class_list":["post-4593","page","type-page","status-publish","hentry"],"acf":[],"_links":{"self":[{"href":"https:\/\/mol-logistics.eu\/pl\/wp-json\/wp\/v2\/pages\/4593","targetHints":{"allow":["GET"]}}],"collection":[{"href":"https:\/\/mol-logistics.eu\/pl\/wp-json\/wp\/v2\/pages"}],"about":[{"href":"https:\/\/mol-logistics.eu\/pl\/wp-json\/wp\/v2\/types\/page"}],"author":[{"embeddable":true,"href":"https:\/\/mol-logistics.eu\/pl\/wp-json\/wp\/v2\/users\/1"}],"replies":[{"embeddable":true,"href":"https:\/\/mol-logistics.eu\/pl\/wp-json\/wp\/v2\/comments?post=4593"}],"version-history":[{"count":3,"href":"https:\/\/mol-logistics.eu\/pl\/wp-json\/wp\/v2\/pages\/4593\/revisions"}],"predecessor-version":[{"id":4597,"href":"https:\/\/mol-logistics.eu\/pl\/wp-json\/wp\/v2\/pages\/4593\/revisions\/4597"}],"wp:attachment":[{"href":"https:\/\/mol-logistics.eu\/pl\/wp-json\/wp\/v2\/media?parent=4593"}],"curies":[{"name":"wp","href":"https:\/\/api.w.org\/{rel}","templated":true}]}}